{"id":6934,"date":"2021-05-01T14:42:32","date_gmt":"2021-05-01T12:42:32","guid":{"rendered":"https:\/\/irrecams.de\/?post_type=product&#038;p=6934"},"modified":"2025-11-08T12:56:25","modified_gmt":"2025-11-08T11:56:25","slug":"conversion-astro-nikon-formato-completo","status":"publish","type":"product","link":"https:\/\/irrecams.de\/es\/tienda\/conversion-astro-nikon-formato-completo\/","title":{"rendered":"Conversi\u00f3n astro Nikon full frame"},"content":{"rendered":"<p><strong>ATENCI\u00d3N:<\/strong> Las c\u00e1maras marcadas con dos ** disponen de un LED infrarrojo interno. La luz par\u00e1sita de este LED puede ser visible en la imagen como un reflejo de luz con tiempos de exposici\u00f3n largos y\/o condiciones de iluminaci\u00f3n oscuras. Las c\u00e1maras deben funcionar siempre de noche con el obturador electr\u00f3nico de modo que el LED est\u00e9 apagado. Esto puede influir en el comportamiento del ruido o en el tiempo m\u00e1ximo de exposici\u00f3n disponible.<\/p>\n<p><strong>Nota D780:<\/strong> Este modelo tiene un LED, pero es extremadamente d\u00e9bil y s\u00f3lo es relevante para el modo astro. La luz par\u00e1sita puede obviarse por completo disparando la c\u00e1mara en modo LiveView y activando la opci\u00f3n \"Disparo silencioso\" del men\u00fa.<\/p>\n<p><strong>Nota:<\/strong> En las c\u00e1maras con *, la funci\u00f3n de limpieza autom\u00e1tica del sensor se pierde durante la conversi\u00f3n. Tras la conversi\u00f3n, el sensor puede limpiarse en seco (por ejemplo, con aire comprimido) o en h\u00famedo (por ejemplo, con bastoncillos) como de costumbre. Pueden utilizarse todos los preparados y m\u00e9todos disponibles en el mercado para la limpieza de sensores.<\/p>","protected":false},"excerpt":{"rendered":"<p>Servicio de conversi\u00f3n Astro para su c\u00e1mara.<\/p>\n<p>\u00bfNo est\u00e1 seguro de los detalles o de la elecci\u00f3n del filtro? Escr\u00edbame <a href=\"https:\/\/irrecams.de\/es\/umbauservice\/consulta\/\">un mensaje no vinculante<\/a> o leer el <a href=\"http:\/\/irrecams.de\/es\/filtros-astro-fotografiar-estrellas-de-noche-con-camaras-modificadas\/\" target=\"_blank\" rel=\"noopener\">P\u00e1gina Astro<\/a>.<\/p>","protected":false},"featured_media":12401,"template":"","meta":[],"product_brand":[],"product_cat":[502],"product_tag":[],"class_list":{"0":"post-6934","1":"product","2":"type-product","3":"status-publish","4":"has-post-thumbnail","6":"product_cat-astro-kamera-umbau-service","7":"product_shipping_class-umbau","9":"first","10":"instock","11":"taxable","12":"shipping-taxable","13":"purchasable","14":"product-type-variable"},"_links":{"self":[{"href":"https:\/\/irrecams.de\/es\/wp-json\/wp\/v2\/product\/6934","targetHints":{"allow":["GET"]}}],"collection":[{"href":"https:\/\/irrecams.de\/es\/wp-json\/wp\/v2\/product"}],"about":[{"href":"https:\/\/irrecams.de\/es\/wp-json\/wp\/v2\/types\/product"}],"wp:featuredmedia":[{"embeddable":true,"href":"https:\/\/irrecams.de\/es\/wp-json\/wp\/v2\/media\/12401"}],"wp:attachment":[{"href":"https:\/\/irrecams.de\/es\/wp-json\/wp\/v2\/media?parent=6934"}],"wp:term":[{"taxonomy":"product_brand","embeddable":true,"href":"https:\/\/irrecams.de\/es\/wp-json\/wp\/v2\/product_brand?post=6934"},{"taxonomy":"product_cat","embeddable":true,"href":"https:\/\/irrecams.de\/es\/wp-json\/wp\/v2\/product_cat?post=6934"},{"taxonomy":"product_tag","embeddable":true,"href":"https:\/\/irrecams.de\/es\/wp-json\/wp\/v2\/product_tag?post=6934"}],"curies":[{"name":"wp","href":"https:\/\/api.w.org\/{rel}","templated":true}]}}