{"id":8574,"date":"2022-09-04T08:22:25","date_gmt":"2022-09-04T06:22:25","guid":{"rendered":"https:\/\/irrecams.de\/?post_type=product&#038;p=8574"},"modified":"2025-11-08T13:03:32","modified_gmt":"2025-11-08T12:03:32","slug":"conversion-astro-fujifilm-formato-medio","status":"publish","type":"product","link":"https:\/\/irrecams.de\/es\/tienda\/conversion-astro-fujifilm-formato-medio\/","title":{"rendered":"Conversi\u00f3n astro Fujifilm formato medio"},"content":{"rendered":"","protected":false},"excerpt":{"rendered":"<p>Servicio de conversi\u00f3n Astro para su c\u00e1mara.<\/p>\n<p>\u00bfNo est\u00e1 seguro de los detalles o de la elecci\u00f3n del filtro? Escr\u00edbanos <a href=\"https:\/\/irrecams.de\/es\/umbauservice\/consulta\/\">un mensaje no vinculante<\/a> o leer el <a href=\"http:\/\/irrecams.de\/es\/filtros-astro-fotografiar-estrellas-de-noche-con-camaras-modificadas\/\" target=\"_blank\" rel=\"noopener\">P\u00e1gina Astro<\/a>.<\/p>","protected":false},"featured_media":12398,"template":"","meta":[],"product_brand":[],"product_cat":[502],"product_tag":[],"class_list":{"0":"post-8574","1":"product","2":"type-product","3":"status-publish","4":"has-post-thumbnail","6":"product_cat-astro-kamera-umbau-service","7":"product_shipping_class-umbau","9":"first","10":"instock","11":"taxable","12":"shipping-taxable","13":"purchasable","14":"product-type-variable"},"_links":{"self":[{"href":"https:\/\/irrecams.de\/es\/wp-json\/wp\/v2\/product\/8574","targetHints":{"allow":["GET"]}}],"collection":[{"href":"https:\/\/irrecams.de\/es\/wp-json\/wp\/v2\/product"}],"about":[{"href":"https:\/\/irrecams.de\/es\/wp-json\/wp\/v2\/types\/product"}],"wp:featuredmedia":[{"embeddable":true,"href":"https:\/\/irrecams.de\/es\/wp-json\/wp\/v2\/media\/12398"}],"wp:attachment":[{"href":"https:\/\/irrecams.de\/es\/wp-json\/wp\/v2\/media?parent=8574"}],"wp:term":[{"taxonomy":"product_brand","embeddable":true,"href":"https:\/\/irrecams.de\/es\/wp-json\/wp\/v2\/product_brand?post=8574"},{"taxonomy":"product_cat","embeddable":true,"href":"https:\/\/irrecams.de\/es\/wp-json\/wp\/v2\/product_cat?post=8574"},{"taxonomy":"product_tag","embeddable":true,"href":"https:\/\/irrecams.de\/es\/wp-json\/wp\/v2\/product_tag?post=8574"}],"curies":[{"name":"wp","href":"https:\/\/api.w.org\/{rel}","templated":true}]}}