{"id":8821,"date":"2022-10-02T17:51:51","date_gmt":"2022-10-02T15:51:51","guid":{"rendered":"https:\/\/irrecams.de\/?post_type=product&#038;p=8821"},"modified":"2026-02-01T00:36:11","modified_gmt":"2026-01-31T23:36:11","slug":"tarjeta-blanca-para-balance-de-blancos-ir","status":"publish","type":"product","link":"https:\/\/irrecams.de\/es\/tienda\/tarjeta-blanca-para-balance-de-blancos-ir\/","title":{"rendered":"WhiteCard para balance de blancos IR"},"content":{"rendered":"<p>Un buen balance de blancos es el primer paso hacia una buena fotograf\u00eda infrarroja, y no s\u00f3lo para las im\u00e1genes infrarrojas en color, sino tambi\u00e9n para las im\u00e1genes en blanco y negro. Un objeto de referencia neutro vale su peso en oro para poder ajustar el balance de blancos con precisi\u00f3n. Por desgracia, no siempre se tiene la suerte de encontrar algo as\u00ed en la foto. Llevar una gran tarjeta gris o una costosa carta de colores de referencia suele ser poco pr\u00e1ctico.<\/p>\n<p>La WhiteCard en formato de tarjeta cheque est\u00e1 siempre contigo (se acabaron las excusas). Es peque\u00f1a y cabe en cualquier cartera, mochila fotogr\u00e1fica o bolsillo del pantal\u00f3n. En el orificio integrado se puede enganchar un llavero o un cord\u00f3n para que no se pierda.<\/p>\n<p>La peque\u00f1a tarjeta de PVC tiene un revestimiento mate, por lo que ayuda a encontrar un buen balance de blancos en cualquier situaci\u00f3n de iluminaci\u00f3n. La WhiteCard es impermeable y lavable. El suave material de PVC la hace muy flexible y pr\u00e1cticamente irrompible.<\/p>","protected":false},"excerpt":{"rendered":"<p>Tarjeta de PVC con revestimiento mate: una tarjeta de saldo blanco flexible e impermeable en formato de tarjeta cheque<\/p>","protected":false},"featured_media":8825,"template":"","meta":[],"product_brand":[],"product_cat":[264,1234],"product_tag":[],"class_list":{"0":"post-8821","1":"product","2":"type-product","3":"status-publish","4":"has-post-thumbnail","6":"product_cat-infrarot-schraub-filter","7":"product_cat-zubehoer","8":"product_shipping_class-postkarten","10":"first","11":"instock","12":"taxable","13":"shipping-taxable","14":"purchasable","15":"product-type-simple"},"_links":{"self":[{"href":"https:\/\/irrecams.de\/es\/wp-json\/wp\/v2\/product\/8821","targetHints":{"allow":["GET"]}}],"collection":[{"href":"https:\/\/irrecams.de\/es\/wp-json\/wp\/v2\/product"}],"about":[{"href":"https:\/\/irrecams.de\/es\/wp-json\/wp\/v2\/types\/product"}],"wp:featuredmedia":[{"embeddable":true,"href":"https:\/\/irrecams.de\/es\/wp-json\/wp\/v2\/media\/8825"}],"wp:attachment":[{"href":"https:\/\/irrecams.de\/es\/wp-json\/wp\/v2\/media?parent=8821"}],"wp:term":[{"taxonomy":"product_brand","embeddable":true,"href":"https:\/\/irrecams.de\/es\/wp-json\/wp\/v2\/product_brand?post=8821"},{"taxonomy":"product_cat","embeddable":true,"href":"https:\/\/irrecams.de\/es\/wp-json\/wp\/v2\/product_cat?post=8821"},{"taxonomy":"product_tag","embeddable":true,"href":"https:\/\/irrecams.de\/es\/wp-json\/wp\/v2\/product_tag?post=8821"}],"curies":[{"name":"wp","href":"https:\/\/api.w.org\/{rel}","templated":true}]}}