{"id":100,"date":"2015-01-07T18:04:53","date_gmt":"2015-01-07T17:04:53","guid":{"rendered":"http:\/\/wp10590344.server-he.de\/irrecams2\/?page_id=100"},"modified":"2025-03-02T00:02:53","modified_gmt":"2025-03-01T23:02:53","slug":"information-sur-le-droit-de-retractation","status":"publish","type":"page","link":"https:\/\/irrecams.de\/fr\/information-sur-le-droit-de-retractation\/","title":{"rendered":"Information sur le droit de r\u00e9tractation"},"content":{"rendered":"<p>Vous pouvez consulter les informations sur le droit de r\u00e9tractation <a href=\"https:\/\/irrecams.de\/wp-content\/uploads\/2024\/07\/Widerrufsbelehrung_EN_2.pdf\" target=\"_blank\" data-type=\"attachment\" data-id=\"12251\" rel=\"noreferrer noopener\">t\u00e9l\u00e9charger ici en PDF<\/a>.<\/p>\n\n\n\n<h3 class=\"wp-block-heading\">I. Information sur le droit de r\u00e9tractation Marchandises<\/h3>\n\n\n\n<p>Les consommateurs disposent d'un droit de r\u00e9tractation de quatorze jours.<\/p>\n\n\n\n<p><strong>Droit de r\u00e9tractation<\/strong><br>Vous avez le droit de vous r\u00e9tracter du pr\u00e9sent contrat sans donner de motif dans un d\u00e9lai de quatorze jours. Le d\u00e9lai de r\u00e9tractation est de quatorze jours \u00e0 compter de la date \u00e0 laquelle vous, ou un tiers autre que le transporteur et d\u00e9sign\u00e9 par vous, avez pris possession des marchandises.<\/p>\n\n\n\n<p>Pour exercer votre droit de r\u00e9tractation, vous devez nous informer (Sven Lamprecht, Moorberg 8c, 18573 Dreschvitz, Allemagne, info@IRreCams.de, T\u00e9l\u00e9phone : (+49) 038306 639 817, Mobile : (+49) 0151 5 48 48 914) de votre d\u00e9cision de vous r\u00e9tracter du pr\u00e9sent contrat au moyen d'une d\u00e9claration d\u00e9nu\u00e9e d'ambigu\u00eft\u00e9 (par ex. une lettre envoy\u00e9e par la poste ou un e-mail). Vous pouvez utiliser \u00e0 cet effet le mod\u00e8le de formulaire de r\u00e9tractation ci-joint, qui n'est toutefois pas obligatoire.<\/p>\n\n\n\n<p>Pour que le d\u00e9lai de r\u00e9tractation soit respect\u00e9, il suffit que vous envoyiez la communication relative \u00e0 l'exercice du droit de r\u00e9tractation avant l'expiration du d\u00e9lai de r\u00e9tractation.<\/p>\n\n\n\n<p><strong>Cons\u00e9quences de la r\u00e9vocation<\/strong><\/p>\n\n\n\n<p>En cas de r\u00e9tractation du pr\u00e9sent contrat, nous vous rembourserons tous les paiements re\u00e7us de vous, y compris les frais de livraison (\u00e0 l'exception des frais suppl\u00e9mentaires d\u00e9coulant du fait que vous avez choisi un mode de livraison autre que le mode moins co\u00fbteux de livraison standard propos\u00e9 par nous), sans retard excessif et au plus tard quatorze jours \u00e0 compter de la date \u00e0 laquelle nous aurons \u00e9t\u00e9 inform\u00e9s de votre d\u00e9cision de r\u00e9tractation du pr\u00e9sent contrat. Pour ce remboursement, nous utilisons le m\u00eame moyen de paiement que celui que vous avez utilis\u00e9 pour la transaction initiale, \u00e0 moins qu'il n'en ait \u00e9t\u00e9 express\u00e9ment convenu autrement avec vous ; en aucun cas, des frais ne vous seront factur\u00e9s pour ce remboursement. Nous pouvons refuser le remboursement jusqu'\u00e0 ce que nous ayons r\u00e9cup\u00e9r\u00e9 les marchandises ou jusqu'\u00e0 ce que vous ayez fourni la preuve que vous avez renvoy\u00e9 les marchandises, la date retenue \u00e9tant celle du premier de ces faits.<\/p>\n\n\n\n<p>Vous devez nous renvoyer ou nous remettre les biens sans retard excessif et, en tout \u00e9tat de cause, au plus tard quatorze jours \u00e0 compter du jour o\u00f9 vous nous informez de votre d\u00e9cision de r\u00e9tractation du pr\u00e9sent contrat. Le d\u00e9lai est respect\u00e9 si vous renvoyez les marchandises avant l'expiration du d\u00e9lai de quatorze jours. Les frais de renvoi des marchandises sont \u00e0 notre charge. Vous ne devez prendre en charge une \u00e9ventuelle perte de valeur des marchandises que si cette perte de valeur est due \u00e0 une manipulation des marchandises qui n'est pas n\u00e9cessaire pour v\u00e9rifier leur nature, leurs caract\u00e9ristiques et leur fonctionnement.<\/p>\n\n\n\n<figure class=\"wp-block-table\"><table><tbody><tr><td><strong>Mod\u00e8le de formulaire de r\u00e9tractation<\/strong><br><br><em>(Si vous souhaitez vous r\u00e9tracter, veuillez remplir et renvoyer ce formulaire).<\/em><br><br> - A Sven Lamprecht, Moorberg 8c, 18573 Dreschvitz, Allemagne, info@IRreCams.de<br><br> - Par la pr\u00e9sente, je\/nous (*) r\u00e9voque(ons) le contrat que j'ai\/nous avons (*) conclu pour l'achat des marchandises suivantes (*)\/la fourniture du service suivant (*)<br><br> - Command\u00e9 le (*)\/re\u00e7u le (*)<br><br> - Nom du\/des consommateur(s)<br><br> - Adresse du\/des consommateur(s)<br><br><br> - Signature du\/des consommateur(s) (uniquement en cas de communication sur papier)<br><br> - Date<br><br><em>(*) Biffer la mention inutile.<\/em><\/td><\/tr><\/tbody><\/table><\/figure>\n\n\n\n<p>Sans pr\u00e9judice de vos droits l\u00e9gaux, nous vous fournissons gratuitement des \u00e9tiquettes de retour pour vos retours. L'\u00e9tiquette de retour vous sera envoy\u00e9e par e-mail. Vous pouvez d\u00e9poser le retour dans un magasin de colis du fournisseur concern\u00e9 dans votre pays.<\/p>\n\n\n\n<h3 class=\"wp-block-heading\">II. Information sur le droit de r\u00e9tractation concernant les services<\/h3>\n\n\n\n<p><strong>Droit de r\u00e9tractation<\/strong><br>Vous avez le droit de vous r\u00e9tracter du pr\u00e9sent contrat sans donner de motif dans un d\u00e9lai de quatorze jours. Le d\u00e9lai de r\u00e9tractation est de quatorze jours \u00e0 compter de la date de conclusion du contrat.<\/p>\n\n\n\n<p>Pour exercer votre droit de r\u00e9tractation, vous devez nous informer (Sven Lamprecht, Moorberg 8c, 18573 Dreschvitz, Allemagne, info@IRreCams.de, t\u00e9l\u00e9phone : (+49) 038306 639 817, portable : (+49) 0151 5 48 48 914) de votre d\u00e9cision de vous r\u00e9tracter du pr\u00e9sent contrat au moyen d'une d\u00e9claration d\u00e9nu\u00e9e d'ambigu\u00eft\u00e9 (par ex. lettre envoy\u00e9e par la poste, t\u00e9l\u00e9copie ou courrier \u00e9lectronique). Vous pouvez utiliser \u00e0 cet effet le mod\u00e8le de formulaire de r\u00e9tractation ci-joint, qui n'est toutefois pas obligatoire.<\/p>\n\n\n\n<p>Pour que le d\u00e9lai de r\u00e9tractation soit respect\u00e9, il suffit que vous envoyiez la communication relative \u00e0 l'exercice du droit de r\u00e9tractation avant l'expiration du d\u00e9lai de r\u00e9tractation.<\/p>\n\n\n\n<p><strong>Cons\u00e9quences de la r\u00e9vocation<\/strong><\/p>\n\n\n\n<p>En cas de r\u00e9tractation du pr\u00e9sent contrat, nous vous rembourserons tous les paiements re\u00e7us de vous, y compris les frais de livraison (\u00e0 l'exception des frais suppl\u00e9mentaires d\u00e9coulant du fait que vous avez choisi un mode de livraison autre que le mode moins co\u00fbteux de livraison standard propos\u00e9 par nous), sans retard excessif et au plus tard quatorze jours \u00e0 compter de la date \u00e0 laquelle nous aurons \u00e9t\u00e9 inform\u00e9s de votre d\u00e9cision de r\u00e9tractation du pr\u00e9sent contrat. Pour ce remboursement, nous utilisons le m\u00eame moyen de paiement que celui que vous avez utilis\u00e9 pour la transaction initiale, \u00e0 moins qu'il n'en ait \u00e9t\u00e9 express\u00e9ment convenu autrement avec vous ; en aucun cas, des frais ne vous seront factur\u00e9s pour ce remboursement.<\/p>\n\n\n\n<p>Si vous avez demand\u00e9 que les services commencent pendant le d\u00e9lai de r\u00e9tractation, vous devez nous payer un montant raisonnable correspondant \u00e0 la part des services d\u00e9j\u00e0 fournis au moment o\u00f9 vous nous informez de l'exercice du droit de r\u00e9tractation concernant le pr\u00e9sent contrat par rapport \u00e0 l'ensemble des services pr\u00e9vus dans le contrat.<\/p>\n\n\n\n<figure class=\"wp-block-table\"><table><tbody><tr><td><strong>Mod\u00e8le de formulaire de r\u00e9tractation<\/strong><br><br><em>(Si vous souhaitez vous r\u00e9tracter, veuillez remplir et renvoyer ce formulaire).<\/em><br><br> - A Sven Lamprecht, Moorberg 8c, 18573 Dreschvitz, Allemagne, info@IRreCams.de<br><br> - Par la pr\u00e9sente, je\/nous (*) r\u00e9voque(ons) le contrat que j'ai\/nous avons (*) conclu pour l'achat des marchandises suivantes (*)\/la fourniture du service suivant (*)<br><br> - Command\u00e9 le (*)\/re\u00e7u le (*)<br><br> - Nom du\/des consommateur(s)<br><br> - Adresse du\/des consommateur(s)<br><br><br> - Signature du\/des consommateur(s) (uniquement en cas de communication sur papier)<br><br> - Date<br><br><em>(*) Biffer la mention inutile.<\/em><\/td><\/tr><\/tbody><\/table><\/figure>","protected":false},"excerpt":{"rendered":"<p>Sie k\u00f6nnen die Widerrufsbelehrung hier als PDF herunterladen. I. Widerrufsbelehrung Waren Verbraucher haben ein vierzehnt\u00e4giges Widerrufsrecht. WiderrufsrechtSie haben das Recht, binnen vierzehn Tagen ohne Angabe von Gr\u00fcnden diesen Vertrag zu widerrufen. Die Widerrufsfrist betr\u00e4gt vierzehn Tage ab dem Tag , an dem Sie oder ein von Ihnen benannter Dritter, der nicht der Bef\u00f6rderer ist, die [&hellip;]<\/p>\n","protected":false},"author":1,"featured_media":0,"parent":0,"menu_order":93,"comment_status":"closed","ping_status":"closed","template":"","meta":{"footnotes":""},"class_list":["post-100","page","type-page","status-publish","hentry"],"_links":{"self":[{"href":"https:\/\/irrecams.de\/fr\/wp-json\/wp\/v2\/pages\/100","targetHints":{"allow":["GET"]}}],"collection":[{"href":"https:\/\/irrecams.de\/fr\/wp-json\/wp\/v2\/pages"}],"about":[{"href":"https:\/\/irrecams.de\/fr\/wp-json\/wp\/v2\/types\/page"}],"author":[{"embeddable":true,"href":"https:\/\/irrecams.de\/fr\/wp-json\/wp\/v2\/users\/1"}],"replies":[{"embeddable":true,"href":"https:\/\/irrecams.de\/fr\/wp-json\/wp\/v2\/comments?post=100"}],"version-history":[{"count":8,"href":"https:\/\/irrecams.de\/fr\/wp-json\/wp\/v2\/pages\/100\/revisions"}],"predecessor-version":[{"id":12254,"href":"https:\/\/irrecams.de\/fr\/wp-json\/wp\/v2\/pages\/100\/revisions\/12254"}],"wp:attachment":[{"href":"https:\/\/irrecams.de\/fr\/wp-json\/wp\/v2\/media?parent=100"}],"curies":[{"name":"wp","href":"https:\/\/api.w.org\/{rel}","templated":true}]}}