{"id":14276,"date":"2025-03-02T13:32:16","date_gmt":"2025-03-02T12:32:16","guid":{"rendered":"https:\/\/irrecams.de\/?page_id=14276"},"modified":"2025-09-03T15:11:41","modified_gmt":"2025-09-03T13:11:41","slug":"quels-sont-les-filtres-qui-conviennent-a-la-transformation-dun-h-alpha-astro","status":"publish","type":"page","link":"https:\/\/irrecams.de\/fr\/quels-sont-les-filtres-qui-conviennent-a-la-transformation-dun-h-alpha-astro\/","title":{"rendered":"Quels sont les filtres adapt\u00e9s \u00e0 une conversion astro H-Alpha ?"},"content":{"rendered":"<details class=\"wp-block-details has-background has-medium-font-size is-layout-flow wp-block-details-is-layout-flow\" style=\"background-color:#dfdfdf\" open><summary>Aper\u00e7u du contenu<\/summary>\n<blockquote class=\"wp-block-quote is-layout-flow wp-block-quote-is-layout-flow\">\n<ul class=\"wp-block-list\">\n<li><a href=\"https:\/\/irrecams.de\/fr\/blog\/2021\/photographier-les-etoiles-avec-un-appareil-photo-modifie-pour-lastrometrie\/\" data-type=\"post\" data-id=\"7019\">Avantages de la transformation Astro<\/a><\/li>\n\n\n\n<li><strong>Quel filtre astronomique<\/strong><\/li>\n\n\n\n<li><a href=\"https:\/\/irrecams.de\/fr\/comment-utiliser-une-camera-astronomique-de-jour-pour-la-photographie-normale\/\" data-type=\"page\" data-id=\"14282\">Cam\u00e9ra astronomique de jour<\/a><\/li>\n\n\n\n<li><a href=\"https:\/\/irrecams.de\/fr\/filtres-supplementaires-pour-lastrophotographie\/\" data-type=\"page\" data-id=\"14298\">Filtres suppl\u00e9mentaires<\/a><\/li>\n<\/ul>\n<\/blockquote>\n<\/details>\n\n\n\n<p>Pour l'astrophotographie, une cam\u00e9ra purement IR avec un filtre infrarouge de 630 nm, par exemple, n'est pas le meilleur choix. Bien s\u00fbr, une fois modifi\u00e9es, les cam\u00e9ras sont suffisamment sensibles pour capturer les \u00e9toiles la nuit et, de plus, elles voient \u00e9galement les zones H-Alpha du spectre. Mais comme nous l'avons d\u00e9crit au d\u00e9but, l'astrophotographie s'int\u00e9resse typiquement \u00e0 la repr\u00e9sentation des conditions naturelles. Si vous avez envie de partir \u00e0 la chasse aux \u00e9toiles avec une cam\u00e9ra infrarouge, nous ne voulons pas vous arr\u00eater ici.<\/p>\n\n\n\n<figure class=\"wp-block-image size-large\"><a href=\"https:\/\/irrecams.de\/wp-content\/uploads\/2024\/03\/T3IR2850-T3IR2879.jpg\"><img loading=\"lazy\" decoding=\"async\" width=\"1024\" height=\"1024\" src=\"https:\/\/irrecams.de\/wp-content\/uploads\/2024\/03\/T3IR2850-T3IR2879-1024x1024.jpg\" alt=\"Infrarouge Voie lact\u00e9e (630 nm)\" class=\"wp-image-11605\" srcset=\"https:\/\/irrecams.de\/wp-content\/uploads\/2024\/03\/T3IR2850-T3IR2879-1024x1024.jpg 1024w, https:\/\/irrecams.de\/wp-content\/uploads\/2024\/03\/T3IR2850-T3IR2879-300x300.jpg 300w, https:\/\/irrecams.de\/wp-content\/uploads\/2024\/03\/T3IR2850-T3IR2879-150x150.jpg 150w, https:\/\/irrecams.de\/wp-content\/uploads\/2024\/03\/T3IR2850-T3IR2879-768x768.jpg 768w, https:\/\/irrecams.de\/wp-content\/uploads\/2024\/03\/T3IR2850-T3IR2879-1536x1536.jpg 1536w, https:\/\/irrecams.de\/wp-content\/uploads\/2024\/03\/T3IR2850-T3IR2879-12x12.jpg 12w, https:\/\/irrecams.de\/wp-content\/uploads\/2024\/03\/T3IR2850-T3IR2879-450x450.jpg 450w, https:\/\/irrecams.de\/wp-content\/uploads\/2024\/03\/T3IR2850-T3IR2879-600x600.jpg 600w, https:\/\/irrecams.de\/wp-content\/uploads\/2024\/03\/T3IR2850-T3IR2879-100x100.jpg 100w, https:\/\/irrecams.de\/wp-content\/uploads\/2024\/03\/T3IR2850-T3IR2879.jpg 1920w\" sizes=\"auto, (max-width: 1024px) 100vw, 1024px\" \/><\/a><figcaption class=\"wp-element-caption\">Infrarouge Voie lact\u00e9e (630 nm)<\/figcaption><\/figure>\n\n\n\n<p><\/p>\n\n\n\n<p>Pour l'astrophotographie, vous avez le choix entre un filtre \u00e0 spectre complet et un filtre dit \"astro\". Les deux filtres ont des avantages et des inconv\u00e9nients. Avant d'entrer dans les d\u00e9tails, voici un bref aper\u00e7u :<\/p>\n\n\n\n<figure class=\"wp-block-table is-style-stripes\"><table class=\"has-fixed-layout\"><thead><tr><th><\/th><th class=\"has-text-align-center\" data-align=\"center\">Spectre complet<\/th><th class=\"has-text-align-center\" data-align=\"center\">Filtre astronomique<\/th><\/tr><\/thead><tbody><tr><td>Correction des couleurs<\/td><td class=\"has-text-align-center\" data-align=\"center\">partiellement complexe<\/td><td class=\"has-text-align-center\" data-align=\"center\">La balance des blancs suffit<\/td><\/tr><tr><td>Prendre des photos de jour<\/td><td class=\"has-text-align-center\" data-align=\"center\">\u00e9carts de couleur extr\u00eames<\/td><td class=\"has-text-align-center\" data-align=\"center\">Faibles variations de couleur<\/td><\/tr><tr><td>filtres suppl\u00e9mentaires pour l'astrophotographie<\/td><td class=\"has-text-align-center\" data-align=\"center\">Les filtres de luminance ou UHC sont fortement recommand\u00e9s<\/td><td class=\"has-text-align-center\" data-align=\"center\">Pas n\u00e9cessaire, mais les filtres contre la pollution lumineuse sont utiles<\/td><\/tr><tr><td>Images multispectrales (par ex. V\u00e9nus en UV)<\/td><td class=\"has-text-align-center\" data-align=\"center\">possible pour le ciel profond<\/td><td class=\"has-text-align-center\" data-align=\"center\">pas possible<\/td><\/tr><tr><td>Halos autour d'\u00e9toiles brillantes<\/td><td class=\"has-text-align-center\" data-align=\"center\">Appara\u00eet lors de prises de vue du ciel profond<\/td><td class=\"has-text-align-center\" data-align=\"center\">Pas de halos gr\u00e2ce au traitement efficace du verre<\/td><\/tr><tr><td>Recommand\u00e9 pour<\/td><td class=\"has-text-align-center\" data-align=\"center\">Application Deep-Sky si des filtres suppl\u00e9mentaires sont d\u00e9j\u00e0 disponibles<\/td><td class=\"has-text-align-center\" data-align=\"center\">Paysages nocturnes et ciel profond sans filtres suppl\u00e9mentaires<\/td><\/tr><tr><td>Non recommand\u00e9 pour<\/td><td class=\"has-text-align-center\" data-align=\"center\">Paysages nocturnes<\/td><td class=\"has-text-align-center\" data-align=\"center\">Images multispectrales et scientifiques dans le domaine IR ou UV<\/td><\/tr><\/tbody><\/table><\/figure>\n\n\n\n<figure class=\"wp-block-image size-large\"><a href=\"https:\/\/irrecams.de\/wp-content\/uploads\/2021\/04\/astro_transmission_de.png\"><img loading=\"lazy\" decoding=\"async\" width=\"1024\" height=\"580\" src=\"https:\/\/irrecams.de\/wp-content\/uploads\/2021\/04\/astro_transmission_de-1024x580.png\" alt=\"Courbe de transmission d&#039;un filtre astronomique - H-Alpha peut passer sans encombre\" class=\"wp-image-6829\" srcset=\"https:\/\/irrecams.de\/wp-content\/uploads\/2021\/04\/astro_transmission_de-1024x580.png 1024w, https:\/\/irrecams.de\/wp-content\/uploads\/2021\/04\/astro_transmission_de-600x340.png 600w, https:\/\/irrecams.de\/wp-content\/uploads\/2021\/04\/astro_transmission_de-300x170.png 300w, https:\/\/irrecams.de\/wp-content\/uploads\/2021\/04\/astro_transmission_de-768x435.png 768w, https:\/\/irrecams.de\/wp-content\/uploads\/2021\/04\/astro_transmission_de-1536x870.png 1536w, https:\/\/irrecams.de\/wp-content\/uploads\/2021\/04\/astro_transmission_de-16x9.png 16w, https:\/\/irrecams.de\/wp-content\/uploads\/2021\/04\/astro_transmission_de-350x198.png 350w, https:\/\/irrecams.de\/wp-content\/uploads\/2021\/04\/astro_transmission_de.png 2000w\" sizes=\"auto, (max-width: 1024px) 100vw, 1024px\" \/><\/a><figcaption class=\"wp-element-caption\">Courbe de transmission d'un filtre astronomique - H-Alpha peut passer sans encombre<\/figcaption><\/figure>\n\n\n\n<p><\/p>\n\n\n\n<h2 class=\"wp-block-heading\">Conversion plein-spectre pour l'astrophotographie<\/h2>\n\n\n\n<p>Un <a class=\"rank-math-link\" href=\"https:\/\/irrecams.de\/fr\/transformation-infrarouge-technique-expliquee\/\">Conversion plein-spectre<\/a> avec un filtre passe-long de 280 nm ouvre la cam\u00e9ra au spectre complet de l'UV \u00e0 l'IR, donc y compris la gamme H-Alpha. Une telle cam\u00e9ra peut \u00eatre utilis\u00e9e sans filtre suppl\u00e9mentaire avec un gain de sensibilit\u00e9 r\u00e9el. D'autre part, on est tr\u00e8s flexible et on peut utiliser des filtres \u00e0 visser sur l'objectif ou le t\u00e9lescope pour r\u00e9duire le spectre. Des prises de vue multispectrales avec des filtres passe-bande \u00e9troits et des analyses plus scientifiques sont ainsi possibles, on a vraiment le maximum de libert\u00e9 avec une telle cam\u00e9ra.<\/p>\n\n\n\n<p>Toutefois, les couleurs produites par un appareil photo plein-spectre sont nettement \"rat\u00e9es\" en raison du m\u00e9lange de diverses longueurs d'onde et n\u00e9cessitent un traitement ult\u00e9rieur co\u00fbteux si aucun filtre suppl\u00e9mentaire n'est utilis\u00e9. Avec de longues distances focales et des t\u00e9lescopes, cela peut g\u00e9n\u00e9ralement \u00eatre corrig\u00e9 assez facilement par une balance des blancs. Outre les couleurs d\u00e9cal\u00e9es, d'autres faiblesses de l'objectif se pr\u00e9senteront \u00e9galement. Les rayons UV et IR, qui atteignent le capteur dans certaines proportions, sont diffract\u00e9s de mani\u00e8re diff\u00e9rente. En principe, il faut s'attendre \u00e0 une augmentation de l'aberration chromatique et des franges de couleur, ce qui rend la photographie \"nue\" sans filtres suppl\u00e9mentaires probl\u00e9matique.<\/p>\n\n\n\n<figure class=\"wp-block-gallery has-nested-images columns-2 is-cropped wp-block-gallery-1 is-layout-flex wp-block-gallery-is-layout-flex\">\n<figure class=\"wp-block-image size-large\"><a href=\"https:\/\/irrecams.de\/wp-content\/uploads\/2025\/03\/XT4A8882_stack.jpg\"><img loading=\"lazy\" decoding=\"async\" width=\"683\" height=\"1024\" data-id=\"14306\" src=\"https:\/\/irrecams.de\/wp-content\/uploads\/2025\/03\/XT4A8882_stack-683x1024.jpg\" alt=\"Paysage nocturne avec appareil photo non modifi\u00e9\" class=\"wp-image-14306\" srcset=\"https:\/\/irrecams.de\/wp-content\/uploads\/2025\/03\/XT4A8882_stack-683x1024.jpg 683w, https:\/\/irrecams.de\/wp-content\/uploads\/2025\/03\/XT4A8882_stack-200x300.jpg 200w, https:\/\/irrecams.de\/wp-content\/uploads\/2025\/03\/XT4A8882_stack-768x1152.jpg 768w, https:\/\/irrecams.de\/wp-content\/uploads\/2025\/03\/XT4A8882_stack-1024x1536.jpg 1024w, https:\/\/irrecams.de\/wp-content\/uploads\/2025\/03\/XT4A8882_stack-8x12.jpg 8w, https:\/\/irrecams.de\/wp-content\/uploads\/2025\/03\/XT4A8882_stack-600x900.jpg 600w, https:\/\/irrecams.de\/wp-content\/uploads\/2025\/03\/XT4A8882_stack.jpg 1280w\" sizes=\"auto, (max-width: 683px) 100vw, 683px\" \/><\/a><figcaption class=\"wp-element-caption\">Paysage nocturne avec appareil photo non modifi\u00e9<\/figcaption><\/figure>\n\n\n\n<figure class=\"wp-block-image size-large\"><a href=\"https:\/\/irrecams.de\/wp-content\/uploads\/2025\/03\/IRH28996_stack.jpg\"><img loading=\"lazy\" decoding=\"async\" width=\"683\" height=\"1024\" data-id=\"14303\" src=\"https:\/\/irrecams.de\/wp-content\/uploads\/2025\/03\/IRH28996_stack-683x1024.jpg\" alt=\"Paysage nocturne avec cam\u00e9ra astronomique plein-spectre\" class=\"wp-image-14303\" srcset=\"https:\/\/irrecams.de\/wp-content\/uploads\/2025\/03\/IRH28996_stack-683x1024.jpg 683w, https:\/\/irrecams.de\/wp-content\/uploads\/2025\/03\/IRH28996_stack-200x300.jpg 200w, https:\/\/irrecams.de\/wp-content\/uploads\/2025\/03\/IRH28996_stack-768x1152.jpg 768w, https:\/\/irrecams.de\/wp-content\/uploads\/2025\/03\/IRH28996_stack-1024x1536.jpg 1024w, https:\/\/irrecams.de\/wp-content\/uploads\/2025\/03\/IRH28996_stack-8x12.jpg 8w, https:\/\/irrecams.de\/wp-content\/uploads\/2025\/03\/IRH28996_stack-600x900.jpg 600w, https:\/\/irrecams.de\/wp-content\/uploads\/2025\/03\/IRH28996_stack.jpg 1280w\" sizes=\"auto, (max-width: 683px) 100vw, 683px\" \/><\/a><figcaption class=\"wp-element-caption\">Paysage nocturne avec cam\u00e9ra astronomique plein-spectre<\/figcaption><\/figure>\n\n\n\n<figure class=\"wp-block-image size-large\"><a href=\"https:\/\/irrecams.de\/wp-content\/uploads\/2022\/02\/Orion_VS.jpg\"><img loading=\"lazy\" decoding=\"async\" width=\"1024\" height=\"508\" data-id=\"7766\" src=\"https:\/\/irrecams.de\/wp-content\/uploads\/2022\/02\/Orion_VS-1024x508.jpg\" alt=\"\u00c0 gauche : Cam\u00e9ra normale | Droite : cam\u00e9ra plein-spectre\" class=\"wp-image-7766\" srcset=\"https:\/\/irrecams.de\/wp-content\/uploads\/2022\/02\/Orion_VS-1024x508.jpg 1024w, https:\/\/irrecams.de\/wp-content\/uploads\/2022\/02\/Orion_VS-600x298.jpg 600w, https:\/\/irrecams.de\/wp-content\/uploads\/2022\/02\/Orion_VS-300x149.jpg 300w, https:\/\/irrecams.de\/wp-content\/uploads\/2022\/02\/Orion_VS-768x381.jpg 768w, https:\/\/irrecams.de\/wp-content\/uploads\/2022\/02\/Orion_VS-1536x762.jpg 1536w, https:\/\/irrecams.de\/wp-content\/uploads\/2022\/02\/Orion_VS-18x9.jpg 18w, https:\/\/irrecams.de\/wp-content\/uploads\/2022\/02\/Orion_VS-350x174.jpg 350w, https:\/\/irrecams.de\/wp-content\/uploads\/2022\/02\/Orion_VS.jpg 1920w\" sizes=\"auto, (max-width: 1024px) 100vw, 1024px\" \/><\/a><figcaption class=\"wp-element-caption\">\u00c0 gauche : Cam\u00e9ra normale | Droite : cam\u00e9ra plein-spectre<\/figcaption><\/figure>\n<\/figure>\n\n\n\n<p>Mais d\u00e8s que l'on photographie avec des objectifs grand angle, d'autres probl\u00e8mes surgissent, principalement \u00e0 cause de la pollution lumineuse omnipr\u00e9sente. Celle-ci prend une teinte verd\u00e2tre avec un appareil photo plein-spectre, au lieu de la teinte jaune-orange habituelle. En outre, en fonction de la pollution lumineuse, une nette coloration violette de la v\u00e9g\u00e9tation peut appara\u00eetre dans l'environnement direct.<\/p>\n\n\n\n<p>Pour les paysages nocturnes avec des objectifs grand angle, nous ne pouvons pas recommander une conversion plein-spectre, car les composantes infrarouges de la pollution lumineuse ont un effet n\u00e9gatif sur l'image. L'application sur un t\u00e9lescope peut toutefois \u00eatre utile, surtout avec des filtres suppl\u00e9mentaires.<\/p>\n\n\n\n<p><\/p>\n\n\n\n<h2 class=\"wp-block-heading\">Construction d'une cam\u00e9ra avec un \"vrai\" filtre astronomique <\/h2>\n\n\n\n<p>Un \"vrai\" filtre astronomique, concr\u00e8tement un filtre de luminance (souvent appel\u00e9 filtre H-Alpha), est un filtre de blocage UV\/IR qui ne laisse passer que le domaine spectral visible, comme le filtre de blocage d'origine. Le filtre astronomique est cependant ouvert un peu plus longtemps dans le domaine infrarouge proche et permet ainsi au domaine spectral H-Alpha d'atteindre le capteur sans obstacle. La qualit\u00e9 est bien s\u00fbr ici aussi la pr\u00e9misse supr\u00eame, nous utilisons les <a href=\"https:\/\/optolong.com\/index.php\/cms\/document\/detail\/id\/146.html\" target=\"_blank\" rel=\"noreferrer noopener\">Filtre astronomique de la soci\u00e9t\u00e9 Optolong<\/a> pour nos modifications astrom\u00e9triques.<\/p>\n\n\n\n<p>Un \"vrai\" filtre astronomique n'a pratiquement aucun probl\u00e8me d'aberration chromatique, car aucune zone UV ou infrarouge n'entre dans le trajet du faisceau. En outre, aucune coloration atypique du ciel ou de la v\u00e9g\u00e9tation due \u00e0 la pollution lumineuse n'appara\u00eet, le paysage dans l'image est naturel et \u00e9quilibr\u00e9. Bien s\u00fbr, il y a un d\u00e9calage de couleur vers le rouge, mais cela se corrige bien et rapidement par une simple balance des blancs - m\u00eame avec des objectifs grand angle. <\/p>\n\n\n\n<figure class=\"wp-block-gallery has-nested-images columns-2 is-cropped wp-block-gallery-2 is-layout-flex wp-block-gallery-is-layout-flex\">\n<figure class=\"wp-block-image size-large\"><a href=\"https:\/\/irrecams.de\/wp-content\/uploads\/2025\/03\/XT4A8882_stack.jpg\"><img loading=\"lazy\" decoding=\"async\" width=\"683\" height=\"1024\" data-id=\"14306\" src=\"https:\/\/irrecams.de\/wp-content\/uploads\/2025\/03\/XT4A8882_stack-683x1024.jpg\" alt=\"Paysage nocturne avec appareil photo non modifi\u00e9\" class=\"wp-image-14306\" srcset=\"https:\/\/irrecams.de\/wp-content\/uploads\/2025\/03\/XT4A8882_stack-683x1024.jpg 683w, https:\/\/irrecams.de\/wp-content\/uploads\/2025\/03\/XT4A8882_stack-200x300.jpg 200w, https:\/\/irrecams.de\/wp-content\/uploads\/2025\/03\/XT4A8882_stack-768x1152.jpg 768w, https:\/\/irrecams.de\/wp-content\/uploads\/2025\/03\/XT4A8882_stack-1024x1536.jpg 1024w, https:\/\/irrecams.de\/wp-content\/uploads\/2025\/03\/XT4A8882_stack-8x12.jpg 8w, https:\/\/irrecams.de\/wp-content\/uploads\/2025\/03\/XT4A8882_stack-600x900.jpg 600w, https:\/\/irrecams.de\/wp-content\/uploads\/2025\/03\/XT4A8882_stack.jpg 1280w\" sizes=\"auto, (max-width: 683px) 100vw, 683px\" \/><\/a><figcaption class=\"wp-element-caption\">Paysage nocturne avec appareil photo non modifi\u00e9<\/figcaption><\/figure>\n\n\n\n<figure class=\"wp-block-image size-large\"><a href=\"https:\/\/irrecams.de\/wp-content\/uploads\/2025\/03\/XT4A8875_stack.jpg\"><img loading=\"lazy\" decoding=\"async\" width=\"683\" height=\"1024\" data-id=\"14305\" src=\"https:\/\/irrecams.de\/wp-content\/uploads\/2025\/03\/XT4A8875_stack-683x1024.jpg\" alt=\"Paysage nocturne avec cam\u00e9ra modifi\u00e9e par astrom\u00e9trie\" class=\"wp-image-14305\" srcset=\"https:\/\/irrecams.de\/wp-content\/uploads\/2025\/03\/XT4A8875_stack-683x1024.jpg 683w, https:\/\/irrecams.de\/wp-content\/uploads\/2025\/03\/XT4A8875_stack-200x300.jpg 200w, https:\/\/irrecams.de\/wp-content\/uploads\/2025\/03\/XT4A8875_stack-768x1152.jpg 768w, https:\/\/irrecams.de\/wp-content\/uploads\/2025\/03\/XT4A8875_stack-1024x1536.jpg 1024w, https:\/\/irrecams.de\/wp-content\/uploads\/2025\/03\/XT4A8875_stack-8x12.jpg 8w, https:\/\/irrecams.de\/wp-content\/uploads\/2025\/03\/XT4A8875_stack-600x900.jpg 600w, https:\/\/irrecams.de\/wp-content\/uploads\/2025\/03\/XT4A8875_stack.jpg 1280w\" sizes=\"auto, (max-width: 683px) 100vw, 683px\" \/><\/a><figcaption class=\"wp-element-caption\">Paysage nocturne avec cam\u00e9ra modifi\u00e9e par astrom\u00e9trie<\/figcaption><\/figure>\n\n\n\n<figure class=\"wp-block-image size-large\"><a href=\"https:\/\/irrecams.de\/wp-content\/uploads\/2022\/02\/Orion_Astro.jpg\"><img loading=\"lazy\" decoding=\"async\" width=\"1024\" height=\"508\" data-id=\"7765\" src=\"https:\/\/irrecams.de\/wp-content\/uploads\/2022\/02\/Orion_Astro-1024x508.jpg\" alt=\"A gauche, le point de vue : Cam\u00e9ra normale | Droite : Cam\u00e9ra transform\u00e9e avec filtre astronomique\" class=\"wp-image-7765\" srcset=\"https:\/\/irrecams.de\/wp-content\/uploads\/2022\/02\/Orion_Astro-1024x508.jpg 1024w, https:\/\/irrecams.de\/wp-content\/uploads\/2022\/02\/Orion_Astro-600x298.jpg 600w, https:\/\/irrecams.de\/wp-content\/uploads\/2022\/02\/Orion_Astro-300x149.jpg 300w, https:\/\/irrecams.de\/wp-content\/uploads\/2022\/02\/Orion_Astro-768x381.jpg 768w, https:\/\/irrecams.de\/wp-content\/uploads\/2022\/02\/Orion_Astro-1536x762.jpg 1536w, https:\/\/irrecams.de\/wp-content\/uploads\/2022\/02\/Orion_Astro-18x9.jpg 18w, https:\/\/irrecams.de\/wp-content\/uploads\/2022\/02\/Orion_Astro-350x174.jpg 350w, https:\/\/irrecams.de\/wp-content\/uploads\/2022\/02\/Orion_Astro.jpg 1920w\" sizes=\"auto, (max-width: 1024px) 100vw, 1024px\" \/><\/a><figcaption class=\"wp-element-caption\">A gauche, le point de vue : Cam\u00e9ra normale | Droite : Cam\u00e9ra transform\u00e9e avec filtre astronomique<\/figcaption><\/figure>\n<\/figure>\n\n\n\n<p>Tout compte fait, le filtre astronomique a pratiquement \u00e9limin\u00e9 tous les inconv\u00e9nients d'une conversion plein-spectre (m\u00eame si, en soi, on n'observe pas d'augmentation de la sensibilit\u00e9 de base). Mais il reste un inconv\u00e9nient important : ces filtres sont relativement chers et entra\u00eenent un surco\u00fbt consid\u00e9rable par rapport \u00e0 une cam\u00e9ra plein-spectre. Celui qui pr\u00e9voit de toute fa\u00e7on d'acheter d'autres filtres (passe-bande) serait donc plus avantageux, au moins pour le travail au t\u00e9lescope, avec une conversion plein-spectre.<\/p>\n\n\n\n<p><\/p>\n\n\n\n<h2 class=\"wp-block-heading\">Transformation plein-spectre facile \u00e0 combiner avec un filtre astronomique<\/h2>\n\n\n\n<p>Le grand attrait d'un appareil photo \u00e0 spectre complet r\u00e9side dans le fait qu'il suffit en principe de visser n'importe quel filtre devant l'objectif et de commencer \u00e0 photographier. Pourquoi donc ne pas proposer de filtres astronomiques \u00e0 visser ?<\/p>\n\n\n\n<p>Malheureusement, les filtres astronomiques fonctionnent sur un autre principe que les filtres infrarouges (interf\u00e9rence plut\u00f4t qu'absorption), ce qui entra\u00eene un inconv\u00e9nient majeur : une d\u00e9pendance angulaire de l'effet du filtre. Tant que la lumi\u00e8re atteint la surface du filtre perpendiculairement ou presque, les filtres astronomiques sont formidables et donnent de tr\u00e8s bons r\u00e9sultats bien d\u00e9finis - avec des objectifs normaux, des t\u00e9l\u00e9objectifs et des t\u00e9lescopes \u00e0 partir de 50 mm, il n'y a aucune restriction quant \u00e0 l'utilisation de filtres \u00e0 vis.<\/p>\n\n\n\n<p>Malheureusement, les filtres astronomiques ne conviennent pas comme filtres \u00e0 visser sur les objectifs grand angle. Avec les objectifs grand angle, la lumi\u00e8re arrive sur le filtre \u00e0 un angle relativement aigu au bord de l'image, ce qui entra\u00eene un effet de filtre diff\u00e9rent. Ce que l'on observe est un d\u00e9calage des couleurs du centre vers les bords de l'image - un effet tr\u00e8s g\u00eanant que l'on ne peut malheureusement pas corriger facilement apr\u00e8s coup.<\/p>\n\n\n\n<p>Une cam\u00e9ra \u00e0 spectre complet ne peut donc pas \u00eatre utilis\u00e9e sans autre pour des prises de vue nocturnes avec un filtre astronomique, en tout cas pas avec des objectifs grand angle. Nous recommandons vivement d'utiliser une cam\u00e9ra avec un filtre astronomique fixe pour les prises de vue grand angle afin de garantir la meilleure qualit\u00e9 d'image possible.<\/p>\n\n\n\n<hr class=\"wp-block-separator has-alpha-channel-opacity\"\/>\n\n\n\n<div class=\"wp-block-buttons is-horizontal is-content-justification-center is-layout-flex wp-container-core-buttons-is-layout-03627597 wp-block-buttons-is-layout-flex\">\n<div class=\"wp-block-button\"><a class=\"wp-block-button__link wp-element-button\" href=\"https:\/\/irrecams.de\/fr\/filtre-astro-photographier-les-etoiles-de-nuit-avec-des-appareils-photo-modifies\/\" style=\"border-radius:5px\">Avantage de la transformation astro<\/a><\/div>\n\n\n\n<div class=\"wp-block-button\"><a class=\"wp-block-button__link wp-element-button\" href=\"https:\/\/irrecams.de\/fr\/comment-utiliser-une-camera-astronomique-de-jour-pour-la-photographie-normale\/\" style=\"border-radius:5px\">Cam\u00e9ra astronomique de jour<\/a><\/div>\n\n\n\n<div class=\"wp-block-button\"><a class=\"wp-block-button__link wp-element-button\" href=\"https:\/\/irrecams.de\/fr\/filtres-supplementaires-pour-lastrophotographie\/\" style=\"border-radius:5px\">Filtres suppl\u00e9mentaires<\/a><\/div>\n\n\n\n<div class=\"wp-block-button\"><a class=\"wp-block-button__link wp-element-button\" href=\"https:\/\/irrecams.de\/fr\/categorie-produit\/service-de-conversion-de-camera-astro\/\" style=\"border-radius:5px\">Commander une transformation d'astro<\/a><\/div>\n\n\n\n<div class=\"wp-block-button\"><a class=\"wp-block-button__link wp-element-button\" href=\"https:\/\/irrecams.de\/fr\/galerie-infrarouge\/prise-avec-astrofilter\/\" style=\"border-radius:5px\">Plus d'astrophotos<\/a><\/div>\n\n\n\n<div class=\"wp-block-button\"><a class=\"wp-block-button__link wp-element-button\" href=\"https:\/\/irrecams.de\/fr\/photographie-infrarouge\/\" style=\"border-radius:5px\">En savoir plus sur la photographie infrarouge<\/a><\/div>\n<\/div>\n\n\n\n<hr class=\"wp-block-separator has-alpha-channel-opacity\"\/>\n\n\n\n<figure class=\"wp-block-image size-large\"><a href=\"https:\/\/irrecams.de\/wp-content\/uploads\/2021\/10\/Stack_Muehle_Shrink.jpg\"><img loading=\"lazy\" decoding=\"async\" width=\"644\" height=\"1024\" src=\"https:\/\/irrecams.de\/wp-content\/uploads\/2021\/10\/Stack_Muehle_Shrink-644x1024.jpg\" alt=\"Voie lact\u00e9e et moulin avec cam\u00e9ra astronomique\" class=\"wp-image-7451\" srcset=\"https:\/\/irrecams.de\/wp-content\/uploads\/2021\/10\/Stack_Muehle_Shrink-644x1024.jpg 644w, https:\/\/irrecams.de\/wp-content\/uploads\/2021\/10\/Stack_Muehle_Shrink-600x954.jpg 600w, https:\/\/irrecams.de\/wp-content\/uploads\/2021\/10\/Stack_Muehle_Shrink-189x300.jpg 189w, https:\/\/irrecams.de\/wp-content\/uploads\/2021\/10\/Stack_Muehle_Shrink-768x1222.jpg 768w, https:\/\/irrecams.de\/wp-content\/uploads\/2021\/10\/Stack_Muehle_Shrink-966x1536.jpg 966w, https:\/\/irrecams.de\/wp-content\/uploads\/2021\/10\/Stack_Muehle_Shrink-8x12.jpg 8w, https:\/\/irrecams.de\/wp-content\/uploads\/2021\/10\/Stack_Muehle_Shrink-350x557.jpg 350w, https:\/\/irrecams.de\/wp-content\/uploads\/2021\/10\/Stack_Muehle_Shrink.jpg 1207w\" sizes=\"auto, (max-width: 644px) 100vw, 644px\" \/><\/a><figcaption class=\"wp-element-caption\">Voie lact\u00e9e et moulin avec cam\u00e9ra astronomique<\/figcaption><\/figure>","protected":false},"excerpt":{"rendered":"<p>F\u00fcr die Astrofotografie ist eine reine IR Kamera mit z.B. 630 nm Infrarot Filter nicht die beste Wahl. Nat\u00fcrlich sind die Kameras nach dem Umbau ausreichend sensitiv, um auch nachts die Sterne erfassen zu k\u00f6nnen und au\u00dferdem sehen sie auch die H-Alpha Bereiche des Spektrums. Wie eingangs beschrieben ist die Astrofotografie aber typischerweise daran interessiert [&hellip;]<\/p>\n","protected":false},"author":1,"featured_media":0,"parent":0,"menu_order":21,"comment_status":"closed","ping_status":"closed","template":"","meta":{"footnotes":""},"class_list":["post-14276","page","type-page","status-publish","hentry"],"_links":{"self":[{"href":"https:\/\/irrecams.de\/fr\/wp-json\/wp\/v2\/pages\/14276","targetHints":{"allow":["GET"]}}],"collection":[{"href":"https:\/\/irrecams.de\/fr\/wp-json\/wp\/v2\/pages"}],"about":[{"href":"https:\/\/irrecams.de\/fr\/wp-json\/wp\/v2\/types\/page"}],"author":[{"embeddable":true,"href":"https:\/\/irrecams.de\/fr\/wp-json\/wp\/v2\/users\/1"}],"replies":[{"embeddable":true,"href":"https:\/\/irrecams.de\/fr\/wp-json\/wp\/v2\/comments?post=14276"}],"version-history":[{"count":15,"href":"https:\/\/irrecams.de\/fr\/wp-json\/wp\/v2\/pages\/14276\/revisions"}],"predecessor-version":[{"id":15474,"href":"https:\/\/irrecams.de\/fr\/wp-json\/wp\/v2\/pages\/14276\/revisions\/15474"}],"wp:attachment":[{"href":"https:\/\/irrecams.de\/fr\/wp-json\/wp\/v2\/media?parent=14276"}],"curies":[{"name":"wp","href":"https:\/\/api.w.org\/{rel}","templated":true}]}}