{"id":14282,"date":"2025-03-02T13:31:51","date_gmt":"2025-03-02T12:31:51","guid":{"rendered":"https:\/\/irrecams.de\/?page_id=14282"},"modified":"2025-03-02T14:31:56","modified_gmt":"2025-03-02T13:31:56","slug":"comment-utiliser-une-camera-astronomique-de-jour-pour-la-photographie-normale","status":"publish","type":"page","link":"https:\/\/irrecams.de\/fr\/comment-utiliser-une-camera-astronomique-de-jour-pour-la-photographie-normale\/","title":{"rendered":"Comment une cam\u00e9ra astronomique peut \u00eatre utilis\u00e9e de jour pour la photographie normale"},"content":{"rendered":"<details class=\"wp-block-details has-background has-medium-font-size is-layout-flow wp-block-details-is-layout-flow\" style=\"background-color:#dfdfdf\" open><summary>Aper\u00e7u du contenu<\/summary>\n<blockquote class=\"wp-block-quote is-layout-flow wp-block-quote-is-layout-flow\">\n<ul class=\"wp-block-list\">\n<li><a href=\"https:\/\/irrecams.de\/fr\/blog\/2021\/photographier-les-etoiles-avec-un-appareil-photo-modifie-pour-lastrometrie\/\" data-type=\"post\" data-id=\"7019\">Avantages de la transformation Astro<\/a><\/li>\n\n\n\n<li><a href=\"https:\/\/irrecams.de\/fr\/quels-sont-les-filtres-qui-conviennent-a-la-transformation-dun-h-alpha-astro\/\" data-type=\"page\" data-id=\"14276\">Quel filtre astronomique<\/a><\/li>\n\n\n\n<li><strong>Cam\u00e9ra astronomique de jour<\/strong><\/li>\n\n\n\n<li><a href=\"https:\/\/irrecams.de\/fr\/filtres-supplementaires-pour-lastrophotographie\/\" data-type=\"page\" data-id=\"14298\">Filtres suppl\u00e9mentaires<\/a><\/li>\n<\/ul>\n<\/blockquote>\n<\/details>\n\n\n\n<p>On lit souvent qu'un appareil photo qui a \u00e9t\u00e9 modifi\u00e9 pour l'astrophotographie ne peut pas \u00eatre utilis\u00e9 pour la photographie normale de jour. Une telle affirmation g\u00e9n\u00e9rale est trop indiff\u00e9renci\u00e9e et presque fausse - l'aptitude \u00e0 l'utilisation en plein jour d\u00e9pend du type de modification et peut, selon le type de cam\u00e9ra, \u00eatre am\u00e9lior\u00e9e de mani\u00e8re spectaculaire avec un filtre suppl\u00e9mentaire.<\/p>\n\n\n\n<figure class=\"wp-block-image size-large\"><a href=\"https:\/\/irrecams.de\/wp-content\/uploads\/2024\/11\/T3_Optolong_ashin_star_3.jpg\"><img loading=\"lazy\" decoding=\"async\" width=\"1024\" height=\"685\" src=\"https:\/\/irrecams.de\/wp-content\/uploads\/2024\/11\/T3_Optolong_ashin_star_3-1024x685.jpg\" alt=\"La boucle de Barnard avec une cam\u00e9ra astronomique\" class=\"wp-image-13816\" srcset=\"https:\/\/irrecams.de\/wp-content\/uploads\/2024\/11\/T3_Optolong_ashin_star_3-1024x685.jpg 1024w, https:\/\/irrecams.de\/wp-content\/uploads\/2024\/11\/T3_Optolong_ashin_star_3-300x201.jpg 300w, https:\/\/irrecams.de\/wp-content\/uploads\/2024\/11\/T3_Optolong_ashin_star_3-768x514.jpg 768w, https:\/\/irrecams.de\/wp-content\/uploads\/2024\/11\/T3_Optolong_ashin_star_3-1536x1027.jpg 1536w, https:\/\/irrecams.de\/wp-content\/uploads\/2024\/11\/T3_Optolong_ashin_star_3-18x12.jpg 18w, https:\/\/irrecams.de\/wp-content\/uploads\/2024\/11\/T3_Optolong_ashin_star_3-600x401.jpg 600w, https:\/\/irrecams.de\/wp-content\/uploads\/2024\/11\/T3_Optolong_ashin_star_3.jpg 1920w\" sizes=\"auto, (max-width: 1024px) 100vw, 1024px\" \/><\/a><figcaption class=\"wp-element-caption\">La boucle de Barnard avec une cam\u00e9ra astronomique<\/figcaption><\/figure>\n\n\n\n<p>En principe, la sensibilit\u00e9 au rouge ou, selon la modification, la sensibilit\u00e9 \u00e0 l'infrarouge de la cam\u00e9ra a \u00e9t\u00e9 fortement augment\u00e9e. Par cons\u00e9quent, une cam\u00e9ra modifi\u00e9e produit une image nettement teint\u00e9e de rouge sous la lumi\u00e8re du soleil, ce qui n'est pas tr\u00e8s esth\u00e9tique. Comme avec une cam\u00e9ra infrarouge, la balance des blancs automatique de la cam\u00e9ra est d\u00e9pass\u00e9e par cette teinte et fournit toujours une image rouge\u00e2tre. Avec une balance des blancs manuelle sur une carte grise ou une feuille de papier blanc, il est toutefois possible de contrer efficacement la teinte rouge et de cr\u00e9er une image avec une ambiance de couleur \u00e9quilibr\u00e9e. Il est toutefois important de noter que la balance des blancs est fixe et qu'il faut l'ajuster en fonction de la situation d'\u00e9clairage en mesurant \u00e0 nouveau une carte grise ou une feuille blanche. Alternativement, un r\u00e9glage fin de la balance des blancs peut bien s\u00fbr \u00eatre effectu\u00e9 ult\u00e9rieurement \u00e0 partir d'un fichier RAW.<\/p>\n\n\n\n<figure class=\"wp-block-image size-large\"><a href=\"https:\/\/irrecams.de\/wp-content\/uploads\/2021\/04\/astro_transmission_de.png\"><img loading=\"lazy\" decoding=\"async\" width=\"1024\" height=\"580\" src=\"https:\/\/irrecams.de\/wp-content\/uploads\/2021\/04\/astro_transmission_de-1024x580.png\" alt=\"Courbe de transmission d&#039;un filtre astronomique - H-Alpha peut passer sans encombre\" class=\"wp-image-6829\" srcset=\"https:\/\/irrecams.de\/wp-content\/uploads\/2021\/04\/astro_transmission_de-1024x580.png 1024w, https:\/\/irrecams.de\/wp-content\/uploads\/2021\/04\/astro_transmission_de-600x340.png 600w, https:\/\/irrecams.de\/wp-content\/uploads\/2021\/04\/astro_transmission_de-300x170.png 300w, https:\/\/irrecams.de\/wp-content\/uploads\/2021\/04\/astro_transmission_de-768x435.png 768w, https:\/\/irrecams.de\/wp-content\/uploads\/2021\/04\/astro_transmission_de-1536x870.png 1536w, https:\/\/irrecams.de\/wp-content\/uploads\/2021\/04\/astro_transmission_de-16x9.png 16w, https:\/\/irrecams.de\/wp-content\/uploads\/2021\/04\/astro_transmission_de-350x198.png 350w, https:\/\/irrecams.de\/wp-content\/uploads\/2021\/04\/astro_transmission_de.png 2000w\" sizes=\"auto, (max-width: 1024px) 100vw, 1024px\" \/><\/a><figcaption class=\"wp-element-caption\">Courbe de transmission d'un filtre astronomique - H-Alpha peut passer sans encombre<\/figcaption><\/figure>\n\n\n\n<h2 class=\"wp-block-heading\">Utiliser un appareil photo plein-spectre pendant la journ\u00e9e<\/h2>\n\n\n\n<p>Avec un appareil photo \u00e0 spectre complet, le capteur re\u00e7oit non seulement la lumi\u00e8re visible, mais aussi la lumi\u00e8re UV et surtout la lumi\u00e8re infrarouge, ce qui entra\u00eene une tr\u00e8s forte teinte rouge. Comme d\u00e9crit pr\u00e9c\u00e9demment, une balance des blancs manuelle peut \u00e9liminer cette teinte rouge et fournir un r\u00e9sultat d'image neutre. Cela ne signifie toutefois pas que les couleurs obtenues sont \"exactes\" et fid\u00e8les. Un appareil photo plein-spectre pr\u00e9sente en principe une teinte de couleur extr\u00eame sous la lumi\u00e8re du soleil, qui concerne surtout les feuillages v\u00e9g\u00e9taux et les mati\u00e8res synth\u00e9tiques sombres.<\/p>\n\n\n\n<figure class=\"wp-block-gallery has-nested-images columns-default is-cropped wp-block-gallery-1 is-layout-flex wp-block-gallery-is-layout-flex\">\n<figure class=\"wp-block-image size-full\"><a href=\"https:\/\/irrecams.de\/wp-content\/uploads\/2025\/03\/fs.jpg\"><img loading=\"lazy\" decoding=\"async\" width=\"999\" height=\"666\" data-id=\"14289\" src=\"https:\/\/irrecams.de\/wp-content\/uploads\/2025\/03\/fs.jpg\" alt=\"\" class=\"wp-image-14289\" srcset=\"https:\/\/irrecams.de\/wp-content\/uploads\/2025\/03\/fs.jpg 999w, https:\/\/irrecams.de\/wp-content\/uploads\/2025\/03\/fs-300x200.jpg 300w, https:\/\/irrecams.de\/wp-content\/uploads\/2025\/03\/fs-768x512.jpg 768w, https:\/\/irrecams.de\/wp-content\/uploads\/2025\/03\/fs-18x12.jpg 18w, https:\/\/irrecams.de\/wp-content\/uploads\/2025\/03\/fs-600x400.jpg 600w\" sizes=\"auto, (max-width: 999px) 100vw, 999px\" \/><\/a><figcaption class=\"wp-element-caption\">Spectre complet<\/figcaption><\/figure>\n\n\n\n<figure class=\"wp-block-image size-full\"><a href=\"https:\/\/irrecams.de\/wp-content\/uploads\/2025\/03\/stock.jpg\"><img loading=\"lazy\" decoding=\"async\" width=\"999\" height=\"666\" data-id=\"14290\" src=\"https:\/\/irrecams.de\/wp-content\/uploads\/2025\/03\/stock.jpg\" alt=\"\" class=\"wp-image-14290\" srcset=\"https:\/\/irrecams.de\/wp-content\/uploads\/2025\/03\/stock.jpg 999w, https:\/\/irrecams.de\/wp-content\/uploads\/2025\/03\/stock-300x200.jpg 300w, https:\/\/irrecams.de\/wp-content\/uploads\/2025\/03\/stock-768x512.jpg 768w, https:\/\/irrecams.de\/wp-content\/uploads\/2025\/03\/stock-18x12.jpg 18w, https:\/\/irrecams.de\/wp-content\/uploads\/2025\/03\/stock-600x400.jpg 600w\" sizes=\"auto, (max-width: 999px) 100vw, 999px\" \/><\/a><figcaption class=\"wp-element-caption\">Original<\/figcaption><\/figure>\n<\/figure>\n\n\n\n<p>La qualit\u00e9 des couleurs peut \u00eatre consid\u00e9rablement am\u00e9lior\u00e9e avec une cam\u00e9ra plein-spectre si un filtre suppl\u00e9mentaire est utilis\u00e9. Notre <a href=\"https:\/\/irrecams.de\/fr\/boutique\/filtre-normal-uv-ir-filtre-de-blocage\/\" data-type=\"product\" data-id=\"5625\">Filtre \u00e0 vis Normal Plus<\/a> se fixent directement sur l'objectif et am\u00e9liorent la reproduction des couleurs \u00e0 un niveau \u00e0 peine diff\u00e9rent de l'original. Un grand avantage suppl\u00e9mentaire est que la balance des blancs automatique de l'appareil photo peut \u00eatre r\u00e9utilis\u00e9e.<\/p>\n\n\n\n<figure class=\"wp-block-gallery has-nested-images columns-default is-cropped wp-block-gallery-2 is-layout-flex wp-block-gallery-is-layout-flex\">\n<figure class=\"wp-block-image size-full\"><a href=\"https:\/\/irrecams.de\/wp-content\/uploads\/2025\/03\/fs_normal.jpg\"><img loading=\"lazy\" decoding=\"async\" width=\"999\" height=\"666\" data-id=\"14291\" src=\"https:\/\/irrecams.de\/wp-content\/uploads\/2025\/03\/fs_normal.jpg\" alt=\"\" class=\"wp-image-14291\" srcset=\"https:\/\/irrecams.de\/wp-content\/uploads\/2025\/03\/fs_normal.jpg 999w, https:\/\/irrecams.de\/wp-content\/uploads\/2025\/03\/fs_normal-300x200.jpg 300w, https:\/\/irrecams.de\/wp-content\/uploads\/2025\/03\/fs_normal-768x512.jpg 768w, https:\/\/irrecams.de\/wp-content\/uploads\/2025\/03\/fs_normal-18x12.jpg 18w, https:\/\/irrecams.de\/wp-content\/uploads\/2025\/03\/fs_normal-600x400.jpg 600w\" sizes=\"auto, (max-width: 999px) 100vw, 999px\" \/><\/a><figcaption class=\"wp-element-caption\">Spectre complet + normal<\/figcaption><\/figure>\n\n\n\n<figure class=\"wp-block-image size-full\"><a href=\"https:\/\/irrecams.de\/wp-content\/uploads\/2025\/03\/stock.jpg\"><img loading=\"lazy\" decoding=\"async\" width=\"999\" height=\"666\" data-id=\"14290\" src=\"https:\/\/irrecams.de\/wp-content\/uploads\/2025\/03\/stock.jpg\" alt=\"\" class=\"wp-image-14290\" srcset=\"https:\/\/irrecams.de\/wp-content\/uploads\/2025\/03\/stock.jpg 999w, https:\/\/irrecams.de\/wp-content\/uploads\/2025\/03\/stock-300x200.jpg 300w, https:\/\/irrecams.de\/wp-content\/uploads\/2025\/03\/stock-768x512.jpg 768w, https:\/\/irrecams.de\/wp-content\/uploads\/2025\/03\/stock-18x12.jpg 18w, https:\/\/irrecams.de\/wp-content\/uploads\/2025\/03\/stock-600x400.jpg 600w\" sizes=\"auto, (max-width: 999px) 100vw, 999px\" \/><\/a><figcaption class=\"wp-element-caption\">Original<\/figcaption><\/figure>\n<\/figure>\n\n\n\n<p>De petites diff\u00e9rences de couleur dans l'image finale entre une cam\u00e9ra non modifi\u00e9e et une cam\u00e9ra plein-spectre avec un filtre Normal Plus ne peuvent toutefois pas \u00eatre totalement exclues. Les diff\u00e9rences sont g\u00e9n\u00e9ralement tr\u00e8s faibles et subtiles, et sans un \u0153il exerc\u00e9, elles sont \u00e0 peine perceptibles. Il existe toutefois trois situations en particulier o\u00f9 les diff\u00e9rences sont plus marqu\u00e9es :<\/p>\n\n\n\n<ol class=\"wp-block-list\">\n<li>Les objets ayant un degr\u00e9 de r\u00e9flexion IR \u00e9lev\u00e9 peuvent pr\u00e9senter un d\u00e9calage de couleur plus important que d'habitude. Il s'agit par exemple des feuilles mortes et des v\u00eatements synth\u00e9tiques noirs.<\/li>\n\n\n\n<li>Si vous vous trouvez dans une for\u00eat, vous remarquerez une couleur boueuse sous les arbres en raison de la tr\u00e8s forte teneur en IR.<\/li>\n\n\n\n<li>Dans les situations de contre-jour, vous constaterez davantage de probl\u00e8mes et de reflets de lumi\u00e8re.<\/li>\n<\/ol>\n\n\n\n<p><strong>Remarque importante pour les DSLR :<\/strong> Un filtre Normal Plus se visse sur l'objectif, ce qui signifie que si vous regardez dans le viseur optique d'un appareil photo reflex, vous verrez une image cyan. L'exp\u00e9rience montre que l'autofocus et la mesure de l'exposition fonctionnent tr\u00e8s bien, mais que l'\u0153il peut \u00eatre irrit\u00e9 par la teinte et que le travail avec un filtre viss\u00e9 est donc un peu plus compliqu\u00e9.<\/p>\n\n\n\n<p><\/p>\n\n\n\n<h2 class=\"wp-block-heading\">Utiliser une cam\u00e9ra astronomique de jour<\/h2>\n\n\n\n<p>Avec un appareil photo \u00e9quip\u00e9 d'un \"vrai\" filtre astronomique, la sensibilit\u00e9 au rouge est certes fortement augment\u00e9e, mais la lumi\u00e8re UV et infrarouge est largement bloqu\u00e9e. Les photos prises avec ce type d'appareil pr\u00e9sentent une l\u00e9g\u00e8re teinte rouge sous la lumi\u00e8re du soleil, qui n'est pas aussi extr\u00eame qu'avec un appareil photo \u00e0 spectre complet. Ici aussi, une balance des blancs manuelle est n\u00e9cessaire pour compenser la teinte rouge, comme d\u00e9crit au d\u00e9but. Le r\u00e9sultat est une image \u00e0 premi\u00e8re vue naturelle avec des couleurs relativement bonnes. Cependant, ce filtre pr\u00e9sente quelques l\u00e9g\u00e8res faiblesses, en particulier en cas d'exposition directe au soleil : les objets pr\u00e9sentant une r\u00e9flectance IR \u00e9lev\u00e9e (surtout les feuillages v\u00e9g\u00e9taux et les tissus synth\u00e9tiques sombres) peuvent pr\u00e9senter une l\u00e9g\u00e8re aberration chromatique.<\/p>\n\n\n\n<figure class=\"wp-block-gallery has-nested-images columns-default is-cropped wp-block-gallery-3 is-layout-flex wp-block-gallery-is-layout-flex\">\n<figure class=\"wp-block-image size-full is-style-default\"><a href=\"https:\/\/irrecams.de\/wp-content\/uploads\/2025\/03\/astro.jpg\"><img loading=\"lazy\" decoding=\"async\" width=\"999\" height=\"666\" data-id=\"14292\" src=\"https:\/\/irrecams.de\/wp-content\/uploads\/2025\/03\/astro.jpg\" alt=\"\" class=\"wp-image-14292\" srcset=\"https:\/\/irrecams.de\/wp-content\/uploads\/2025\/03\/astro.jpg 999w, https:\/\/irrecams.de\/wp-content\/uploads\/2025\/03\/astro-300x200.jpg 300w, https:\/\/irrecams.de\/wp-content\/uploads\/2025\/03\/astro-768x512.jpg 768w, https:\/\/irrecams.de\/wp-content\/uploads\/2025\/03\/astro-18x12.jpg 18w, https:\/\/irrecams.de\/wp-content\/uploads\/2025\/03\/astro-600x400.jpg 600w\" sizes=\"auto, (max-width: 999px) 100vw, 999px\" \/><\/a><figcaption class=\"wp-element-caption\">Filtre astronomique<\/figcaption><\/figure>\n\n\n\n<figure class=\"wp-block-image size-large\"><a href=\"https:\/\/irrecams.de\/wp-content\/uploads\/2025\/03\/stock.jpg\"><img decoding=\"async\" data-id=\"14285\" src=\"https:\/\/irrecams.de\/wp-content\/uploads\/2025\/03\/stock.jpg\" alt=\"\" class=\"wp-image-14285\"\/><\/a><figcaption class=\"wp-element-caption\">Original<\/figcaption><\/figure>\n<\/figure>\n\n\n\n<p>Comme pour le filtre plein-spectre, la qualit\u00e9 des couleurs peut \u00eatre am\u00e9lior\u00e9e en utilisant un filtre suppl\u00e9mentaire. Notre <a href=\"https:\/\/irrecams.de\/fr\/boutique\/filtre-normal-uv-ir-filtre-de-blocage\/\">Filtre \u00e0 vis Normal Plus<\/a> sont fix\u00e9s directement sur l'objectif et am\u00e9liorent la reproduction des couleurs \u00e0 un niveau de facto indiscernable de l'original. La diff\u00e9rence n'est certes pas aussi extr\u00eame qu'avec un appareil photo \u00e0 spectre complet, mais le r\u00e9sultat est quasiment parfait - avec des feuilles vertes, des tissus synth\u00e9tiques et dans la for\u00eat, une diff\u00e9rence de couleur est seulement mesurable et n'a pas d'influence significative sur l'image. Et bien s\u00fbr, le filtre suppl\u00e9mentaire permet \u00e0 nouveau de recourir tr\u00e8s facilement \u00e0 la balance des blancs automatique de l'appareil photo.<\/p>\n\n\n\n<figure class=\"wp-block-gallery has-nested-images columns-default is-cropped wp-block-gallery-4 is-layout-flex wp-block-gallery-is-layout-flex\">\n<figure class=\"wp-block-image size-full\"><a href=\"https:\/\/irrecams.de\/wp-content\/uploads\/2025\/03\/astro_normal.jpg\"><img loading=\"lazy\" decoding=\"async\" width=\"999\" height=\"666\" data-id=\"14294\" src=\"https:\/\/irrecams.de\/wp-content\/uploads\/2025\/03\/astro_normal.jpg\" alt=\"\" class=\"wp-image-14294\" srcset=\"https:\/\/irrecams.de\/wp-content\/uploads\/2025\/03\/astro_normal.jpg 999w, https:\/\/irrecams.de\/wp-content\/uploads\/2025\/03\/astro_normal-300x200.jpg 300w, https:\/\/irrecams.de\/wp-content\/uploads\/2025\/03\/astro_normal-768x512.jpg 768w, https:\/\/irrecams.de\/wp-content\/uploads\/2025\/03\/astro_normal-18x12.jpg 18w, https:\/\/irrecams.de\/wp-content\/uploads\/2025\/03\/astro_normal-600x400.jpg 600w\" sizes=\"auto, (max-width: 999px) 100vw, 999px\" \/><\/a><figcaption class=\"wp-element-caption\">Filtre astronomique + normal <\/figcaption><\/figure>\n\n\n\n<figure class=\"wp-block-image size-large\"><a href=\"https:\/\/irrecams.de\/wp-content\/uploads\/2025\/03\/stock.jpg\"><img decoding=\"async\" data-id=\"14285\" src=\"https:\/\/irrecams.de\/wp-content\/uploads\/2025\/03\/stock.jpg\" alt=\"\" class=\"wp-image-14285\"\/><\/a><figcaption class=\"wp-element-caption\">Original<\/figcaption><\/figure>\n<\/figure>\n\n\n\n<p><strong>Remarque importante pour les DSLR :<\/strong> Un filtre Normal Plus se visse sur l'objectif, ce qui signifie que lorsque vous regardez dans le viseur optique d'un appareil photo reflex, vous voyez une image cyan. L'exp\u00e9rience montre que l'autofocus et la mesure de l'exposition fonctionnent tr\u00e8s bien, mais que l'\u0153il peut \u00eatre irrit\u00e9 par la teinte et que travailler avec un filtre viss\u00e9 est donc un peu plus compliqu\u00e9.<\/p>\n\n\n\n<hr class=\"wp-block-separator has-alpha-channel-opacity\"\/>\n\n\n\n<div class=\"wp-block-buttons is-horizontal is-content-justification-center is-layout-flex wp-container-core-buttons-is-layout-03627597 wp-block-buttons-is-layout-flex\">\n<div class=\"wp-block-button\"><a class=\"wp-block-button__link wp-element-button\" href=\"https:\/\/irrecams.de\/fr\/filtre-astro-photographier-les-etoiles-de-nuit-avec-des-appareils-photo-modifies\/\" style=\"border-radius:5px\">Avantage de la transformation astro<\/a><\/div>\n\n\n\n<div class=\"wp-block-button\"><a class=\"wp-block-button__link wp-element-button\" href=\"https:\/\/irrecams.de\/fr\/quels-sont-les-filtres-qui-conviennent-a-la-transformation-dun-h-alpha-astro\/\" style=\"border-radius:5px\">Quel filtre astronomique<\/a><\/div>\n\n\n\n<div class=\"wp-block-button\"><a class=\"wp-block-button__link wp-element-button\" href=\"https:\/\/irrecams.de\/fr\/filtres-supplementaires-pour-lastrophotographie\/\" style=\"border-radius:5px\">Filtres suppl\u00e9mentaires<\/a><\/div>\n\n\n\n<div class=\"wp-block-button\"><a class=\"wp-block-button__link wp-element-button\" href=\"https:\/\/irrecams.de\/fr\/categorie-produit\/service-de-conversion-de-camera-astro\/\" style=\"border-radius:5px\">Commander une transformation d'astro<\/a><\/div>\n\n\n\n<div class=\"wp-block-button\"><a class=\"wp-block-button__link wp-element-button\" href=\"https:\/\/irrecams.de\/fr\/galerie-infrarouge\/prise-avec-astrofilter\/\" style=\"border-radius:5px\">Plus d'astrophotos<\/a><\/div>\n\n\n\n<div class=\"wp-block-button\"><a class=\"wp-block-button__link wp-element-button\" href=\"https:\/\/irrecams.de\/fr\/photographie-infrarouge\/\" style=\"border-radius:5px\">En savoir plus sur la photographie infrarouge<\/a><\/div>\n\n\n<\/div>","protected":false},"excerpt":{"rendered":"<p>Oft liest man, dass eine Kamera welche f\u00fcr Astrofotografie modifiziert wurde, nicht f\u00fcr die normale Fotografie am Tage zu gebrauchen ist. Solch eine pauschale Aussage ist zu undifferenziert und fast falsch &#8211; die Tagestauglichkeit ist von der Art des Umbaues abh\u00e4ngig und kann je nach Kameratyp mit einem zus\u00e4tzlichen Filter dramatisch verbessert werden. Grunds\u00e4tzlich wurde [&hellip;]<\/p>\n","protected":false},"author":1,"featured_media":0,"parent":0,"menu_order":22,"comment_status":"closed","ping_status":"closed","template":"","meta":{"footnotes":""},"class_list":["post-14282","page","type-page","status-publish","hentry"],"_links":{"self":[{"href":"https:\/\/irrecams.de\/fr\/wp-json\/wp\/v2\/pages\/14282","targetHints":{"allow":["GET"]}}],"collection":[{"href":"https:\/\/irrecams.de\/fr\/wp-json\/wp\/v2\/pages"}],"about":[{"href":"https:\/\/irrecams.de\/fr\/wp-json\/wp\/v2\/types\/page"}],"author":[{"embeddable":true,"href":"https:\/\/irrecams.de\/fr\/wp-json\/wp\/v2\/users\/1"}],"replies":[{"embeddable":true,"href":"https:\/\/irrecams.de\/fr\/wp-json\/wp\/v2\/comments?post=14282"}],"version-history":[{"count":10,"href":"https:\/\/irrecams.de\/fr\/wp-json\/wp\/v2\/pages\/14282\/revisions"}],"predecessor-version":[{"id":14352,"href":"https:\/\/irrecams.de\/fr\/wp-json\/wp\/v2\/pages\/14282\/revisions\/14352"}],"wp:attachment":[{"href":"https:\/\/irrecams.de\/fr\/wp-json\/wp\/v2\/media?parent=14282"}],"curies":[{"name":"wp","href":"https:\/\/api.w.org\/{rel}","templated":true}]}}