{"id":14298,"date":"2025-03-02T13:31:44","date_gmt":"2025-03-02T12:31:44","guid":{"rendered":"https:\/\/irrecams.de\/?page_id=14298"},"modified":"2025-03-02T14:34:02","modified_gmt":"2025-03-02T13:34:02","slug":"filtres-supplementaires-pour-lastrophotographie","status":"publish","type":"page","link":"https:\/\/irrecams.de\/fr\/filtres-supplementaires-pour-lastrophotographie\/","title":{"rendered":"Filtres suppl\u00e9mentaires pour l'astrophotographie"},"content":{"rendered":"<details class=\"wp-block-details has-background has-medium-font-size is-layout-flow wp-block-details-is-layout-flow\" style=\"background-color:#dfdfdf\" open><summary>Aper\u00e7u du contenu<\/summary>\n<blockquote class=\"wp-block-quote is-layout-flow wp-block-quote-is-layout-flow\">\n<ul class=\"wp-block-list\">\n<li><a href=\"https:\/\/irrecams.de\/fr\/blog\/2021\/photographier-les-etoiles-avec-un-appareil-photo-modifie-pour-lastrometrie\/\" data-type=\"post\" data-id=\"7019\">Avantages de la transformation Astro<\/a><\/li>\n\n\n\n<li><a href=\"https:\/\/irrecams.de\/fr\/quels-sont-les-filtres-qui-conviennent-a-la-transformation-dun-h-alpha-astro\/\" data-type=\"page\" data-id=\"14276\">Quel filtre astronomique<\/a><\/li>\n\n\n\n<li><a href=\"https:\/\/irrecams.de\/fr\/comment-utiliser-une-camera-astronomique-de-jour-pour-la-photographie-normale\/\" data-type=\"page\" data-id=\"14282\">Cam\u00e9ra astronomique de jour<\/a><\/li>\n\n\n\n<li><strong>Filtres suppl\u00e9mentaires<\/strong><\/li>\n<\/ul>\n<\/blockquote>\n<\/details>\n\n\n\n<p>Dans l'astrophotographie, diff\u00e9rents filtres ont une longue tradition. Les filtres UHC ou \u00e0 bande passante \u00e9troite, en particulier, existent depuis des d\u00e9cennies et ont une place fixe dans chaque bo\u00eete \u00e0 filtres. En g\u00e9n\u00e9ral, ces filtres peuvent \u00eatre combin\u00e9s sans probl\u00e8me avec des cam\u00e9ras modifi\u00e9es. Il est souvent indiff\u00e9rent que l'appareil photo ait \u00e9t\u00e9 transform\u00e9 en plein spectre ou qu'un \"vrai\" filtre astronomique ait \u00e9t\u00e9 install\u00e9 - ce n'est qu'avec des objectifs grand angle que tous les filtres ne sont pas compatibles ou utiles.  <\/p>\n\n\n\n<figure class=\"wp-block-image size-large\"><a href=\"https:\/\/irrecams.de\/wp-content\/uploads\/2025\/03\/XT4A8867_stack.jpg\"><img loading=\"lazy\" decoding=\"async\" width=\"683\" height=\"1024\" src=\"https:\/\/irrecams.de\/wp-content\/uploads\/2025\/03\/XT4A8867_stack-683x1024.jpg\" alt=\"Voie lact\u00e9e au-dessus de la prairie (filtre astronomique)\" class=\"wp-image-14304\" srcset=\"https:\/\/irrecams.de\/wp-content\/uploads\/2025\/03\/XT4A8867_stack-683x1024.jpg 683w, https:\/\/irrecams.de\/wp-content\/uploads\/2025\/03\/XT4A8867_stack-200x300.jpg 200w, https:\/\/irrecams.de\/wp-content\/uploads\/2025\/03\/XT4A8867_stack-768x1152.jpg 768w, https:\/\/irrecams.de\/wp-content\/uploads\/2025\/03\/XT4A8867_stack-1024x1536.jpg 1024w, https:\/\/irrecams.de\/wp-content\/uploads\/2025\/03\/XT4A8867_stack-8x12.jpg 8w, https:\/\/irrecams.de\/wp-content\/uploads\/2025\/03\/XT4A8867_stack-600x900.jpg 600w, https:\/\/irrecams.de\/wp-content\/uploads\/2025\/03\/XT4A8867_stack.jpg 1280w\" sizes=\"auto, (max-width: 683px) 100vw, 683px\" \/><\/a><figcaption class=\"wp-element-caption\">Voie lact\u00e9e au-dessus de la prairie (filtre astronomique)<\/figcaption><\/figure>\n\n\n\n<p>Beaucoup de ces filtres sont destin\u00e9s \u00e0 att\u00e9nuer la pollution lumineuse de notre monde industriel. Afin d'avoir le moins d'influence possible sur l'image et les couleurs, certaines plages spectrales de sources lumineuses connues (par exemple les lampes \u00e0 vapeur de mercure et de sodium) sont att\u00e9nu\u00e9es de mani\u00e8re tr\u00e8s cibl\u00e9e. Cependant, avec le passage progressif de notre \u00e9clairage (de rue) aux LED \u00e0 spectre continu, ces filtres deviendront de moins en moins efficaces au fil du temps.<\/p>\n\n\n\n<p><\/p>\n\n\n\n<h2 class=\"wp-block-heading\">Filtres UHC et H-Alpha<\/h2>\n\n\n\n<p>La pollution lumineuse omnipr\u00e9sente est ind\u00e9niable et n'est pas seulement un probl\u00e8me pour une cam\u00e9ra modifi\u00e9e. De nombreux filtres ont \u00e9t\u00e9 mis sur le march\u00e9 pour supprimer les lignes spectrales g\u00eanantes. Ces filtres permettent d'obtenir des r\u00e9sultats fascinants - par exemple, un filtre H-Alpha \u00e0 bande \u00e9troite permet d'obtenir des r\u00e9sultats utilisables m\u00eame par une nuit de pleine lune. Lorsque l'on tient des filtres de ce type dans la main, ils ne ressemblent pas \u00e0 du verre mais ont un caract\u00e8re m\u00e9tallique - une surface m\u00e9tallique r\u00e9fl\u00e9chissante, parfois avec une nuance de couleur, est caract\u00e9ristique.<\/p>\n\n\n\n<p>M\u00eame si ces filtres ont \u00e9t\u00e9 con\u00e7us et pens\u00e9s pour des cam\u00e9ras non modifi\u00e9es, ils sont g\u00e9n\u00e9ralement utilisables sans probl\u00e8me pour une cam\u00e9ra plein-spectre ou une cam\u00e9ra astronomique. La seule restriction est la d\u00e9pendance angulaire des filtres, qui pose tout autant de probl\u00e8mes avec les cam\u00e9ras non modifi\u00e9es (pour en savoir plus sur la d\u00e9pendance angulaire, voir aussi la section \"Choix du filtre\"). Ces filtres sont g\u00e9n\u00e9ralement utilis\u00e9s dans des t\u00e9lescopes ou des t\u00e9l\u00e9objectifs, o\u00f9 leur utilisation ne pose pas de probl\u00e8me. Comme nous l'avons d\u00e9j\u00e0 dit, l'utilisation peut \u00e9galement avoir du sens avec un appareil photo transform\u00e9, en fonction du sc\u00e9nario de prise de vue. Ces filtres ne sont pas compatibles avec les objectifs grand angle.<\/p>\n\n\n\n<figure class=\"wp-block-image size-large\"><a href=\"https:\/\/irrecams.de\/wp-content\/uploads\/2024\/01\/0228_Horsehead_X-T3_starnet.jpg\"><img loading=\"lazy\" decoding=\"async\" width=\"1024\" height=\"694\" src=\"https:\/\/irrecams.de\/wp-content\/uploads\/2024\/01\/0228_Horsehead_X-T3_starnet-1024x694.jpg\" alt=\"La n\u00e9buleuse de la T\u00eate de Cheval dans la ceinture d&#039;Orion - prise avec un filtre astronomique\" class=\"wp-image-11273\" srcset=\"https:\/\/irrecams.de\/wp-content\/uploads\/2024\/01\/0228_Horsehead_X-T3_starnet-1024x694.jpg 1024w, https:\/\/irrecams.de\/wp-content\/uploads\/2024\/01\/0228_Horsehead_X-T3_starnet-300x203.jpg 300w, https:\/\/irrecams.de\/wp-content\/uploads\/2024\/01\/0228_Horsehead_X-T3_starnet-768x521.jpg 768w, https:\/\/irrecams.de\/wp-content\/uploads\/2024\/01\/0228_Horsehead_X-T3_starnet-1536x1042.jpg 1536w, https:\/\/irrecams.de\/wp-content\/uploads\/2024\/01\/0228_Horsehead_X-T3_starnet-18x12.jpg 18w, https:\/\/irrecams.de\/wp-content\/uploads\/2024\/01\/0228_Horsehead_X-T3_starnet-600x407.jpg 600w, https:\/\/irrecams.de\/wp-content\/uploads\/2024\/01\/0228_Horsehead_X-T3_starnet.jpg 1920w\" sizes=\"auto, (max-width: 1024px) 100vw, 1024px\" \/><\/a><figcaption class=\"wp-element-caption\">La n\u00e9buleuse de la T\u00eate de Cheval dans la ceinture d'Orion - prise avec un filtre astronomique<\/figcaption><\/figure>\n\n\n\n<h2 class=\"wp-block-heading\">Filtre contre la pollution lumineuse<\/h2>\n\n\n\n<p>Il existe un autre type de filtre sur le march\u00e9, dont l'objectif est d'att\u00e9nuer la pollution lumineuse. Les filtres dits de pollution lumineuse fonctionnent sur la base de l'absorption ; lorsqu'on les tient en main, le verre semble transparent et pr\u00e9sente une teinte bleue ou violette. L'effet de filtrage est g\u00e9n\u00e9ralement plus doux que celui des filtres UHC, la pollution lumineuse n'est pas totalement bloqu\u00e9e mais \"seulement\" att\u00e9nu\u00e9e. Contrairement aux filtres UHC par exemple, ces filtres ne d\u00e9pendent pas de l'angle et peuvent donc \u00eatre utilis\u00e9s sans probl\u00e8me sur des objectifs grand angle.<\/p>\n\n\n\n<p>Ces filtres sont con\u00e7us pour supprimer les zones spectrales visibles de la pollution lumineuse. Pratiquement toutes les sources lumineuses ont cependant aussi une bonne part de lumi\u00e8re infrarouge qu'elles \u00e9mettent dans le ciel nocturne. Ces parts d'IR ne sont pas supprim\u00e9es par les filtres de pollution lumineuse et peuvent parvenir librement au capteur. Un tel filtre n'est donc pas une solution pour une cam\u00e9ra plein-spectre qui, avec un tel filtre, montrerait toujours une pollution lumineuse verd\u00e2tre dans le ciel et un feuillage magenta au premier plan.<\/p>\n\n\n\n<p>Si la cam\u00e9ra a \u00e9t\u00e9 modifi\u00e9e avec un \"vrai\" filtre astronomique, celui-ci supprime efficacement les composantes infrarouges. Un filtre de pollution lumineuse suppl\u00e9mentaire peut alors aider sensiblement \u00e0 r\u00e9duire la pollution lumineuse et \u00e0 augmenter le contraste entre le fond du ciel et, par exemple, la voie lact\u00e9e. Bien s\u00fbr, tout cela a des limites et il ne faut pas s'attendre \u00e0 des miracles. Il n'y a pas de mesure plus importante que de chercher un endroit aussi sombre que possible pour les prises de vue, mais ces filtres aident tout de m\u00eame un peu. Presque toutes les photos de paysages<a href=\"https:\/\/irrecams.de\/fr\/galerie-infrarouge\/prise-avec-astrofilter\/\" data-type=\"page\" data-id=\"6992\"> Galerie d'astro<\/a> ont d'ailleurs \u00e9t\u00e9 prises avec un tel filtre suppl\u00e9mentaire.<\/p>\n\n\n\n<figure class=\"wp-block-image size-large\"><a href=\"https:\/\/irrecams.de\/wp-content\/uploads\/2024\/03\/Vilm_MS_stacked.jpg\"><img loading=\"lazy\" decoding=\"async\" width=\"1024\" height=\"683\" src=\"https:\/\/irrecams.de\/wp-content\/uploads\/2024\/03\/Vilm_MS_stacked-1024x683.jpg\" alt=\"Voie lact\u00e9e au-dessus de l&#039;\u00eele de Vilm (filtre astronomique Optolong)\" class=\"wp-image-11606\" srcset=\"https:\/\/irrecams.de\/wp-content\/uploads\/2024\/03\/Vilm_MS_stacked-1024x683.jpg 1024w, https:\/\/irrecams.de\/wp-content\/uploads\/2024\/03\/Vilm_MS_stacked-300x200.jpg 300w, https:\/\/irrecams.de\/wp-content\/uploads\/2024\/03\/Vilm_MS_stacked-768x512.jpg 768w, https:\/\/irrecams.de\/wp-content\/uploads\/2024\/03\/Vilm_MS_stacked-1536x1024.jpg 1536w, https:\/\/irrecams.de\/wp-content\/uploads\/2024\/03\/Vilm_MS_stacked-18x12.jpg 18w, https:\/\/irrecams.de\/wp-content\/uploads\/2024\/03\/Vilm_MS_stacked-600x400.jpg 600w, https:\/\/irrecams.de\/wp-content\/uploads\/2024\/03\/Vilm_MS_stacked.jpg 1920w\" sizes=\"auto, (max-width: 1024px) 100vw, 1024px\" \/><\/a><figcaption class=\"wp-element-caption\">Voie lact\u00e9e au-dessus de l'\u00eele de Vilm (Astrofilter)<\/figcaption><\/figure>\n\n\n\n<h2 class=\"wp-block-heading\">Filtre \u00e0 clipser<\/h2>\n\n\n\n<p>Le terme \"filtre \u00e0 clipser\" d\u00e9signe les petits verres filtrants qui se trouvent dans une monture sp\u00e9ciale et qui sont install\u00e9s directement entre le capteur et l'objectif, c'est-\u00e0-dire dans la ba\u00efonnette de l'appareil photo. Ils peuvent \u00eatre remplac\u00e9s par l'utilisateur lui-m\u00eame et sont donc tr\u00e8s populaires. Un avantage bien plus important de ces filtres est toutefois que les rayons lumineux entre l'objectif et le capteur se pr\u00e9sentent sous un angle tr\u00e8s limit\u00e9 et que la d\u00e9pendance angulaire de l'effet de filtrage de nombreux filtres ne pose aucun probl\u00e8me. En bref, on pourrait utiliser ici des filtres astronomiques ou des filtres UHC sans risquer un d\u00e9calage des couleurs vers les bords de l'image.<\/p>\n\n\n\n<p>Malheureusement, dans la pratique, un filtre clip-in est constitu\u00e9 d'un seul morceau de verre et modifie donc toujours le chemin optique. L'\u00e9paisseur du filtre entre le capteur et la lentille arri\u00e8re d'un objectif est importante et est \u00e9galement prise en compte dans la construction optique de l'optique. Pour les focales normales et les t\u00e9l\u00e9objectifs, un petit \u00e9cart n'est souvent pas critique, mais pour les objectifs grand angle, cela entra\u00eenera in\u00e9vitablement des bords flous et des \u00e9toiles d\u00e9form\u00e9es. Il est certes possible d'am\u00e9liorer ces d\u00e9fauts d'image en att\u00e9nuant le diaphragme, mais cette option n'est \u00e9videmment envisageable que pour les prises de vue de jour.<\/p>\n\n\n\n<p>C'est pourquoi nous ne recommandons aucun filtre \u00e0 clipser, que ce soit pour les cam\u00e9ras modifi\u00e9es ou non, et conseillons plut\u00f4t de proc\u00e9der \u00e0 une modification astro d\u00e9di\u00e9e avec un filtre astro adapt\u00e9. C'est la seule fa\u00e7on de garantir la meilleure qualit\u00e9 d'image, en particulier avec des objectifs grand angle tr\u00e8s lumineux.<\/p>\n\n\n\n<hr class=\"wp-block-separator has-alpha-channel-opacity\"\/>\n\n\n\n<div class=\"wp-block-buttons is-horizontal is-content-justification-center is-layout-flex wp-container-core-buttons-is-layout-03627597 wp-block-buttons-is-layout-flex\">\n<div class=\"wp-block-button\"><a class=\"wp-block-button__link wp-element-button\" href=\"https:\/\/irrecams.de\/fr\/filtre-astro-photographier-les-etoiles-de-nuit-avec-des-appareils-photo-modifies\/\" style=\"border-radius:5px\">Avantage de la transformation astro<\/a><\/div>\n\n\n\n<div class=\"wp-block-button\"><a class=\"wp-block-button__link wp-element-button\" href=\"https:\/\/irrecams.de\/fr\/quels-sont-les-filtres-qui-conviennent-a-la-transformation-dun-h-alpha-astro\/\" style=\"border-radius:5px\">Quel filtre astronomique<\/a><\/div>\n\n\n\n<div class=\"wp-block-button\"><a class=\"wp-block-button__link wp-element-button\" href=\"https:\/\/irrecams.de\/fr\/comment-utiliser-une-camera-astronomique-de-jour-pour-la-photographie-normale\/\" style=\"border-radius:5px\">Cam\u00e9ra astronomique de jour<\/a><\/div>\n\n\n\n<div class=\"wp-block-button\"><a class=\"wp-block-button__link wp-element-button\" href=\"https:\/\/irrecams.de\/fr\/categorie-produit\/service-de-conversion-de-camera-astro\/\" style=\"border-radius:5px\">Commander une transformation d'astro<\/a><\/div>\n\n\n\n<div class=\"wp-block-button\"><a class=\"wp-block-button__link wp-element-button\" href=\"https:\/\/irrecams.de\/fr\/galerie-infrarouge\/prise-avec-astrofilter\/\" style=\"border-radius:5px\">Plus d'astrophotos<\/a><\/div>\n\n\n\n<div class=\"wp-block-button\"><a class=\"wp-block-button__link wp-element-button\" href=\"https:\/\/irrecams.de\/fr\/photographie-infrarouge\/\" style=\"border-radius:5px\">En savoir plus sur la photographie infrarouge<\/a><\/div>\n<\/div>\n\n\n\n<hr class=\"wp-block-separator has-alpha-channel-opacity\"\/>\n\n\n\n<figure class=\"wp-block-image size-large\"><a href=\"https:\/\/irrecams.de\/wp-content\/uploads\/2023\/01\/Kaliforniennebel_Siril_20221214.jpg\"><img loading=\"lazy\" decoding=\"async\" width=\"1024\" height=\"683\" src=\"https:\/\/irrecams.de\/wp-content\/uploads\/2023\/01\/Kaliforniennebel_Siril_20221214-1024x683.jpg\" alt=\"N\u00e9buleuse de Californie (Astroumbau)\" class=\"wp-image-9210\" srcset=\"https:\/\/irrecams.de\/wp-content\/uploads\/2023\/01\/Kaliforniennebel_Siril_20221214-1024x683.jpg 1024w, https:\/\/irrecams.de\/wp-content\/uploads\/2023\/01\/Kaliforniennebel_Siril_20221214-600x400.jpg 600w, https:\/\/irrecams.de\/wp-content\/uploads\/2023\/01\/Kaliforniennebel_Siril_20221214-300x200.jpg 300w, https:\/\/irrecams.de\/wp-content\/uploads\/2023\/01\/Kaliforniennebel_Siril_20221214-768x512.jpg 768w, https:\/\/irrecams.de\/wp-content\/uploads\/2023\/01\/Kaliforniennebel_Siril_20221214-1536x1024.jpg 1536w, https:\/\/irrecams.de\/wp-content\/uploads\/2023\/01\/Kaliforniennebel_Siril_20221214-18x12.jpg 18w, https:\/\/irrecams.de\/wp-content\/uploads\/2023\/01\/Kaliforniennebel_Siril_20221214.jpg 1920w\" sizes=\"auto, (max-width: 1024px) 100vw, 1024px\" \/><\/a><figcaption class=\"wp-element-caption\">N\u00e9buleuse de Californie (Astroumbau)<\/figcaption><\/figure>","protected":false},"excerpt":{"rendered":"<p>In der Astrofotografie haben verschiedene Filter eine lange Tradition. Insbesondere UHC oder Schmalbandpass Filter gibt es schon seit Jahrzehnten und sie haben einen festen Platz in jedem Filterkasten. Diese Filter k\u00f6nnen in der Regel problemlos mit umgebauten Kameras kombiniert werden. Dabei ist es oft egal ob die Kamera auf Vollspektrum umgebaut wurde oder ob ein [&hellip;]<\/p>\n","protected":false},"author":1,"featured_media":0,"parent":0,"menu_order":23,"comment_status":"closed","ping_status":"closed","template":"","meta":{"footnotes":""},"class_list":["post-14298","page","type-page","status-publish","hentry"],"_links":{"self":[{"href":"https:\/\/irrecams.de\/fr\/wp-json\/wp\/v2\/pages\/14298","targetHints":{"allow":["GET"]}}],"collection":[{"href":"https:\/\/irrecams.de\/fr\/wp-json\/wp\/v2\/pages"}],"about":[{"href":"https:\/\/irrecams.de\/fr\/wp-json\/wp\/v2\/types\/page"}],"author":[{"embeddable":true,"href":"https:\/\/irrecams.de\/fr\/wp-json\/wp\/v2\/users\/1"}],"replies":[{"embeddable":true,"href":"https:\/\/irrecams.de\/fr\/wp-json\/wp\/v2\/comments?post=14298"}],"version-history":[{"count":15,"href":"https:\/\/irrecams.de\/fr\/wp-json\/wp\/v2\/pages\/14298\/revisions"}],"predecessor-version":[{"id":14351,"href":"https:\/\/irrecams.de\/fr\/wp-json\/wp\/v2\/pages\/14298\/revisions\/14351"}],"wp:attachment":[{"href":"https:\/\/irrecams.de\/fr\/wp-json\/wp\/v2\/media?parent=14298"}],"curies":[{"name":"wp","href":"https:\/\/api.w.org\/{rel}","templated":true}]}}