{"id":28,"date":"2015-01-06T11:46:45","date_gmt":"2015-01-06T10:46:45","guid":{"rendered":"http:\/\/wp10590344.server-he.de\/irrecams2\/?page_id=28"},"modified":"2024-09-16T13:39:10","modified_gmt":"2024-09-16T11:39:10","slug":"photographie-infrarouge","status":"publish","type":"page","link":"https:\/\/irrecams.de\/fr\/photographie-infrarouge\/","title":{"rendered":"Photographie infrarouge"},"content":{"rendered":"<p>\"La photographie infrarouge ? Je n'ai jamais entendu \u00e7a\". Mais tr\u00e8s certainement d\u00e9j\u00e0 vu, sans savoir qu'il s'agit de photographie infrarouge. La photographie dans le domaine de l'infrarouge produit un \"look\" ind\u00e9niable. Les feuillages verts deviennent intens\u00e9ment clairs, un ciel bleu est reproduit beaucoup plus sombre et le teint de la peau des personnes dont on fait le portrait se transforme en couleurs pastel bleues. Dans la photographie de paysage infrarouge, les motifs gagnent en contraste et en brillance, sans oublier que les photos infrarouges ont souvent un effet mystique et myst\u00e9rieux. Mais en quoi consiste la photographie de l'invisible ?<\/p>\n\n\n\n<figure class=\"wp-block-image size-large\"><a href=\"https:\/\/irrecams.de\/wp-content\/uploads\/2021\/01\/SAM_6868.jpg\"><img loading=\"lazy\" decoding=\"async\" width=\"1024\" height=\"683\" src=\"https:\/\/irrecams.de\/wp-content\/uploads\/2021\/01\/SAM_6868-1024x683.jpg\" alt=\"630 nm\" class=\"wp-image-5877\" title=\"Photographie infrarouge\" srcset=\"https:\/\/irrecams.de\/wp-content\/uploads\/2021\/01\/SAM_6868-1024x683.jpg 1024w, https:\/\/irrecams.de\/wp-content\/uploads\/2021\/01\/SAM_6868-600x400.jpg 600w, https:\/\/irrecams.de\/wp-content\/uploads\/2021\/01\/SAM_6868-300x200.jpg 300w, https:\/\/irrecams.de\/wp-content\/uploads\/2021\/01\/SAM_6868-768x513.jpg 768w, https:\/\/irrecams.de\/wp-content\/uploads\/2021\/01\/SAM_6868-350x234.jpg 350w, https:\/\/irrecams.de\/wp-content\/uploads\/2021\/01\/SAM_6868.jpg 1500w\" sizes=\"auto, (max-width: 1024px) 100vw, 1024px\" \/><\/a><\/figure>\n\n\n\n<h2 class=\"wp-block-heading\">Le spectre et notre \u0153il<\/h2>\n\n\n\n<p>La partie du spectre \u00e9lectromagn\u00e9tique que nous pouvons voir avec nos yeux est tr\u00e8s limit\u00e9e. Notre perception se situe entre environ 400 nm (violet) et environ 700 nm (rouge) de longueur d'onde, le reste reste \u00e9tant malheureusement cach\u00e9. Le domaine visible (ou domaine VIS) est directement suivi par les domaines proches de l'ultraviolet et de l'infrarouge.<\/p>\n\n\n\n<figure class=\"wp-block-image size-large\"><a href=\"https:\/\/irrecams.de\/wp-content\/uploads\/2015\/01\/spektrum.jpg\"><img loading=\"lazy\" decoding=\"async\" width=\"1024\" height=\"301\" src=\"https:\/\/irrecams.de\/wp-content\/uploads\/2015\/01\/spektrum-1024x301.jpg\" alt=\"\" class=\"wp-image-199\" srcset=\"https:\/\/irrecams.de\/wp-content\/uploads\/2015\/01\/spektrum-1024x301.jpg 1024w, https:\/\/irrecams.de\/wp-content\/uploads\/2015\/01\/spektrum-600x176.jpg 600w, https:\/\/irrecams.de\/wp-content\/uploads\/2015\/01\/spektrum-300x88.jpg 300w, https:\/\/irrecams.de\/wp-content\/uploads\/2015\/01\/spektrum.jpg 1362w\" sizes=\"auto, (max-width: 1024px) 100vw, 1024px\" \/><\/a><\/figure>\n\n\n\n<p>Bien que l'on ne puisse gu\u00e8re s'attendre \u00e0 des diff\u00e9rences en raison de la proximit\u00e9 du domaine visible (VIS), les r\u00e9sultats des images prouvent le contraire. Dans ces domaines spectraux, les plantes r\u00e9fl\u00e9chissent presque enti\u00e8rement la lumi\u00e8re afin d'\u00e9viter une surchauffe et des dommages aux tissus dus au rayonnement solaire. Il en r\u00e9sulte que la v\u00e9g\u00e9tation v\u00e9g\u00e9tale appara\u00eet tr\u00e8s claire, voire blanche, sur les images IR. Cet effet ne peut pas \u00eatre calcul\u00e9 par un filtre en post-traitement.<\/p>\n\n\n\n<p>Pour rendre ces domaines spectraux visibles \u00e0 nos yeux, nous avons besoin d'un outil. Les capteurs d'image de tous les appareils photo num\u00e9riques courants sont en principe bien adapt\u00e9s \u00e0 la saisie du proche infrarouge ou de l'UV. Seul l'\u00e9tat d'usine dans lequel un appareil photo est achet\u00e9 rend la photographie infrarouge extr\u00eamement difficile, voire impossible. Vous trouverez les possibilit\u00e9s pour la photographie num\u00e9rique infrarouge dans le <a class=\"rank-math-link\" href=\"https:\/\/irrecams.de\/fr\/transformation-infrarouge-technique-expliquee\/\">Section technique<\/a>.<\/p>\n\n\n\n<h2 class=\"wp-block-heading\">Effet d'image des prises de vue infrarouges<\/h2>\n\n\n\n<p>Saisir l'invisible a certainement son propre attrait. Objectivement, les photos infrarouges montrent parfois des surfaces tr\u00e8s diff\u00e9rentes et les images gagnent souvent en brillance et en contraste. La caract\u00e9ristique la plus \u00e9vidente de la photographie infrarouge est sans doute le feuillage clair. Outre l'effet \"bois\", on remarque que le ciel et l'eau sont beaucoup plus sombres. Il est souvent possible d'obtenir un tr\u00e8s beau contraste dans le ciel, notamment en combinaison avec des nuages moutonneux.<\/p>\n\n\n\n<figure class=\"wp-block-image size-large\"><a href=\"https:\/\/irrecams.de\/wp-content\/uploads\/2021\/01\/SAM_7784.jpg\"><img loading=\"lazy\" decoding=\"async\" width=\"1024\" height=\"684\" src=\"https:\/\/irrecams.de\/wp-content\/uploads\/2021\/01\/SAM_7784-1024x684.jpg\" alt=\"630 nm\" class=\"wp-image-5886\" srcset=\"https:\/\/irrecams.de\/wp-content\/uploads\/2021\/01\/SAM_7784-1024x684.jpg 1024w, https:\/\/irrecams.de\/wp-content\/uploads\/2021\/01\/SAM_7784-600x401.jpg 600w, https:\/\/irrecams.de\/wp-content\/uploads\/2021\/01\/SAM_7784-300x200.jpg 300w, https:\/\/irrecams.de\/wp-content\/uploads\/2021\/01\/SAM_7784-768x513.jpg 768w, https:\/\/irrecams.de\/wp-content\/uploads\/2021\/01\/SAM_7784-1536x1026.jpg 1536w, https:\/\/irrecams.de\/wp-content\/uploads\/2021\/01\/SAM_7784-350x234.jpg 350w, https:\/\/irrecams.de\/wp-content\/uploads\/2021\/01\/SAM_7784.jpg 2000w\" sizes=\"auto, (max-width: 1024px) 100vw, 1024px\" \/><\/a><\/figure>\n\n\n\n<p>Les photos IR sont souvent tr\u00e8s contrast\u00e9es, notamment parce qu'elles ont \u00e9t\u00e9 prises dans la lumi\u00e8re dure de midi. N\u00e9anmoins, les ombres et les hautes lumi\u00e8res sont bien marqu\u00e9es. Les feuilles mortes dans un paysage agissent comme un grand r\u00e9flecteur et assurent que m\u00eame dans les ombres des arbres, il y a encore suffisamment de lumi\u00e8re. La photographie infrarouge permet de cr\u00e9er facilement des ambiances uniques. Un paysage connu s'\u00e9claire ainsi sous un jour nouveau. <\/p>\n\n\n\n<p>La plupart des photographes infrarouges sont actifs dans la photographie de paysage, mais l'application ne se limite \u00e9videmment pas \u00e0 cela. Ceux qui s'essaient \u00e0 la photographie de portraits IR constatent rapidement que la peau humaine prend un teint clair et doux. C'est un effet tr\u00e8s appr\u00e9ci\u00e9, et pas seulement par les photographes de mariage.<\/p>\n\n\n\n<figure class=\"wp-block-image size-large\"><a href=\"https:\/\/irrecams.de\/wp-content\/uploads\/2021\/01\/IMGP9855.jpg\"><img loading=\"lazy\" decoding=\"async\" width=\"1024\" height=\"679\" src=\"https:\/\/irrecams.de\/wp-content\/uploads\/2021\/01\/IMGP9855-1024x679.jpg\" alt=\"\" class=\"wp-image-6015\" srcset=\"https:\/\/irrecams.de\/wp-content\/uploads\/2021\/01\/IMGP9855-1024x679.jpg 1024w, https:\/\/irrecams.de\/wp-content\/uploads\/2021\/01\/IMGP9855-600x398.jpg 600w, https:\/\/irrecams.de\/wp-content\/uploads\/2021\/01\/IMGP9855-300x199.jpg 300w, https:\/\/irrecams.de\/wp-content\/uploads\/2021\/01\/IMGP9855-768x509.jpg 768w, https:\/\/irrecams.de\/wp-content\/uploads\/2021\/01\/IMGP9855-350x232.jpg 350w, https:\/\/irrecams.de\/wp-content\/uploads\/2021\/01\/IMGP9855.jpg 1500w\" sizes=\"auto, (max-width: 1024px) 100vw, 1024px\" \/><\/a><\/figure>\n\n\n\n<h2 class=\"wp-block-heading\">Images infrarouges en couleur<\/h2>\n\n\n\n<p>Photographier en infrarouge ne signifie pas toujours photographier en noir et blanc. Selon le filtre utilis\u00e9, il est possible de cr\u00e9er des photos infrarouges en couleur avec des (fausses) couleurs tr\u00e8s vari\u00e9es et impressionnantes. D\u00e8s que non seulement la lumi\u00e8re infrarouge pure de plus de 830 nm atteint le capteur de l'appareil photo, mais qu'un m\u00e9lange de longueurs d'onde du domaine spectral visible s'y ajoute, des informations de couleur apparaissent dans l'image num\u00e9rique. Celles-ci sont bien s\u00fbr artificielles \u00e0 100 % et n'ont rien \u00e0 voir avec la nature r\u00e9elle de la lumi\u00e8re infrarouge. N\u00e9anmoins, ce type d'\"artefacts\" permet de capturer des ambiances \u00e0 couper le souffle.<\/p>\n\n\n\n<figure class=\"wp-block-image size-large\"><a href=\"https:\/\/irrecams.de\/wp-content\/uploads\/2021\/01\/DSCF9277.jpg\"><img loading=\"lazy\" decoding=\"async\" width=\"681\" height=\"1024\" src=\"https:\/\/irrecams.de\/wp-content\/uploads\/2021\/01\/DSCF9277-681x1024.jpg\" alt=\"630 nm\" class=\"wp-image-5932\" srcset=\"https:\/\/irrecams.de\/wp-content\/uploads\/2021\/01\/DSCF9277-681x1024.jpg 681w, https:\/\/irrecams.de\/wp-content\/uploads\/2021\/01\/DSCF9277-600x902.jpg 600w, https:\/\/irrecams.de\/wp-content\/uploads\/2021\/01\/DSCF9277-200x300.jpg 200w, https:\/\/irrecams.de\/wp-content\/uploads\/2021\/01\/DSCF9277-768x1154.jpg 768w, https:\/\/irrecams.de\/wp-content\/uploads\/2021\/01\/DSCF9277-350x526.jpg 350w, https:\/\/irrecams.de\/wp-content\/uploads\/2021\/01\/DSCF9277.jpg 998w\" sizes=\"auto, (max-width: 681px) 100vw, 681px\" \/><\/a><\/figure>\n\n\n\n<p>De telles couleurs avec un feuillage jaune ou m\u00eame rouge ne sortent toutefois pas tout de suite de l'appareil photo, il faut en g\u00e9n\u00e9ral encore un peu de traitement ult\u00e9rieur. Plus d'informations sur les \u00e9tapes de traitement sont <a class=\"rank-math-link\" href=\"https:\/\/irrecams.de\/fr\/post-traitement-infrarouge\/\">\u00e0 la derni\u00e8re page de ce guide<\/a> en r\u00e9sum\u00e9. Avec nettement moins de retouches, on arrive <a class=\"rank-math-link\" href=\"https:\/\/irrecams.de\/fr\/comparaison-des-filtres-a-effet-infrarouge\/#infrablue\">InfraBlue<\/a> Filtre vers la cible.<\/p>\n\n\n\n<div class=\"wp-block-buttons is-content-justification-center is-layout-flex wp-container-core-buttons-is-layout-a89b3969 wp-block-buttons-is-layout-flex\">\n<div class=\"wp-block-button\"><a class=\"wp-block-button__link wp-element-button\" href=\"https:\/\/irrecams.de\/fr\/galerie-infrarouge\/\" style=\"border-radius:5px\">Plus de suggestions d'images<\/a><\/div>\n\n\n\n<div class=\"wp-block-button\"><a class=\"wp-block-button__link wp-element-button\" href=\"https:\/\/irrecams.de\/fr\/comparaison-des-filtres-a-effet-infrarouge\/\" style=\"border-radius:5px\">En savoir plus sur les filtres<\/a><\/div>\n\n\n\n<div class=\"wp-block-button\"><a class=\"wp-block-button__link wp-element-button\" href=\"https:\/\/irrecams.de\/fr\/transformation-infrarouge-technique-expliquee\/\" style=\"border-radius:5px\">En savoir plus sur la construction de cam\u00e9ras<\/a><\/div>\n<\/div>\n\n\n\n<p><\/p>","protected":false},"excerpt":{"rendered":"<p>&#8220;Infrarot Fotografie? Das habe ich noch nie geh\u00f6rt.&#8221; Aber mit gro\u00dfer Sicherheit schon einmal gesehen, ohne zu wissen, dass es Infrarotfotografie ist. Das Fotografieren im Infrarotbereich produziert einen unverkennbaren &#8220;Look&#8221;. Gr\u00fcnes Laub wird intensiv hell, ein blauer Himmel wird viel dunkler abgebildet und der Hautton von portr\u00e4tierten Personen geht in bla\u00dfe Pastelfarben \u00fcber. In der [&hellip;]<\/p>\n","protected":false},"author":1,"featured_media":0,"parent":0,"menu_order":1,"comment_status":"closed","ping_status":"closed","template":"","meta":{"footnotes":""},"class_list":["post-28","page","type-page","status-publish","hentry"],"_links":{"self":[{"href":"https:\/\/irrecams.de\/fr\/wp-json\/wp\/v2\/pages\/28","targetHints":{"allow":["GET"]}}],"collection":[{"href":"https:\/\/irrecams.de\/fr\/wp-json\/wp\/v2\/pages"}],"about":[{"href":"https:\/\/irrecams.de\/fr\/wp-json\/wp\/v2\/types\/page"}],"author":[{"embeddable":true,"href":"https:\/\/irrecams.de\/fr\/wp-json\/wp\/v2\/users\/1"}],"replies":[{"embeddable":true,"href":"https:\/\/irrecams.de\/fr\/wp-json\/wp\/v2\/comments?post=28"}],"version-history":[{"count":3,"href":"https:\/\/irrecams.de\/fr\/wp-json\/wp\/v2\/pages\/28\/revisions"}],"predecessor-version":[{"id":13395,"href":"https:\/\/irrecams.de\/fr\/wp-json\/wp\/v2\/pages\/28\/revisions\/13395"}],"wp:attachment":[{"href":"https:\/\/irrecams.de\/fr\/wp-json\/wp\/v2\/media?parent=28"}],"curies":[{"name":"wp","href":"https:\/\/api.w.org\/{rel}","templated":true}]}}