{"id":36,"date":"2015-01-06T11:51:11","date_gmt":"2015-01-06T10:51:11","guid":{"rendered":"http:\/\/wp10590344.server-he.de\/irrecams2\/?page_id=36"},"modified":"2024-09-17T11:51:10","modified_gmt":"2024-09-17T09:51:10","slug":"point-chaud-infrarouge-et-autres-defauts-de-limage","status":"publish","type":"page","link":"https:\/\/irrecams.de\/fr\/point-chaud-infrarouge-et-autres-defauts-de-limage\/","title":{"rendered":"Point chaud infrarouge et autres d\u00e9fauts de l'image"},"content":{"rendered":"<p>Tous les objectifs que nous utilisons pour la photographie (\u00e0 quelques exceptions exotiques et tr\u00e8s co\u00fbteuses pr\u00e8s) sont construits et optimis\u00e9s pour le domaine visible. Cela concerne la nettet\u00e9, la mise au point et le traitement pour \u00e9viter les images fant\u00f4mes \u00e0 contre-jour - le probl\u00e8me le plus connu \u00e9tant celui du point chaud infrarouge. N\u00e9anmoins, la plupart des objectifs permettent d'obtenir d'excellents r\u00e9sultats m\u00eame dans la zone IR. Malheureusement, il est impossible de voir la plupart de ces d\u00e9fauts avant d'avoir test\u00e9 un objectif. Certains probl\u00e8mes se r\u00e9p\u00e8tent cependant avec de nombreux objectifs, voyons comment nous pouvons les contourner.<\/p>\n\n\n\n<h2 class=\"wp-block-heading\">Baisse de la nettet\u00e9 et perte de d\u00e9tails<\/h2>\n\n\n\n<p>La construction optique de nos objectifs est calcul\u00e9e pour le domaine visible. En principe, une certaine perte de nettet\u00e9 est mesurable pour chaque objectif lorsqu'il est utilis\u00e9 pour la photographie infrarouge. Pour la plupart des objectifs, cette perte est si faible qu'il est \u00e0 peine n\u00e9cessaire d'en parler. La perte de nettet\u00e9 vers le bord de l'image est souvent bien plus grave - cela se produit surtout avec les objectifs grand angle et ultra grand angle. Pour am\u00e9liorer la nettet\u00e9 en g\u00e9n\u00e9ral, il est utile de fermer le diaphragme, comme en photographie \"normale\". Toutefois, cela entra\u00eene \u00e0 nouveau d'autres probl\u00e8mes. D'une part, le diaphragme peut provoquer un point chaud, d'autre part, la lumi\u00e8re infrarouge \u00e0 ondes longues est beaucoup plus susceptible d'\u00eatre affect\u00e9e par le flou de diffraction que la zone visible. En r\u00e8gle g\u00e9n\u00e9rale, le diaphragme ne devrait \u00eatre ferm\u00e9 que dans la mesure o\u00f9 cela est absolument n\u00e9cessaire pour les prises de vue IR.<\/p>\n\n\n\n<h2 class=\"wp-block-heading\">Autofocus dans la photographie infrarouge<\/h2>\n\n\n\n<p> Un autofocus fonctionnant correctement peut \u00eatre plus critique que la nettet\u00e9 de l'image. Avec les appareils photo num\u00e9riques sans miroir modernes, il n'y a g\u00e9n\u00e9ralement pas de probl\u00e8mes ou de surprises. Mais avec les appareils photo reflex num\u00e9riques, il faut faire attention \u00e0 certaines choses.<\/p>\n\n\n\n<p>Pour prendre une photo dans le domaine infrarouge, il faut faire la mise au point \"un peu plus pr\u00e8s\" que dans le spectre visible. Sur les anciens objectifs manuels, un rep\u00e8re IR rouge \u00e9tait souvent appos\u00e9 sur la bague de mise au point \u00e0 cet effet. \u00c0 l'\u00e8re de l'AF, la mise au point n'est plus du ressort du photographe mais de l'appareil photo - et cela doit \u00eatre le cas, si possible, dans la photographie infrarouge num\u00e9rique. Lors d'une transformation infrarouge professionnelle, l'autofocus de l'appareil photo reflex est ajust\u00e9 une fois, ce qui permet \u00e0 l'AF de l'appareil photo d'effectuer correctement la mise au point de tous les objectifs pour la zone IR. Une transformation compl\u00e8te de l'infrarouge est la seule possibilit\u00e9 d'utiliser l'autofocus sur un reflex num\u00e9rique et donc de faire une mise au point rapide et s\u00fbre.<\/p>\n\n\n\n<figure class=\"wp-block-image size-large\"><a href=\"https:\/\/irrecams.de\/wp-content\/uploads\/2021\/01\/IMGP8689.jpg\"><img loading=\"lazy\" decoding=\"async\" width=\"1024\" height=\"681\" src=\"https:\/\/irrecams.de\/wp-content\/uploads\/2021\/01\/IMGP8689-1024x681.jpg\" alt=\"700 nm\" class=\"wp-image-5833\" title=\"La mise au point infrarouge garantit des images nettes\" srcset=\"https:\/\/irrecams.de\/wp-content\/uploads\/2021\/01\/IMGP8689-1024x681.jpg 1024w, https:\/\/irrecams.de\/wp-content\/uploads\/2021\/01\/IMGP8689-600x399.jpg 600w, https:\/\/irrecams.de\/wp-content\/uploads\/2021\/01\/IMGP8689-300x199.jpg 300w, https:\/\/irrecams.de\/wp-content\/uploads\/2021\/01\/IMGP8689-768x510.jpg 768w, https:\/\/irrecams.de\/wp-content\/uploads\/2021\/01\/IMGP8689-350x233.jpg 350w, https:\/\/irrecams.de\/wp-content\/uploads\/2021\/01\/IMGP8689.jpg 1500w\" sizes=\"auto, (max-width: 1024px) 100vw, 1024px\" \/><\/a><\/figure>\n\n\n\n<p>Une particularit\u00e9 des anciens objectifs est souvent l'apparition d'un backfocus lorsqu'on utilise un DSLR. La diff\u00e9rence entre la lumi\u00e8re visible et la lumi\u00e8re infrarouge, qui est compens\u00e9e sur l'appareil photo par le r\u00e9glage de la mise au point, n'est pas constante pour tous les objectifs. Elle d\u00e9pend de la construction optique de chaque objectif (principalement de la qualit\u00e9 de la correction asph\u00e9rique) et, le cas \u00e9ch\u00e9ant, de la distance focale r\u00e9gl\u00e9e (pour les objectifs zoom). Avec la plupart des objectifs autofocus modernes, vous ne devriez pas rencontrer de probl\u00e8mes d'autofocus. Plus un objectif est ancien, plus il est probable qu'il s'agisse d'une construction mal ou pas du tout corrig\u00e9e asph\u00e9riquement. Il n'y a toutefois pas de r\u00e8gle en la mati\u00e8re, la seule solution est malheureusement de faire des essais.<\/p>\n\n\n\n<p>Je ne peux donc malheureusement pas promettre une mise au point parfaite pour chaque objectif lorsque j'utilise un reflex num\u00e9rique. Pour obtenir des r\u00e9sultats parfaits m\u00eame avec des objectifs \"\u00e0 probl\u00e8mes\", il est pr\u00e9f\u00e9rable d'utiliser un appareil photo (DSLR) avec autofocus par contraste via le capteur. La diff\u00e9rence de mise au point n'est pas un probl\u00e8me avec l'AF par contraste via le capteur, car celui-ci voit d\u00e9j\u00e0 la lumi\u00e8re IR et fait la mise au point avec pr\u00e9cision. Avec les appareils photo num\u00e9riques sans miroir, la position de mise au point ne pose en principe aucun probl\u00e8me, ces appareils fonctionnent en permanence en mode \"LiveView\".<\/p>\n\n\n\n<h2 class=\"wp-block-heading\">Point chaud infrarouge et contre-mesures<\/h2>\n\n\n\n<p>Le point chaud est un d\u00e9faut d'image tr\u00e8s d\u00e9sagr\u00e9able. Un point chaud est une zone circulaire au centre de l'image qui est plus claire et qui se distingue donc nettement. Souvent, c'est le canal bleu de l'image qui est le plus touch\u00e9.<\/p>\n\n\n\n<p>Le point chaud est d\u00fb au traitement insuffisant des objectifs dans la zone IR, ce qui ne permet pas de le contourner facilement. Si un objectif est concern\u00e9, il peut \u00eatre utile de faire des essais avec diff\u00e9rentes ouvertures. L'intensit\u00e9 du point chaud augmente lorsque l'on baisse le diaphragme, ce qui constitue une raison suppl\u00e9mentaire pour ne pas trop fermer l'objectif. En outre, les situations de contre-jour peuvent accentuer le point chaud - la mise en place d'un pare-soleil devrait donc \u00eatre obligatoire, au moins pour les objectifs concern\u00e9s.<\/p>\n\n\n\n<figure class=\"wp-block-image size-large\"><a href=\"https:\/\/irrecams.de\/wp-content\/uploads\/2015\/01\/hotspot.jpg\"><img loading=\"lazy\" decoding=\"async\" width=\"1024\" height=\"760\" src=\"https:\/\/irrecams.de\/wp-content\/uploads\/2015\/01\/hotspot-1024x760.jpg\" alt=\"\" class=\"wp-image-539\" title=\"Point chaud infrarouge et comment l&#039;\u00e9viter\" srcset=\"https:\/\/irrecams.de\/wp-content\/uploads\/2015\/01\/hotspot-1024x760.jpg 1024w, https:\/\/irrecams.de\/wp-content\/uploads\/2015\/01\/hotspot-600x445.jpg 600w, https:\/\/irrecams.de\/wp-content\/uploads\/2015\/01\/hotspot-300x223.jpg 300w, https:\/\/irrecams.de\/wp-content\/uploads\/2015\/01\/hotspot.jpg 1388w\" sizes=\"auto, (max-width: 1024px) 100vw, 1024px\" \/><\/a><\/figure>\n\n\n\n<p>Une fois qu'un point chaud est pr\u00e9sent sur l'image, on peut essayer de le retoucher sur l'ordinateur. M\u00eame si cela semble possible, il s'agit souvent d'un travail fastidieux et laborieux. Une technique tr\u00e8s rapide et efficace consiste \u00e0 transformer l'image en noir et blanc. En effet, le point chaud appara\u00eet surtout dans les IR en couleur, dans une image monochrome, il n'est que tr\u00e8s peu prononc\u00e9, voire pas du tout.<\/p>\n\n\n\n<h2 class=\"wp-block-heading\">Lensflares et contre-jour<\/h2>\n\n\n\n<p>En contre-jour, le contraste global d'une image IR diminue tr\u00e8s rapidement. Les zones d'ombre deviennent floues et boueuses, ce qui peut m\u00eame favoriser l'apparition de points chauds. Outre la r\u00e8gle simple consistant \u00e0 ne pas photographier en situation de contre-jour, le premier moyen de choix consiste \u00e0 ombrager consciencieusement la lentille frontale. Que ce soit avec une main ou un pare-soleil.<\/p>\n\n\n\n<figure class=\"wp-block-image size-large\"><a href=\"https:\/\/irrecams.de\/wp-content\/uploads\/2021\/01\/IR202372.jpg\"><img loading=\"lazy\" decoding=\"async\" width=\"681\" height=\"1024\" src=\"https:\/\/irrecams.de\/wp-content\/uploads\/2021\/01\/IR202372-681x1024.jpg\" alt=\"630 nm\" class=\"wp-image-5976\" title=\"Lensflares infrarouges et comment les \u00e9viter\" srcset=\"https:\/\/irrecams.de\/wp-content\/uploads\/2021\/01\/IR202372-681x1024.jpg 681w, https:\/\/irrecams.de\/wp-content\/uploads\/2021\/01\/IR202372-600x902.jpg 600w, https:\/\/irrecams.de\/wp-content\/uploads\/2021\/01\/IR202372-200x300.jpg 200w, https:\/\/irrecams.de\/wp-content\/uploads\/2021\/01\/IR202372-768x1154.jpg 768w, https:\/\/irrecams.de\/wp-content\/uploads\/2021\/01\/IR202372-350x526.jpg 350w, https:\/\/irrecams.de\/wp-content\/uploads\/2021\/01\/IR202372.jpg 998w\" sizes=\"auto, (max-width: 681px) 100vw, 681px\" \/><\/a><\/figure>\n\n\n\n<p>Enfin, en raison du traitement inefficace de la plupart des objectifs dans le domaine IR, des flares apparaissent tr\u00e8s rapidement dans les situations de contre-jour. Ce ph\u00e9nom\u00e8ne peut \u00eatre contourn\u00e9 ou du moins att\u00e9nu\u00e9 en \u00e9vitant les situations de contre-jour, en utilisant un pare-soleil et \u00e9ventuellement en fermant le diaphragme. Une autre possibilit\u00e9 est d'int\u00e9grer les lensflares de mani\u00e8re cr\u00e9ative dans la composition de l'image ! Il existe dans de nombreux programmes de traitement graphique des filtres suppl\u00e9mentaires qui cr\u00e9ent artificiellement un tel effet. Nous l'avons int\u00e9gr\u00e9 en m\u00eame temps.<\/p>\n\n\n\n<h2 class=\"wp-block-heading\">Pr\u00e9vision des d\u00e9fauts d'image<\/h2>\n\n\n\n<p>Il est malheureusement impossible de savoir \u00e0 l'avance si une optique produit des d\u00e9fauts d'image et lesquels. Soit on l'essaie soi-m\u00eame (penser au droit d'\u00e9change de 14 jours lors de l'achat d'un objectif, les objectifs d'occasion peuvent g\u00e9n\u00e9ralement \u00eatre revendus sans perte de valeur), soit on recherche avant l'achat les exp\u00e9riences d'autres photographes concernant l'objectif. Sur Internet, on trouve \u00e9galement quelques bases de donn\u00e9es qui rassemblent de nombreuses exp\u00e9riences d'utilisateurs - on a au moins une id\u00e9e des objectifs qui pourraient convenir avant de les acheter.<\/p>","protected":false},"excerpt":{"rendered":"<p>Alle Objektive, die wir f\u00fcr die Fotografie benutzen (bis auf ein paar wenige exotische und sehr teure Ausnahmen) sind f\u00fcr den sichtbaren Bereich konstruiert und optimiert. Das betrifft Sch\u00e4rfe, Fokus und die Verg\u00fctung zum Schutz vor Geisterbildern bei Gegenlicht &#8211; am bekanntesten ist wohl das Problem des Infrarot Hotspot. Dennoch lassen sich mit den meisten [&hellip;]<\/p>\n","protected":false},"author":1,"featured_media":0,"parent":0,"menu_order":4,"comment_status":"closed","ping_status":"closed","template":"","meta":{"footnotes":""},"class_list":["post-36","page","type-page","status-publish","hentry"],"_links":{"self":[{"href":"https:\/\/irrecams.de\/fr\/wp-json\/wp\/v2\/pages\/36","targetHints":{"allow":["GET"]}}],"collection":[{"href":"https:\/\/irrecams.de\/fr\/wp-json\/wp\/v2\/pages"}],"about":[{"href":"https:\/\/irrecams.de\/fr\/wp-json\/wp\/v2\/types\/page"}],"author":[{"embeddable":true,"href":"https:\/\/irrecams.de\/fr\/wp-json\/wp\/v2\/users\/1"}],"replies":[{"embeddable":true,"href":"https:\/\/irrecams.de\/fr\/wp-json\/wp\/v2\/comments?post=36"}],"version-history":[{"count":3,"href":"https:\/\/irrecams.de\/fr\/wp-json\/wp\/v2\/pages\/36\/revisions"}],"predecessor-version":[{"id":13404,"href":"https:\/\/irrecams.de\/fr\/wp-json\/wp\/v2\/pages\/36\/revisions\/13404"}],"wp:attachment":[{"href":"https:\/\/irrecams.de\/fr\/wp-json\/wp\/v2\/media?parent=36"}],"curies":[{"name":"wp","href":"https:\/\/api.w.org\/{rel}","templated":true}]}}