{"id":44,"date":"2015-01-06T12:03:09","date_gmt":"2015-01-06T12:03:09","guid":{"rendered":"http:\/\/wp10590344.server-he.de\/irrecams2\/?page_id=44"},"modified":"2025-12-08T13:34:07","modified_gmt":"2025-12-08T12:34:07","slug":"deroulement","status":"publish","type":"page","link":"https:\/\/irrecams.de\/fr\/service-de-conversion-infrarouge\/deroulement\/","title":{"rendered":"D\u00e9roulement du service de transformation par infrarouge"},"content":{"rendered":"<p>Vous souhaitez acheter un mod\u00e8le de cam\u00e9ra pr\u00e9cis ? Ou vous avez d\u00e9j\u00e0 votre propre cam\u00e9ra et souhaitez la transformer pour la photographie infrarouge ? Nous nous ferons un plaisir d'effectuer la transformation pour vous et, le cas \u00e9ch\u00e9ant, de nous occuper du mod\u00e8le de votre choix. Veuillez d'abord consulter la rubrique <a class=\"rank-math-link\" href=\"https:\/\/irrecams.de\/fr\/service-de-conversion-infrarouge\/appareil-photo-et-liste-de-prix\/\">Mod\u00e8les de cam\u00e9ras<\/a>. Si votre cam\u00e9ra n'y figure pas, cela ne signifie pas qu'elle n'est pas adapt\u00e9e \u00e0 une transformation. En principe, chaque appareil photo peut \u00eatre transform\u00e9 pour la photographie infrarouge.<\/p>\n\n\n\n<h2 class=\"wp-block-heading\">Modification de la cam\u00e9ra infrarouge<\/h2>\n\n\n\n<p>Le filtre hotmirror devant le capteur de la cam\u00e9ra est remplac\u00e9 par un filtre infrarouge. De plus, l'autofocus de la cam\u00e9ra est calibr\u00e9 pour la zone infrarouge. Vous obtenez donc une cam\u00e9ra infrarouge native que vous pouvez utiliser normalement, m\u00eame sans tr\u00e9pied.<br>Pour plus d'informations sur l'infrarouge, veuillez consulter la section <a class=\"rank-math-link\" href=\"https:\/\/irrecams.de\/fr\/transformation-infrarouge-technique-expliquee\/\">Technique<\/a>.<\/p>\n\n\n\n<h2 class=\"wp-block-heading\">Choix du filtre infrarouge<\/h2>\n\n\n\n<p>Vous avez le choix entre de nombreux filtres diff\u00e9rents. 280 nm (spectre complet), 630 nm et 700 nm sont d\u00e9j\u00e0 inclus dans le prix de base de la transformation. D'autres options de filtres sont possibles moyennant un suppl\u00e9ment. Vous trouverez des informations sur les filtres dans la section infrarouge sous <a class=\"rank-math-link\" href=\"https:\/\/irrecams.de\/fr\/comparaison-des-filtres-a-effet-infrarouge\/\">Comparaison des filtres \u00e0 effet infrarouge<\/a>. Vous y trouverez, outre la comparaison entre les filtres, des fichiers RAW originaux \u00e0 t\u00e9l\u00e9charger. En cas de questions ou d'incertitudes, \u00e9crivez tout de suite un <a class=\"rank-math-link\" href=\"https:\/\/irrecams.de\/fr\/umbauservice\/demande-de-renseignements\/\">message court<\/a>Nous nous ferons un plaisir de r\u00e9pondre \u00e0 vos questions.<\/p>\n\n\n\n<h2 class=\"wp-block-heading\">Garantie de satisfaction et risque<\/h2>\n\n\n\n<p>D'apr\u00e8s mon exp\u00e9rience, la probabilit\u00e9 que la cam\u00e9ra soit endommag\u00e9e lors de la transformation est tr\u00e8s faible. Bien s\u00fbr, je ne peux jamais exclure compl\u00e8tement un d\u00e9faut, c'est pourquoi nous assumons aussi le risque de la transformation. Si nous endommageons effectivement quelque chose sur votre cam\u00e9ra, nous remplacerons, au choix, la valeur actuelle de la cam\u00e9ra ou nous nous occuperons de trouver un appareil de remplacement de m\u00eame valeur.<br><br>En cas de modification de votre cam\u00e9ra, nous ne pouvons malheureusement pas non plus accorder de droit de retour classique, ce qui signifierait r\u00e9installer le filtre d'origine. Mais si vous n'\u00eates pas satisfait dans les 14 jours, vous pouvez nous renvoyer la cam\u00e9ra et nous vous rembourserons le montant de la facture plus la valeur actuelle de la cam\u00e9ra ou nous vous fournirons un appareil de remplacement de m\u00eame valeur.<\/p>\n\n\n\n<p>N'oubliez pas que la transformation entra\u00eene l'annulation de la garantie du fabricant, le cas \u00e9ch\u00e9ant. Nous accordons toutefois une garantie d'un an sur le bon fonctionnement de la cam\u00e9ra (aussi bien pour le service de transformation que pour l'achat d'une cam\u00e9ra infrarouge). Si vous faites transformer une cam\u00e9ra neuve ou achetez une nouvelle cam\u00e9ra, la p\u00e9riode de garantie est m\u00eame de 2 ans. Si, contre toute attente, quelque chose ne fonctionne plus correctement apr\u00e8s les 14 premiers jours, vous n'avez pas non plus \u00e0 vous en inqui\u00e9ter.<\/p>\n\n\n\n<p><a href=\"https:\/\/irrecams.de\/fr\/information-sur-le-droit-de-retractation\/\">Lisez ici les informations sur le droit de r\u00e9tractation<\/a><\/p>\n\n\n\n<h2 class=\"wp-block-heading\">D\u00e9roulement de la transformation infrarouge<\/h2>\n\n\n\n<p>Si l'appareil photo se trouve sur la <a class=\"rank-math-link\" href=\"https:\/\/irrecams.de\/fr\/umbauservice\/appareil-photo-et-liste-de-prix\/\">Liste des cam\u00e9ras officiellement prises en charge<\/a> vous pouvez directement <a href=\"https:\/\/irrecams.de\/fr\/boutique\/\">dans la boutique en ligne<\/a> passer une commande. Si votre appareil photo ne figure pas dans la liste, ou si vous avez des questions, vous pouvez m'envoyer un e-mail \u00e0 l'adresse suivante <a href=\"mailto:info@IRreCams.de\">info@IRreCams.de<\/a> en indiquant le mod\u00e8le de cam\u00e9ra et le filtre souhait\u00e9. Vous pouvez \u00e9galement utiliser le <a class=\"rank-math-link\" href=\"https:\/\/irrecams.de\/fr\/umbauservice\/demande-de-renseignements\/\">Formulaire de demande<\/a> utiliser.<\/p>\n\n\n\n<p>Veuillez envoyer uniquement le bo\u00eetier de la cam\u00e9ra sans les accessoires. Retirez imp\u00e9rativement la batterie avant l'envoi. Nous n'avons pas non plus besoin de carte m\u00e9moire, d'objectifs ou d'autres accessoires tels que des sangles ou des plaques de fixation rapide.<\/p>\n\n\n\n<p>Une fois la cam\u00e9ra re\u00e7ue, elle est g\u00e9n\u00e9ralement reconstruite pour vous dans les 14 jours. Toutefois, en p\u00e9riode de pointe, le d\u00e9lai de traitement peut \u00eatre exceptionnellement plus long. Un traitement plus rapide et garanti dans un d\u00e9lai de 7 ou 3 jours maximum apr\u00e8s l'arriv\u00e9e de la cam\u00e9ra est possible moyennant un suppl\u00e9ment. Une fois la transformation effectu\u00e9e avec succ\u00e8s, vous recevrez la facture et la cam\u00e9ra vous sera renvoy\u00e9e en m\u00eame temps.<\/p>\n\n\n\n<p>Une fois la transformation r\u00e9ussie, vous recevrez une facture et la cam\u00e9ra vous sera renvoy\u00e9e en m\u00eame temps. Vous disposez d'un d\u00e9lai de paiement de 14 jours pour virer le montant de la facture sur notre compte bancaire. Il n'est pas n\u00e9cessaire de payer \u00e0 l'avance.<\/p>\n\n\n\n<h2 class=\"wp-block-heading\">Co\u00fbt de la transformation infrarouge<\/h2>\n\n\n\n<p>Pour la transformation d'un appareil photo reflex num\u00e9rique, nous facturons \u00e0 partir de 260,- \u20ac*, y compris les filtres 280, 630 ou 700 nm, le r\u00e9glage de l'autofocus et le renvoi de l'appareil photo en Allemagne.<\/p>\n\n\n\n<p>Nous proposons la transformation d'un appareil photo num\u00e9rique sans miroir \u00e0 partir de 250,- \u20ac* aux m\u00eames conditions.<\/p>\n\n\n\n<p class=\"translation-block\">Selon le filtre souhait\u00e9, le mod\u00e8le de cam\u00e9ra et le temps de traitement, il peut y avoir des frais suppl\u00e9mentaires. Ceux-ci vous seront indiqu\u00e9s lors du processus de commande dans la boutique. Vous trouverez un aper\u00e7u des prix pour le prix de base sur la <a class=\"rank-math-link\" href=\"https:\/\/irrecams.de\/fr\/umbauservice\/appareil-photo-et-liste-de-prix\/\" target=\"_self\">page d'aper\u00e7u<\/a>.<\/p>\n\n\n\n<p class=\"has-small-font-size\">*Les prix s'entendent TVA l\u00e9gale incluse. Nous nous r\u00e9servons le droit d'appliquer un prix diff\u00e9rent pour certains mod\u00e8les dont la transformation est particuli\u00e8rement complexe (prix que nous discuterons avec vous avant la transformation). Le montage d'autres filtres est possible moyennant un suppl\u00e9ment. Sous r\u00e9serve de modifications et d'erreurs.<\/p>\n\n\n\n<h2 class=\"wp-block-heading\">Exp\u00e9dition<\/h2>\n\n\n\n<p>L'envoi se fait exclusivement par DHL en tant que colis assur\u00e9. Vous pouvez choisir de vous faire livrer la cam\u00e9ra \u00e0 domicile ou d'indiquer une station de conditionnement comme adresse de livraison. L'exp\u00e9dition s'effectue en r\u00e8gle g\u00e9n\u00e9rale du lundi au samedi. L'envoi en Allemagne est en principe gratuit pour le service de transformation. Tous les prix s'entendent frais d'exp\u00e9dition inclus (si pas explicitement indiqu\u00e9s). L'envoi \u00e0 l'\u00e9tranger dans l'UE est \u00e9galement possible, dans ce cas nous facturons un forfait de frais d'envoi de 10,- \u20ac. Une exp\u00e9dition en dehors de l'UE n'est pas possible.<\/p>\n\n\n\n<h2 class=\"wp-block-heading\">Possibilit\u00e9s de paiement<\/h2>\n\n\n\n<p>Lorsque vous passez une commande sur notre site, vous disposez de diff\u00e9rents modes de paiement pour un r\u00e8glement imm\u00e9diat. Vous pouvez \u00e9galement choisir le paiement anticip\u00e9 et envoyer le montant directement \u00e0 nos coordonn\u00e9es bancaires.<\/p>\n\n\n\n<p>Si vous commandez un service de transformation, vous pouvez opter pour l'achat sur facture au lieu du paiement anticip\u00e9. Vous payez alors la transformation de votre appareil photo dans les 14 jours, apr\u00e8s l'avoir r\u00e9cup\u00e9r\u00e9 et test\u00e9.<\/p>\n\n\n\n<p><\/p>","protected":false},"excerpt":{"rendered":"<p>Sie m\u00f6chten einen konkretes Kameramodell kaufen? Oder Sie haben bereits eine eigene Kamera und m\u00f6chten diese f\u00fcr Infrarot Fotografie umbauen lassen? Sehr gerne nehmen wir den Umbau f\u00fcr Sie vor und k\u00fcmmern uns ggf. auch um Ihr Wunschmodell. Bitte schauen Sie zuvor kurz in den Bereich Kameramodelle. Sollte Ihre Kamera dort nicht aufgef\u00fchrt sein, hei\u00dft [&hellip;]<\/p>\n","protected":false},"author":1,"featured_media":0,"parent":40,"menu_order":0,"comment_status":"closed","ping_status":"open","template":"","meta":{"footnotes":""},"class_list":["post-44","page","type-page","status-publish","hentry"],"_links":{"self":[{"href":"https:\/\/irrecams.de\/fr\/wp-json\/wp\/v2\/pages\/44","targetHints":{"allow":["GET"]}}],"collection":[{"href":"https:\/\/irrecams.de\/fr\/wp-json\/wp\/v2\/pages"}],"about":[{"href":"https:\/\/irrecams.de\/fr\/wp-json\/wp\/v2\/types\/page"}],"author":[{"embeddable":true,"href":"https:\/\/irrecams.de\/fr\/wp-json\/wp\/v2\/users\/1"}],"replies":[{"embeddable":true,"href":"https:\/\/irrecams.de\/fr\/wp-json\/wp\/v2\/comments?post=44"}],"version-history":[{"count":9,"href":"https:\/\/irrecams.de\/fr\/wp-json\/wp\/v2\/pages\/44\/revisions"}],"predecessor-version":[{"id":16215,"href":"https:\/\/irrecams.de\/fr\/wp-json\/wp\/v2\/pages\/44\/revisions\/16215"}],"up":[{"embeddable":true,"href":"https:\/\/irrecams.de\/fr\/wp-json\/wp\/v2\/pages\/40"}],"wp:attachment":[{"href":"https:\/\/irrecams.de\/fr\/wp-json\/wp\/v2\/media?parent=44"}],"curies":[{"name":"wp","href":"https:\/\/api.w.org\/{rel}","templated":true}]}}