{"id":48,"date":"2015-01-06T12:04:04","date_gmt":"2015-01-06T12:04:04","guid":{"rendered":"http:\/\/wp10590344.server-he.de\/irrecams2\/?page_id=48"},"modified":"2025-09-07T22:06:15","modified_gmt":"2025-09-07T20:06:15","slug":"faq-2","status":"publish","type":"page","link":"https:\/\/irrecams.de\/fr\/service-de-conversion-infrarouge\/faq-2\/","title":{"rendered":"FAQ sur le service de transformation par infrarouge"},"content":{"rendered":"<h4 class=\"wp-block-heading\">Pouvez-vous \u00e9galement modifier la cam\u00e9ra XY avec le filtre Z ?<\/h4>\n\n\n\n<p>Oui, avec plaisir. Regardez les <a class=\"rank-math-link\" href=\"https:\/\/irrecams.de\/fr\/umbauservice\/appareil-photo-et-liste-de-prix\/\">Liste des cam\u00e9ras<\/a>si nous avons d\u00e9j\u00e0 modifi\u00e9 votre cam\u00e9ra. Envoyez-nous simplement un e-mail \u00e0 <a href=\"mailto:%69%6E%66%6F%40%69%72%72%65%63%61%6D%73%2E%64%65\">info@IRreCams.de<\/a> ou utilisez le <a class=\"rank-math-link\" href=\"https:\/\/irrecams.de\/fr\/umbauservice\/demande-de-renseignements\/\">Formulaire de demande<\/a>pour recevoir rapidement une offre de notre part. Nous avons en stock les filtres infrarouges dans toutes les tailles appropri\u00e9es.<\/p>\n\n\n\n<h4 class=\"wp-block-heading\">Je voudrais un appareil photo \u00e0 spectre complet, en proposez-vous un ?<\/h4>\n\n\n\n<p>Oui, bien s\u00fbr, le filtre 280 nm est parfait pour une transformation non d\u00e9finie. Apr\u00e8s cette transformation, vous pouvez utiliser diff\u00e9rents filtres IR \u00e0 visser, photographier en UV ou utiliser \u00e0 nouveau \"normalement\" l'appareil photo avec un filtre de blocage UV\/IR. Une sensibilit\u00e9 accrue est \u00e9galement int\u00e9ressante pour l'astrophotographie. Nous recommandons toutefois cette transformation uniquement pour les appareils photo \u00e0 syst\u00e8me sans miroir ! Avec un DSLR, vous devez travailler en permanence en mode LiveView.<\/p>\n\n\n\n<h4 class=\"wp-block-heading\">Avez-vous de l'exp\u00e9rience avec les modifications d'astrom\u00e9trie ?<\/h4>\n\n\n\n<p>Depuis quelques ann\u00e9es, nous proposons avec succ\u00e8s des modifications astrom\u00e9triques. La modification astro est possible sur presque tous les mod\u00e8les de cam\u00e9ras, le filtre astro Optolong est alors ins\u00e9r\u00e9 dans la cam\u00e9ra. Ce filtre ne laisse passer que la lumi\u00e8re visible, comme le filtre mont\u00e9 en s\u00e9rie, mais pr\u00e9sente une perm\u00e9abilit\u00e9 maximale dans le domaine spectral rouge. Cela permet au capteur de voir en plus le domaine spectral H-Alpha. Dans cette zone, une grande partie de la lumi\u00e8re est \u00e9mise par les \u00e9toiles et certaines n\u00e9buleuses galactiques. Vous pouvez t\u00e9l\u00e9charger directement l'Astroumbau <a href=\"https:\/\/irrecams.de\/fr\/categorie-produit\/service-de-conversion-de-camera-astro\/\" data-type=\"link\" data-id=\"https:\/\/irrecams.de\/produkt-kategorie\/astro-kamera-umbau-service\/\">dans notre boutique<\/a> pour votre appareil photo.<\/p>\n\n\n\n<h4 class=\"wp-block-heading\">La cam\u00e9ra XY ne figure pas sur votre liste.<\/h4>\n\n\n\n<p>Pas de probl\u00e8me ! J'aime toujours essayer de transformer de nouveaux mod\u00e8les. Il vous suffit de m'\u00e9crire et je vous ferai une offre rapidement et facilement !<\/p>\n\n\n\n<h4 class=\"wp-block-heading\">Combien de temps dure la transformation ?<\/h4>\n\n\n\n<p>Une fois la cam\u00e9ra re\u00e7ue, elle est g\u00e9n\u00e9ralement reconstruite pour vous dans les 14 jours. Toutefois, en p\u00e9riode de pointe, le d\u00e9lai de traitement peut \u00eatre exceptionnellement plus long. Un traitement plus rapide et garanti dans un d\u00e9lai de 7 jours maximum ou de 3 jours maximum apr\u00e8s l'arriv\u00e9e de la cam\u00e9ra est possible moyennant un suppl\u00e9ment.<\/p>\n\n\n\n<h4 class=\"wp-block-heading\">Qu'est-ce que je dois envoyer ?<\/h4>\n\n\n\n<p>Veuillez envoyer uniquement le bo\u00eetier de la cam\u00e9ra sans les accessoires. Retirez imp\u00e9rativement la batterie avant l'envoi. Nous n'avons pas non plus besoin de carte m\u00e9moire, d'objectifs ou d'autres accessoires tels que des sangles ou des plaques de fixation rapide.<\/p>\n\n\n\n<h4 class=\"wp-block-heading\">Exp\u00e9diez-vous aussi en dehors de l'Allemagne ?<\/h4>\n\n\n\n<p>L'envoi est possible sans probl\u00e8me dans tous les pays de l'UE. Dans ce cas, nous facturons en plus un forfait de 10,- \u20ac pour les frais d'envoi.<\/p>\n\n\n\n<h4 class=\"wp-block-heading\">Veuillez m'envoyer vos coordonn\u00e9es bancaires pour que je puisse d\u00e9j\u00e0 payer !<\/h4>\n\n\n\n<p>Vous payez confortablement par facture apr\u00e8s avoir r\u00e9cup\u00e9r\u00e9 votre appareil photo. Les coordonn\u00e9es bancaires ou l'adresse PayPal sont jointes \u00e0 la facture.<\/p>\n\n\n\n<h4 class=\"wp-block-heading\">Une cam\u00e9ra infrarouge me permet-elle de tout voir la nuit ?<\/h4>\n\n\n\n<p>Oui et non. La nuit, il n'y a pas de lumi\u00e8re, et pas de lumi\u00e8re infrarouge non plus. Si l'on se contente de sortir la nuit avec une cam\u00e9ra IR, on ne verra pas grand-chose. Comme pour la photographie visuelle, il faut une source de lumi\u00e8re (IR). Ce n'est qu'\u00e0 cette condition que l'on peut voir quelque chose la nuit avec la cam\u00e9ra infrarouge.<\/p>\n\n\n\n<h4 class=\"wp-block-heading\">Puis-je voir les ponts thermiques dans les b\u00e2timents avec une cam\u00e9ra infrarouge ?<\/h4>\n\n\n\n<p>Malheureusement, non. Lorsque l'on parle ici d'infrarouge, il s'agit du spectre proche infrarouge (700 - 1.200 nm). Nous ne ressentons pas encore cette plage spectrale comme de la chaleur. Le v\u00e9ritable rayonnement thermique (IR moyen) se situe entre 3.000 et 50.000 nm. Les capteurs CCD et CMOS normaux des appareils photo ne peuvent plus \"voir\" ces longueurs d'onde. Pour de tels domaines d'application, de v\u00e9ritables cam\u00e9ras sp\u00e9ciales sont n\u00e9cessaires.<\/p>","protected":false},"excerpt":{"rendered":"<p>K\u00f6nnen Sie die Kamera XY auch mit dem Filter Z umbauen? Ja sehr gerne. Schauen Sie auf die Kameraliste, ob wir Ihre Kamera bereits umgebaut haben. Schreiben Sie uns einfach eine eMail an info@IRreCams.de oder nutzen Sie das Anfrageformular, um schnell ein Angebot von uns zu erhalten. Wir haben die Infrarot Filter in allen passenden [&hellip;]<\/p>\n","protected":false},"author":1,"featured_media":0,"parent":40,"menu_order":0,"comment_status":"closed","ping_status":"open","template":"","meta":{"footnotes":""},"class_list":["post-48","page","type-page","status-publish","hentry"],"_links":{"self":[{"href":"https:\/\/irrecams.de\/fr\/wp-json\/wp\/v2\/pages\/48","targetHints":{"allow":["GET"]}}],"collection":[{"href":"https:\/\/irrecams.de\/fr\/wp-json\/wp\/v2\/pages"}],"about":[{"href":"https:\/\/irrecams.de\/fr\/wp-json\/wp\/v2\/types\/page"}],"author":[{"embeddable":true,"href":"https:\/\/irrecams.de\/fr\/wp-json\/wp\/v2\/users\/1"}],"replies":[{"embeddable":true,"href":"https:\/\/irrecams.de\/fr\/wp-json\/wp\/v2\/comments?post=48"}],"version-history":[{"count":5,"href":"https:\/\/irrecams.de\/fr\/wp-json\/wp\/v2\/pages\/48\/revisions"}],"predecessor-version":[{"id":15523,"href":"https:\/\/irrecams.de\/fr\/wp-json\/wp\/v2\/pages\/48\/revisions\/15523"}],"up":[{"embeddable":true,"href":"https:\/\/irrecams.de\/fr\/wp-json\/wp\/v2\/pages\/40"}],"wp:attachment":[{"href":"https:\/\/irrecams.de\/fr\/wp-json\/wp\/v2\/media?parent=48"}],"curies":[{"name":"wp","href":"https:\/\/api.w.org\/{rel}","templated":true}]}}