{"id":6110,"date":"2021-01-12T14:23:25","date_gmt":"2021-01-12T13:23:25","guid":{"rendered":"https:\/\/irrecams.de\/?page_id=6110"},"modified":"2025-06-18T08:17:45","modified_gmt":"2025-06-18T06:17:45","slug":"frais-dexpedition","status":"publish","type":"page","link":"https:\/\/irrecams.de\/fr\/frais-dexpedition\/","title":{"rendered":"Frais d'exp\u00e9dition"},"content":{"rendered":"<p>Les envois sont g\u00e9n\u00e9ralement effectu\u00e9s sous forme de colis par DHL ou DHL Express. Les seules exceptions sont les cartes postales et les bons d'achat, qui sont envoy\u00e9s sous forme de lettre par la Deutsche Post.<\/p>\n\n\n\n<h2 class=\"wp-block-heading\">Frais d'envoi en Allemagne<\/h2>\n\n\n\n<p>Toutes les commandes d'un montant sup\u00e9rieur \u00e0 100 \u20ac sont en principe exp\u00e9di\u00e9es gratuitement en Allemagne. Pour les commandes inf\u00e9rieures \u00e0 100 \u20ac, les frais de port sont les suivants :<\/p>\n\n\n\n<figure class=\"wp-block-table is-style-stripes\"><table><thead><tr><th><\/th><th class=\"has-text-align-left\" data-align=\"left\">Produit<\/th><th>Frais d'exp\u00e9dition<\/th><\/tr><\/thead><tbody><tr><td><\/td><td class=\"has-text-align-left\" data-align=\"left\">Colis DHL \u00e0 partir de 100<\/td><td>0,- \u20ac *<\/td><\/tr><tr><td><\/td><td class=\"has-text-align-left\" data-align=\"left\">Colis DHL de moins de 100<\/td><td>5,- \u20ac *<\/td><\/tr><tr><td><\/td><td class=\"has-text-align-left\" data-align=\"left\">Cartes postales et bons de r\u00e9duction<\/td><td>1,50 \u20ac *<\/td><\/tr><tr><td><\/td><td class=\"has-text-align-left\" data-align=\"left\">DHL Express National<br>(livraison du lundi au vendredi)<\/td><td>50,- \u20ac *<\/td><\/tr><\/tbody><\/table><figcaption class=\"wp-element-caption\">*Les frais d'exp\u00e9dition incluent la TVA.<\/figcaption><\/figure>\n\n\n\n<h2 class=\"wp-block-heading\">Frais d'envoi dans l'Union europ\u00e9enne<\/h2>\n\n\n\n<figure class=\"wp-block-table is-style-stripes\"><table><thead><tr><th><\/th><th>Produit<\/th><th>Frais d'exp\u00e9dition<\/th><\/tr><\/thead><tbody><tr><td><\/td><td>DHL Paquet UE<\/td><td>10,- \u20ac *<\/td><\/tr><tr><td><\/td><td>Cartes postales et bons de r\u00e9duction<\/td><td>2,50 \u20ac *<\/td><\/tr><\/tbody><\/table><figcaption class=\"wp-element-caption\">*Les frais d'exp\u00e9dition incluent la TVA.<\/figcaption><\/figure>\n\n\n\n<h2 class=\"wp-block-heading\">Frais d'envoi en dehors de l'Union europ\u00e9enne<\/h2>\n\n\n\n<figure class=\"wp-block-table is-style-stripes\"><table><thead><tr><th><\/th><th>Produit<\/th><th>Frais d'exp\u00e9dition<\/th><\/tr><\/thead><tbody><tr><td><\/td><td>Cam\u00e9ras et service de transformation<\/td><td>99,- \u20ac **<\/td><\/tr><tr><td><\/td><td>Filtres, cartes postales et bons de r\u00e9duction<\/td><td>25,- \u20ac **<\/td><\/tr><\/tbody><\/table><figcaption class=\"wp-element-caption\">**Les frais d'exp\u00e9dition en dehors de l'UE ne comprennent pas la TVA.<\/figcaption><\/figure>\n\n\n\n<p><\/p>","protected":false},"excerpt":{"rendered":"<p>Der Versand von Sendungen erfolgt generell als Paket mit DHL bzw. DHL Express. Einzige Ausnahme bilden Postkarten und Gutscheine, welche als Brief mit der Deutschen Post versendet werden. Versandkosten innerhalb Deutschlands Alle Bestellungen \u00fcber 100 \u20ac Bestellwert werden grunds\u00e4tzlich kostenlos innerhalb Deutschlands verschickt. F\u00fcr Bestellungen unter 100 \u20ac ergeben sich folgende Versandkosten: Produkt Versandkosten DHL [&hellip;]<\/p>\n","protected":false},"author":1,"featured_media":0,"parent":0,"menu_order":54,"comment_status":"closed","ping_status":"closed","template":"","meta":{"footnotes":""},"class_list":["post-6110","page","type-page","status-publish","hentry"],"_links":{"self":[{"href":"https:\/\/irrecams.de\/fr\/wp-json\/wp\/v2\/pages\/6110","targetHints":{"allow":["GET"]}}],"collection":[{"href":"https:\/\/irrecams.de\/fr\/wp-json\/wp\/v2\/pages"}],"about":[{"href":"https:\/\/irrecams.de\/fr\/wp-json\/wp\/v2\/types\/page"}],"author":[{"embeddable":true,"href":"https:\/\/irrecams.de\/fr\/wp-json\/wp\/v2\/users\/1"}],"replies":[{"embeddable":true,"href":"https:\/\/irrecams.de\/fr\/wp-json\/wp\/v2\/comments?post=6110"}],"version-history":[{"count":7,"href":"https:\/\/irrecams.de\/fr\/wp-json\/wp\/v2\/pages\/6110\/revisions"}],"predecessor-version":[{"id":15024,"href":"https:\/\/irrecams.de\/fr\/wp-json\/wp\/v2\/pages\/6110\/revisions\/15024"}],"wp:attachment":[{"href":"https:\/\/irrecams.de\/fr\/wp-json\/wp\/v2\/media?parent=6110"}],"curies":[{"name":"wp","href":"https:\/\/api.w.org\/{rel}","templated":true}]}}