{"id":6729,"date":"2021-04-25T14:33:43","date_gmt":"2021-04-25T12:33:43","guid":{"rendered":"https:\/\/irrecams.de\/?page_id=6729"},"modified":"2025-03-02T14:27:24","modified_gmt":"2025-03-02T13:27:24","slug":"filtre-astro-photographier-les-etoiles-de-nuit-avec-des-appareils-photo-modifies","status":"publish","type":"page","link":"https:\/\/irrecams.de\/fr\/filtre-astro-photographier-les-etoiles-de-nuit-avec-des-appareils-photo-modifies\/","title":{"rendered":"Astro Filter : photographier les \u00e9toiles la nuit avec des appareils photo modifi\u00e9s"},"content":{"rendered":"<details class=\"wp-block-details has-background has-medium-font-size is-layout-flow wp-block-details-is-layout-flow\" style=\"background-color:#dfdfdf\" open><summary>Aper\u00e7u du contenu<\/summary>\n<blockquote class=\"wp-block-quote is-layout-flow wp-block-quote-is-layout-flow\">\n<ul class=\"wp-block-list\">\n<li><strong>Avantages de la transformation Astro<\/strong><\/li>\n\n\n\n<li><a href=\"https:\/\/irrecams.de\/fr\/quels-sont-les-filtres-qui-conviennent-a-la-transformation-dun-h-alpha-astro\/\" data-type=\"page\" data-id=\"14276\">Quel filtre astronomique<\/a><\/li>\n\n\n\n<li><a href=\"https:\/\/irrecams.de\/fr\/comment-utiliser-une-camera-astronomique-de-jour-pour-la-photographie-normale\/\" data-type=\"page\" data-id=\"14282\">Cam\u00e9ra astronomique de jour<\/a><\/li>\n\n\n\n<li><a href=\"https:\/\/irrecams.de\/fr\/filtres-supplementaires-pour-lastrophotographie\/\" data-type=\"page\" data-id=\"14298\">Filtres suppl\u00e9mentaires<\/a><\/li>\n<\/ul>\n<\/blockquote>\n<\/details>\n\n\n\n<p>Comme chacun sait, la photographie infrarouge montre des paysages familiers sous un jour abstrait, artistique et nouveau. En astrophotographie ou en photographie stellaire, il s'agit plut\u00f4t de repr\u00e9senter les objets de la mani\u00e8re la plus \"naturelle\" possible, comme nous les voyons. C'est particuli\u00e8rement important pour les paysages nocturnes, o\u00f9 il faut \u00e9galement photographier un premier plan captivant. <\/p>\n\n\n\n<figure class=\"wp-block-image size-large\"><a href=\"https:\/\/irrecams.de\/wp-content\/uploads\/2021\/04\/DSCF0210-DSCF0268-VG_shrink_wasser.jpg\"><img loading=\"lazy\" decoding=\"async\" width=\"1024\" height=\"683\" src=\"https:\/\/irrecams.de\/wp-content\/uploads\/2021\/04\/DSCF0210-DSCF0268-VG_shrink_wasser-1024x683.jpg\" alt=\"\" class=\"wp-image-6776\" srcset=\"https:\/\/irrecams.de\/wp-content\/uploads\/2021\/04\/DSCF0210-DSCF0268-VG_shrink_wasser-1024x683.jpg 1024w, https:\/\/irrecams.de\/wp-content\/uploads\/2021\/04\/DSCF0210-DSCF0268-VG_shrink_wasser-600x400.jpg 600w, https:\/\/irrecams.de\/wp-content\/uploads\/2021\/04\/DSCF0210-DSCF0268-VG_shrink_wasser-300x200.jpg 300w, https:\/\/irrecams.de\/wp-content\/uploads\/2021\/04\/DSCF0210-DSCF0268-VG_shrink_wasser-768x512.jpg 768w, https:\/\/irrecams.de\/wp-content\/uploads\/2021\/04\/DSCF0210-DSCF0268-VG_shrink_wasser-1536x1024.jpg 1536w, https:\/\/irrecams.de\/wp-content\/uploads\/2021\/04\/DSCF0210-DSCF0268-VG_shrink_wasser-16x12.jpg 16w, https:\/\/irrecams.de\/wp-content\/uploads\/2021\/04\/DSCF0210-DSCF0268-VG_shrink_wasser-350x233.jpg 350w, https:\/\/irrecams.de\/wp-content\/uploads\/2021\/04\/DSCF0210-DSCF0268-VG_shrink_wasser.jpg 1920w\" sizes=\"auto, (max-width: 1024px) 100vw, 1024px\" \/><\/a><figcaption class=\"wp-element-caption\">Prise de vue nocturne avec une cam\u00e9ra modifi\u00e9e par Astromo<\/figcaption><\/figure>\n\n\n\n<h2 class=\"wp-block-heading\">Avantages d'une cam\u00e9ra modifi\u00e9e par astrom\u00e9trie<\/h2>\n\n\n\n<p>Les appareils photo num\u00e9riques modernes ont une excellente sensibilit\u00e9 tout en offrant un bon niveau de bruit et une grande plage dynamique. Il est m\u00eame possible d'immortaliser le ciel \u00e9toil\u00e9 avec une qualit\u00e9 acceptable sur un smartphone. Alors, que peut-on encore am\u00e9liorer dans ce type de photographie ? Pour r\u00e9pondre \u00e0 ces questions, nous devons parler des zones du spectre que nous ne pouvons plus voir avec un appareil photo normal.<\/p>\n\n\n\n<h2 class=\"wp-block-heading\">Qu'est-ce que le rayonnement H-Alpha ?<\/h2>\n\n\n\n<p>Un objet lumineux \u00e9met de la lumi\u00e8re. Il peut s'agir d'une bougie, d'une lampe LED ou d'une \u00e9toile. Mais la lumi\u00e8re n'est pas la m\u00eame : selon la source lumineuse, elle se distingue par son spectre - en d'autres termes, par la r\u00e9partition des couleurs. Ce que nous percevons comme de la lumi\u00e8re blanche est en r\u00e9alit\u00e9 un m\u00e9lange de toutes les couleurs du spectre. L'aspect d'un spectre, c'est-\u00e0-dire les couleurs qui y sont pr\u00e9sentes, d\u00e9pend entre autres de la composition de la source de lumi\u00e8re au niveau des particules. L'atome de loin le plus fr\u00e9quent dans l'univers est l'hydrog\u00e8ne (symbole H).<\/p>\n\n\n\n<p>Lorsque l'hydrog\u00e8ne est excit\u00e9 (par exemple par la chaleur ou un rayonnement), il \u00e9met de la lumi\u00e8re. Mais pas une lumi\u00e8re blanche, mais des longueurs d'onde tr\u00e8s discr\u00e8tes (donc des couleurs). La longueur d'onde la plus puissante est le rayonnement H-alpha - il a une longueur d'onde d'exactement 656,28 nanom\u00e8tres (nm). Cette longueur d'onde correspond \u00e0 un rouge profond dans le spectre que nous pouvons voir. Alors que nous pouvons tout juste voir cette longueur d'onde avec nos yeux, la plupart des appareils photo num\u00e9riques ont malheureusement du mal \u00e0 le faire.<\/p>\n\n\n\n<figure class=\"wp-block-image size-large\"><a href=\"https:\/\/irrecams.de\/wp-content\/uploads\/2021\/04\/astro_transmission_de.png\"><img loading=\"lazy\" decoding=\"async\" width=\"1024\" height=\"580\" src=\"https:\/\/irrecams.de\/wp-content\/uploads\/2021\/04\/astro_transmission_de-1024x580.png\" alt=\"Courbe de transmission d&#039;un filtre astronomique - H-Alpha peut passer sans encombre\" class=\"wp-image-6829\" srcset=\"https:\/\/irrecams.de\/wp-content\/uploads\/2021\/04\/astro_transmission_de-1024x580.png 1024w, https:\/\/irrecams.de\/wp-content\/uploads\/2021\/04\/astro_transmission_de-600x340.png 600w, https:\/\/irrecams.de\/wp-content\/uploads\/2021\/04\/astro_transmission_de-300x170.png 300w, https:\/\/irrecams.de\/wp-content\/uploads\/2021\/04\/astro_transmission_de-768x435.png 768w, https:\/\/irrecams.de\/wp-content\/uploads\/2021\/04\/astro_transmission_de-1536x870.png 1536w, https:\/\/irrecams.de\/wp-content\/uploads\/2021\/04\/astro_transmission_de-16x9.png 16w, https:\/\/irrecams.de\/wp-content\/uploads\/2021\/04\/astro_transmission_de-350x198.png 350w, https:\/\/irrecams.de\/wp-content\/uploads\/2021\/04\/astro_transmission_de.png 2000w\" sizes=\"auto, (max-width: 1024px) 100vw, 1024px\" \/><\/a><figcaption class=\"wp-element-caption\">Courbe de transmission d'un filtre astronomique - H-Alpha peut passer sans encombre<\/figcaption><\/figure>\n\n\n\n<h2 class=\"wp-block-heading\">Astrophotographie avec un appareil photo normal<\/h2>\n\n\n\n<p>Selon le fabricant et le mod\u00e8le, la sensibilit\u00e9 H-Alpha d'un appareil photo num\u00e9rique se situe seulement entre 10 et 30 %, typiquement autour de 15 %. Cela rend ces domaines spectraux pratiquement invisibles dans la nuit d\u00e9j\u00e0 tr\u00e8s sombre. La faute en revient au filtre de blocage UV\/IR (\u00e9galement appel\u00e9 hotmirror), qui est install\u00e9 par les fabricants directement devant le capteur. Celui-ci est n\u00e9cessaire pour garantir un bon rendu des couleurs pendant la journ\u00e9e, mais il est tout aussi g\u00eanant pour l'astrophotographe que pour le <a class=\"rank-math-link\" href=\"https:\/\/irrecams.de\/fr\/photographie-infrarouge\/\">Photographes infrarouges<\/a>. C'est pourquoi, lors d'une modification d'Astromo, le filtre de blocage est retir\u00e9 et remplac\u00e9 par un filtre qui laisse passer le rayonnement H-Alpha.<\/p>\n\n\n\n<h2 class=\"wp-block-heading\">Cam\u00e9ra modifi\u00e9e par astrom\u00e9trie vs. cam\u00e9ra normale<\/h2>\n\n\n\n<p>M\u00eame si la proportion d'hydrog\u00e8ne dans l'univers est tr\u00e8s importante, sa r\u00e9partition n'est pas uniforme. Il y a des objets dans le ciel nocturne qui \u00e9mettent une tr\u00e8s faible proportion de rayonnement H-Alpha et il y a des objets qui \u00e9mettent presque exclusivement dans cette zone (par exemple certaines n\u00e9buleuses). Une sensibilit\u00e9 H-Alpha accrue rend ces zones visibles sur les images, ce qui donne une image beaucoup plus int\u00e9ressante et plus \"color\u00e9e\". Ce qui n'est toutefois pas am\u00e9lior\u00e9 de mani\u00e8re significative par une modification, c'est la sensibilit\u00e9 de base de la cam\u00e9ra. Bien qu'en th\u00e9orie plus de lumi\u00e8re parvienne au capteur, le gain de luminosit\u00e9 r\u00e9el tombe dans la zone inf\u00e9rieure \u00e0 1\/3 EV.<\/p>\n\n\n\n<figure class=\"wp-block-image aligncenter size-large\"><a href=\"https:\/\/irrecams.de\/wp-content\/uploads\/2021\/04\/Normal_Astro.jpg\"><img loading=\"lazy\" decoding=\"async\" width=\"1024\" height=\"607\" src=\"https:\/\/irrecams.de\/wp-content\/uploads\/2021\/04\/Normal_Astro-1024x607.jpg\" alt=\"Cam\u00e9ra normale vs. cam\u00e9ra modifi\u00e9e par astrom\u00e9trie\" class=\"wp-image-6759\" srcset=\"https:\/\/irrecams.de\/wp-content\/uploads\/2021\/04\/Normal_Astro-1024x607.jpg 1024w, https:\/\/irrecams.de\/wp-content\/uploads\/2021\/04\/Normal_Astro-600x356.jpg 600w, https:\/\/irrecams.de\/wp-content\/uploads\/2021\/04\/Normal_Astro-300x178.jpg 300w, https:\/\/irrecams.de\/wp-content\/uploads\/2021\/04\/Normal_Astro-768x455.jpg 768w, https:\/\/irrecams.de\/wp-content\/uploads\/2021\/04\/Normal_Astro-1536x910.jpg 1536w, https:\/\/irrecams.de\/wp-content\/uploads\/2021\/04\/Normal_Astro-16x9.jpg 16w, https:\/\/irrecams.de\/wp-content\/uploads\/2021\/04\/Normal_Astro-350x207.jpg 350w, https:\/\/irrecams.de\/wp-content\/uploads\/2021\/04\/Normal_Astro.jpg 1920w\" sizes=\"auto, (max-width: 1024px) 100vw, 1024px\" \/><\/a><figcaption class=\"wp-element-caption\">\u00c0 gauche : Cam\u00e9ra normale | Droite : Cam\u00e9ra modifi\u00e9e par astrom\u00e9trie<\/figcaption><\/figure>\n\n\n\n<figure class=\"wp-block-gallery has-nested-images columns-default is-cropped wp-block-gallery-1 is-layout-flex wp-block-gallery-is-layout-flex\">\n<figure class=\"wp-block-image size-large\"><a href=\"https:\/\/irrecams.de\/wp-content\/uploads\/2022\/02\/Orion_Stock_siril.jpg\"><img loading=\"lazy\" decoding=\"async\" width=\"1024\" height=\"1024\" data-id=\"7761\" src=\"https:\/\/irrecams.de\/wp-content\/uploads\/2022\/02\/Orion_Stock_siril-1024x1024.jpg\" alt=\"N\u00e9buleuse d&#039;Orion avec cam\u00e9ra non modifi\u00e9e\" class=\"wp-image-7761\" srcset=\"https:\/\/irrecams.de\/wp-content\/uploads\/2022\/02\/Orion_Stock_siril-1024x1024.jpg 1024w, https:\/\/irrecams.de\/wp-content\/uploads\/2022\/02\/Orion_Stock_siril-450x450.jpg 450w, https:\/\/irrecams.de\/wp-content\/uploads\/2022\/02\/Orion_Stock_siril-100x100.jpg 100w, https:\/\/irrecams.de\/wp-content\/uploads\/2022\/02\/Orion_Stock_siril-600x600.jpg 600w, https:\/\/irrecams.de\/wp-content\/uploads\/2022\/02\/Orion_Stock_siril-300x300.jpg 300w, https:\/\/irrecams.de\/wp-content\/uploads\/2022\/02\/Orion_Stock_siril-150x150.jpg 150w, https:\/\/irrecams.de\/wp-content\/uploads\/2022\/02\/Orion_Stock_siril-768x768.jpg 768w, https:\/\/irrecams.de\/wp-content\/uploads\/2022\/02\/Orion_Stock_siril-1536x1536.jpg 1536w, https:\/\/irrecams.de\/wp-content\/uploads\/2022\/02\/Orion_Stock_siril-12x12.jpg 12w, https:\/\/irrecams.de\/wp-content\/uploads\/2022\/02\/Orion_Stock_siril-250x250.jpg 250w, https:\/\/irrecams.de\/wp-content\/uploads\/2022\/02\/Orion_Stock_siril-350x350.jpg 350w, https:\/\/irrecams.de\/wp-content\/uploads\/2022\/02\/Orion_Stock_siril.jpg 1920w\" sizes=\"auto, (max-width: 1024px) 100vw, 1024px\" \/><\/a><figcaption class=\"wp-element-caption\">Cam\u00e9ra non modifi\u00e9e<\/figcaption><\/figure>\n\n\n\n<figure class=\"wp-block-image size-large\"><a href=\"https:\/\/irrecams.de\/wp-content\/uploads\/2022\/02\/Orion_Astro_siril.jpg\"><img loading=\"lazy\" decoding=\"async\" width=\"1024\" height=\"1024\" data-id=\"7760\" src=\"https:\/\/irrecams.de\/wp-content\/uploads\/2022\/02\/Orion_Astro_siril-1024x1024.jpg\" alt=\"La n\u00e9buleuse d&#039;Orion avec une cam\u00e9ra transform\u00e9e : filtre Astronomik L2\" class=\"wp-image-7760\" srcset=\"https:\/\/irrecams.de\/wp-content\/uploads\/2022\/02\/Orion_Astro_siril-1024x1024.jpg 1024w, https:\/\/irrecams.de\/wp-content\/uploads\/2022\/02\/Orion_Astro_siril-450x450.jpg 450w, https:\/\/irrecams.de\/wp-content\/uploads\/2022\/02\/Orion_Astro_siril-100x100.jpg 100w, https:\/\/irrecams.de\/wp-content\/uploads\/2022\/02\/Orion_Astro_siril-600x600.jpg 600w, https:\/\/irrecams.de\/wp-content\/uploads\/2022\/02\/Orion_Astro_siril-300x300.jpg 300w, https:\/\/irrecams.de\/wp-content\/uploads\/2022\/02\/Orion_Astro_siril-150x150.jpg 150w, https:\/\/irrecams.de\/wp-content\/uploads\/2022\/02\/Orion_Astro_siril-768x768.jpg 768w, https:\/\/irrecams.de\/wp-content\/uploads\/2022\/02\/Orion_Astro_siril-1536x1536.jpg 1536w, https:\/\/irrecams.de\/wp-content\/uploads\/2022\/02\/Orion_Astro_siril-12x12.jpg 12w, https:\/\/irrecams.de\/wp-content\/uploads\/2022\/02\/Orion_Astro_siril-250x250.jpg 250w, https:\/\/irrecams.de\/wp-content\/uploads\/2022\/02\/Orion_Astro_siril-350x350.jpg 350w, https:\/\/irrecams.de\/wp-content\/uploads\/2022\/02\/Orion_Astro_siril.jpg 1920w\" sizes=\"auto, (max-width: 1024px) 100vw, 1024px\" \/><\/a><figcaption class=\"wp-element-caption\">Modification de la cam\u00e9ra avec un filtre astronomique<\/figcaption><\/figure>\n\n\n\n<figure class=\"wp-block-image size-large\"><a href=\"https:\/\/irrecams.de\/wp-content\/uploads\/2022\/02\/Orion_VS_siril.jpg\"><img loading=\"lazy\" decoding=\"async\" width=\"1024\" height=\"1024\" data-id=\"7762\" src=\"https:\/\/irrecams.de\/wp-content\/uploads\/2022\/02\/Orion_VS_siril-1024x1024.jpg\" alt=\"La n\u00e9buleuse d&#039;Orion avec une cam\u00e9ra modifi\u00e9e : filtre plein-spectre\" class=\"wp-image-7762\" srcset=\"https:\/\/irrecams.de\/wp-content\/uploads\/2022\/02\/Orion_VS_siril-1024x1024.jpg 1024w, https:\/\/irrecams.de\/wp-content\/uploads\/2022\/02\/Orion_VS_siril-450x450.jpg 450w, https:\/\/irrecams.de\/wp-content\/uploads\/2022\/02\/Orion_VS_siril-100x100.jpg 100w, https:\/\/irrecams.de\/wp-content\/uploads\/2022\/02\/Orion_VS_siril-600x600.jpg 600w, https:\/\/irrecams.de\/wp-content\/uploads\/2022\/02\/Orion_VS_siril-300x300.jpg 300w, https:\/\/irrecams.de\/wp-content\/uploads\/2022\/02\/Orion_VS_siril-150x150.jpg 150w, https:\/\/irrecams.de\/wp-content\/uploads\/2022\/02\/Orion_VS_siril-768x768.jpg 768w, https:\/\/irrecams.de\/wp-content\/uploads\/2022\/02\/Orion_VS_siril-1536x1536.jpg 1536w, https:\/\/irrecams.de\/wp-content\/uploads\/2022\/02\/Orion_VS_siril-12x12.jpg 12w, https:\/\/irrecams.de\/wp-content\/uploads\/2022\/02\/Orion_VS_siril-250x250.jpg 250w, https:\/\/irrecams.de\/wp-content\/uploads\/2022\/02\/Orion_VS_siril-350x350.jpg 350w, https:\/\/irrecams.de\/wp-content\/uploads\/2022\/02\/Orion_VS_siril.jpg 1920w\" sizes=\"auto, (max-width: 1024px) 100vw, 1024px\" \/><\/a><figcaption class=\"wp-element-caption\">Construction d'une cam\u00e9ra avec filtre plein-spectre<\/figcaption><\/figure>\n<figcaption class=\"blocks-gallery-caption wp-element-caption\">La n\u00e9buleuse d'Orion, photographi\u00e9e avec diff\u00e9rentes cam\u00e9ras<\/figcaption><\/figure>\n\n\n\n<p><\/p>\n\n\n\n<h2 class=\"wp-block-heading\">Quelle est la meilleure cam\u00e9ra pour une transformation astro ?<\/h2>\n\n\n\n<p>Comme pour une transformation infrarouge, la r\u00e8gle est la m\u00eame pour une transformation astro : les capteurs de tous les fabricants sont pratiquement identiques en ce qui concerne leur sensibilit\u00e9 dans le domaine spectral H-Alpha. Le comportement au bruit et la plage dynamique du capteur sont bien plus int\u00e9ressants et importants - apr\u00e8s tout, nous photographions dans des conditions d'\u00e9clairage tr\u00e8s sombres avec des valeurs ISO \u00e9lev\u00e9es. Ce n'est pas un grand d\u00e9fi pour tous les appareils photo qui sont arriv\u00e9s sur le march\u00e9 depuis le milieu des ann\u00e9es 2010. Les appareils encore plus anciens auront malheureusement du mal \u00e0 s'imposer dans cette discipline. En bref, tout appareil photo un tant soit peu moderne peut \u00eatre utilis\u00e9 pour une transformation astro.<\/p>\n\n\n\n<p>Il existe cependant une restriction technique, c'est pourquoi toutes les cam\u00e9ras de la <a class=\"rank-math-link\" href=\"https:\/\/irrecams.de\/fr\/service-de-conversion-infrarouge\/appareil-photo-et-liste-de-prix\/\">Liste de prix<\/a> \u00e9galement dans le <a class=\"rank-math-link\" href=\"https:\/\/irrecams.de\/fr\/categorie-produit\/service-de-conversion-de-camera-astro\/\">Boutique pour la transformation d'astro<\/a> sont disponibles. Certains appareils photo sont \u00e9quip\u00e9s d'une LED infrarouge interne, qui fait souvent partie du m\u00e9canisme d'obturation. La lumi\u00e8re diffus\u00e9e par ces LED perturbe l'image lors d'une prise de vue nocturne et, dans le pire des cas, la rend inutilisable. Ce probl\u00e8me concerne par exemple tous les appareils photo Sony Alpha 7 de la deuxi\u00e8me g\u00e9n\u00e9ration, c'est pourquoi ils ne sont pas s\u00e9lectionnables pour une transformation astro.<\/p>\n\n\n\n<hr class=\"wp-block-separator has-alpha-channel-opacity is-style-default\"\/>\n\n\n\n<div class=\"wp-block-buttons is-horizontal is-content-justification-center is-layout-flex wp-container-core-buttons-is-layout-03627597 wp-block-buttons-is-layout-flex\">\n<div class=\"wp-block-button\"><a class=\"wp-block-button__link wp-element-button\" href=\"https:\/\/irrecams.de\/fr\/quels-sont-les-filtres-qui-conviennent-a-la-transformation-dun-h-alpha-astro\/\" style=\"border-radius:5px\">Quel filtre astronomique<\/a><\/div>\n\n\n\n<div class=\"wp-block-button\"><a class=\"wp-block-button__link wp-element-button\" href=\"https:\/\/irrecams.de\/fr\/comment-utiliser-une-camera-astronomique-de-jour-pour-la-photographie-normale\/\" style=\"border-radius:5px\">Cam\u00e9ra astronomique de jour<\/a><\/div>\n\n\n\n<div class=\"wp-block-button\"><a class=\"wp-block-button__link wp-element-button\" href=\"https:\/\/irrecams.de\/fr\/filtres-supplementaires-pour-lastrophotographie\/\" style=\"border-radius:5px\">Filtres suppl\u00e9mentaires<\/a><\/div>\n\n\n\n<div class=\"wp-block-button\"><a class=\"wp-block-button__link wp-element-button\" href=\"https:\/\/irrecams.de\/fr\/categorie-produit\/service-de-conversion-de-camera-astro\/\" style=\"border-radius:5px\">Commander une transformation d'astro<\/a><\/div>\n\n\n\n<div class=\"wp-block-button\"><a class=\"wp-block-button__link wp-element-button\" href=\"https:\/\/irrecams.de\/fr\/galerie-infrarouge\/prise-avec-astrofilter\/\" style=\"border-radius:5px\">Plus d'astrophotos<\/a><\/div>\n\n\n\n<div class=\"wp-block-button\"><a class=\"wp-block-button__link wp-element-button\" href=\"https:\/\/irrecams.de\/fr\/photographie-infrarouge\/\" style=\"border-radius:5px\">En savoir plus sur la photographie infrarouge<\/a><\/div>\n<\/div>\n\n\n\n<hr class=\"wp-block-separator has-alpha-channel-opacity\"\/>\n\n\n\n<figure class=\"wp-block-image aligncenter size-large\"><a href=\"https:\/\/irrecams.de\/wp-content\/uploads\/2021\/04\/IR205664_Pano.jpg\"><img loading=\"lazy\" decoding=\"async\" width=\"1024\" height=\"512\" src=\"https:\/\/irrecams.de\/wp-content\/uploads\/2021\/04\/IR205664_Pano-1024x512.jpg\" alt=\"Panorama de la Voie lact\u00e9e - pris avec un filtre astronomique\" class=\"wp-image-6833\" srcset=\"https:\/\/irrecams.de\/wp-content\/uploads\/2021\/04\/IR205664_Pano-1024x512.jpg 1024w, https:\/\/irrecams.de\/wp-content\/uploads\/2021\/04\/IR205664_Pano-600x300.jpg 600w, https:\/\/irrecams.de\/wp-content\/uploads\/2021\/04\/IR205664_Pano-300x150.jpg 300w, https:\/\/irrecams.de\/wp-content\/uploads\/2021\/04\/IR205664_Pano-768x384.jpg 768w, https:\/\/irrecams.de\/wp-content\/uploads\/2021\/04\/IR205664_Pano-1536x768.jpg 1536w, https:\/\/irrecams.de\/wp-content\/uploads\/2021\/04\/IR205664_Pano-16x8.jpg 16w, https:\/\/irrecams.de\/wp-content\/uploads\/2021\/04\/IR205664_Pano-350x175.jpg 350w, https:\/\/irrecams.de\/wp-content\/uploads\/2021\/04\/IR205664_Pano.jpg 2000w\" sizes=\"auto, (max-width: 1024px) 100vw, 1024px\" \/><\/a><figcaption class=\"wp-element-caption\">Panorama de la Voie lact\u00e9e - pris avec un filtre astronomique<\/figcaption><\/figure>\n\n\n\n<p><\/p>","protected":false},"excerpt":{"rendered":"<p>Die Infrarot Fotografie zeigt bekanntlich vertraute Landschaften in einem abstrakten, k\u00fcnstlerischen und neuen Licht. Bei der Astro- oder Sternfotografie geht es aber eher darum, die Objekte m\u00f6glichst &#8220;nat\u00fcrlich&#8221; abzubilden, so wie wir sie auch sehen. Das ist vor allem f\u00fcr Nachtlandschaften wichtig, bei denen auch noch ein spannender Vordergrund zu fotografieren ist. Vorteile einer Astromodifizierten [&hellip;]<\/p>\n","protected":false},"author":1,"featured_media":0,"parent":0,"menu_order":20,"comment_status":"closed","ping_status":"closed","template":"","meta":{"footnotes":""},"class_list":["post-6729","page","type-page","status-publish","hentry"],"_links":{"self":[{"href":"https:\/\/irrecams.de\/fr\/wp-json\/wp\/v2\/pages\/6729","targetHints":{"allow":["GET"]}}],"collection":[{"href":"https:\/\/irrecams.de\/fr\/wp-json\/wp\/v2\/pages"}],"about":[{"href":"https:\/\/irrecams.de\/fr\/wp-json\/wp\/v2\/types\/page"}],"author":[{"embeddable":true,"href":"https:\/\/irrecams.de\/fr\/wp-json\/wp\/v2\/users\/1"}],"replies":[{"embeddable":true,"href":"https:\/\/irrecams.de\/fr\/wp-json\/wp\/v2\/comments?post=6729"}],"version-history":[{"count":10,"href":"https:\/\/irrecams.de\/fr\/wp-json\/wp\/v2\/pages\/6729\/revisions"}],"predecessor-version":[{"id":14354,"href":"https:\/\/irrecams.de\/fr\/wp-json\/wp\/v2\/pages\/6729\/revisions\/14354"}],"wp:attachment":[{"href":"https:\/\/irrecams.de\/fr\/wp-json\/wp\/v2\/media?parent=6729"}],"curies":[{"name":"wp","href":"https:\/\/api.w.org\/{rel}","templated":true}]}}