{"id":81,"date":"2015-01-07T16:00:36","date_gmt":"2015-01-07T15:00:36","guid":{"rendered":"http:\/\/wp10590344.server-he.de\/irrecams2\/?page_id=81"},"modified":"2026-01-13T23:33:30","modified_gmt":"2026-01-13T22:33:30","slug":"ateliers-infrarouges","status":"publish","type":"page","link":"https:\/\/irrecams.de\/fr\/ateliers-infrarouges\/","title":{"rendered":"Ateliers de photographie infrarouge"},"content":{"rendered":"<p>Les ateliers de photographie infrarouge visent \u00e0 transmettre des connaissances th\u00e9oriques et pratiques et s'adressent aussi bien aux d\u00e9butants qu'aux photographes confirm\u00e9s dans le domaine de la photographie infrarouge. Des s\u00e9minaires th\u00e9oriques permettent de poser les bases et de faire des d\u00e9monstrations de post-traitement. Sur place, nous d\u00e9couvrons ensuite des motifs tr\u00e8s particuliers dans les plus beaux endroits d'Allemagne. Si vous ne poss\u00e9dez pas encore d'appareil photo ou si vous souhaitez en essayer un autre, vous pouvez emprunter l'appareil photo infrarouge de votre choix pour une somme modique.<\/p>\n\n\n\n<hr class=\"wp-block-separator has-css-opacity is-style-wide\"\/>\n\n\n\n<h2 class=\"wp-block-heading\">Atelier infrarouge en Souabe du Nord : 26-28.06.2026<\/h2>\n\n\n\n<p>En \u00e9t\u00e9, le sud de l'Allemagne est une destination particuli\u00e8rement int\u00e9ressante pour la photographie infrarouge. Le vert intense des plantes, les vieux ch\u00e2teaux et l'architecture m\u00e9di\u00e9vale forment une offre vari\u00e9e de diff\u00e9rents motifs sur un petit espace.<\/p>\n\n\n\n<p>L'atelier vise \u00e0 transmettre des connaissances th\u00e9oriques et pratiques et s'adresse aussi bien aux d\u00e9butants qu'aux photographes confirm\u00e9s dans le domaine de la photographie infrarouge. Des s\u00e9minaires th\u00e9oriques permettront de poser les bases et de faire des d\u00e9monstrations de post-traitement. Sur place, nous d\u00e9couvrirons ensuite des motifs int\u00e9ressants dans les plus beaux endroits d'Allemagne. <\/p>\n\n\n\n<div class=\"wp-block-buttons has-base-background-color has-background is-content-justification-center is-layout-flex wp-container-core-buttons-is-layout-a89b3969 wp-block-buttons-is-layout-flex\">\n<div class=\"wp-block-button\"><a class=\"wp-block-button__link has-custom-infra-rot-background-color has-background wp-element-button\" href=\"https:\/\/www.irrecams.de\/IR-Workshop_261.pdf\" target=\"_blank\" rel=\"noreferrer noopener\">PDF avec tous les d\u00e9tails<\/a><\/div>\n\n\n\n<div class=\"wp-block-button\"><a class=\"wp-block-button__link has-custom-infra-rot-background-color has-background wp-element-button\" href=\"https:\/\/irrecams.de\/fr\/boutique\/atelier-ir-nord-souabe-26-28-juin-2026\/\">vers la r\u00e9servation<\/a><\/div>\n<\/div>\n\n\n\n<div style=\"height:30px\" aria-hidden=\"true\" class=\"wp-block-spacer\"><\/div>\n\n\n\n<figure class=\"wp-block-image aligncenter size-full\"><img loading=\"lazy\" decoding=\"async\" width=\"1500\" height=\"844\" src=\"https:\/\/irrecams.de\/wp-content\/uploads\/2026\/01\/IR-Workshop_261.jpg\" alt=\"Atelier infrarouge Souabe du Nord 2026\" class=\"wp-image-16367\" srcset=\"https:\/\/irrecams.de\/wp-content\/uploads\/2026\/01\/IR-Workshop_261.jpg 1500w, https:\/\/irrecams.de\/wp-content\/uploads\/2026\/01\/IR-Workshop_261-300x169.jpg 300w, https:\/\/irrecams.de\/wp-content\/uploads\/2026\/01\/IR-Workshop_261-1024x576.jpg 1024w, https:\/\/irrecams.de\/wp-content\/uploads\/2026\/01\/IR-Workshop_261-768x432.jpg 768w, https:\/\/irrecams.de\/wp-content\/uploads\/2026\/01\/IR-Workshop_261-18x10.jpg 18w, https:\/\/irrecams.de\/wp-content\/uploads\/2026\/01\/IR-Workshop_261-600x338.jpg 600w\" sizes=\"auto, (max-width: 1500px) 100vw, 1500px\" \/><figcaption class=\"wp-element-caption\">Atelier infrarouge Souabe du Nord 2026<\/figcaption><\/figure>\n\n\n\n<hr class=\"wp-block-separator has-css-opacity is-style-wide\"\/>\n\n\n\n<h2 class=\"wp-block-heading\"><s>Atelier infrarouge sur l'\u00eele de R\u00fcgen : 23-25.05.2025<\/s><\/h2>\n\n\n\n<p>Le prochain atelier sur l'\u00eele de R\u00fcgen est pr\u00e9vu pour le mois de juin. <strong>Fin mai 2027<\/strong> aura lieu en septembre. D\u00e8s que la date sera fix\u00e9e, elle sera annonc\u00e9e dans notre newsletter, vous pouvez vous y abonner tout en bas de cette page.<\/p>\n\n\n\n<div style=\"height:30px\" aria-hidden=\"true\" class=\"wp-block-spacer\"><\/div>\n\n\n\n<figure class=\"wp-block-image aligncenter size-full\"><img loading=\"lazy\" decoding=\"async\" width=\"1920\" height=\"1080\" src=\"https:\/\/irrecams.de\/wp-content\/uploads\/2024\/11\/IR-Workshop_251-1.jpg\" alt=\"\" class=\"wp-image-13753\" srcset=\"https:\/\/irrecams.de\/wp-content\/uploads\/2024\/11\/IR-Workshop_251-1.jpg 1920w, https:\/\/irrecams.de\/wp-content\/uploads\/2024\/11\/IR-Workshop_251-1-300x169.jpg 300w, https:\/\/irrecams.de\/wp-content\/uploads\/2024\/11\/IR-Workshop_251-1-1024x576.jpg 1024w, https:\/\/irrecams.de\/wp-content\/uploads\/2024\/11\/IR-Workshop_251-1-768x432.jpg 768w, https:\/\/irrecams.de\/wp-content\/uploads\/2024\/11\/IR-Workshop_251-1-1536x864.jpg 1536w, https:\/\/irrecams.de\/wp-content\/uploads\/2024\/11\/IR-Workshop_251-1-18x10.jpg 18w, https:\/\/irrecams.de\/wp-content\/uploads\/2024\/11\/IR-Workshop_251-1-600x338.jpg 600w\" sizes=\"auto, (max-width: 1920px) 100vw, 1920px\" \/><figcaption class=\"wp-element-caption\">Atelier infrarouge \u00eele de R\u00fcgen 2025<\/figcaption><\/figure>\n\n\n\n<hr class=\"wp-block-separator has-css-opacity is-style-wide\"\/>\n\n\n\n<h2 class=\"wp-block-heading\">Tutoriel infrarouge gratuit pour d\u00e9butants<\/h2>\n\n\n\n<figure class=\"wp-block-image aligncenter size-large\"><a href=\"https:\/\/irrecams.de\/fr\/blog\/2021\/tutoriel-infrarouge-gratuit-pour-debutants-2021\/\" target=\"_blank\" rel=\"noopener\"><img loading=\"lazy\" decoding=\"async\" width=\"1024\" height=\"576\" src=\"https:\/\/irrecams.de\/wp-content\/uploads\/2021\/07\/213de-1024x576.jpg\" alt=\"Webinaire sur la photographie infrarouge Fuji-Store.fr\" class=\"wp-image-7247\" srcset=\"https:\/\/irrecams.de\/wp-content\/uploads\/2021\/07\/213de-1024x576.jpg 1024w, https:\/\/irrecams.de\/wp-content\/uploads\/2021\/07\/213de-600x338.jpg 600w, https:\/\/irrecams.de\/wp-content\/uploads\/2021\/07\/213de-300x169.jpg 300w, https:\/\/irrecams.de\/wp-content\/uploads\/2021\/07\/213de-768x432.jpg 768w, https:\/\/irrecams.de\/wp-content\/uploads\/2021\/07\/213de-1536x864.jpg 1536w, https:\/\/irrecams.de\/wp-content\/uploads\/2021\/07\/213de-16x9.jpg 16w, https:\/\/irrecams.de\/wp-content\/uploads\/2021\/07\/213de-350x197.jpg 350w, https:\/\/irrecams.de\/wp-content\/uploads\/2021\/07\/213de.jpg 2000w\" sizes=\"auto, (max-width: 1024px) 100vw, 1024px\" \/><\/a><\/figure>\n\n\n\n<p>Ceux qui envisagent d'aller <a href=\"https:\/\/irrecams.de\/fr\/photographie-infrarouge\/\">Photographie IR <\/a>mais qui n'est pas s\u00fbr de lui ou dont certaines notions ne sont pas claires, peut regarder ce tutoriel gratuit ici. Le webinaire d'une heure et demie pr\u00e9sente de A \u00e0 Z tous les aspects importants de la photographie infrarouge. Il commence par les possibilit\u00e9s de modification de l'appareil photo, le choix des filtres, les points chauds infrarouges et le traitement infrarouge de base.<\/p>\n\n\n\n<p class=\"translation-block\">Le webinaire infrarouge organis\u00e9 par le <a href=\"https:\/\/www.fuji-store.de\/\" target=\"_self\" rel=\"noreferrer noopener\">Fuji-Store<\/a> a eu lieu le 27 juillet 2021. Merci encore pour cette excellente soir\u00e9e et pour la mise \u00e0 disposition de l'enregistrement !<\/p>\n\n\n\n<div class=\"wp-block-buttons is-horizontal is-content-justification-center is-layout-flex wp-container-core-buttons-is-layout-03627597 wp-block-buttons-is-layout-flex\">\n<div class=\"wp-block-button has-custom-width wp-block-button__width-50\"><a class=\"wp-block-button__link wp-element-button\" href=\"https:\/\/irrecams.de\/fr\/blog\/2021\/tutoriel-infrarouge-gratuit-pour-debutants-2021\/\" style=\"border-radius:5px\" target=\"_blank\" rel=\"noreferrer noopener\">Acc\u00e8s direct au tutoriel<\/a><\/div>\n<\/div>","protected":false},"excerpt":{"rendered":"<p>Die Infrarot Fotografie Workshops sollen theoretisches und praktisches Wissen vermitteln und richten sich sowohl an Einsteiger als auch Fortgeschrittene in der Infrarotfotografie. In theoretischen Seminaren werden Grundlagen geschaffen und die Nachbearbeitung vorgef\u00fchrt. Vor Ort entdecken wir dann ganz besondere Motive an den sch\u00f6nsten Orten Deutschlands. Sie k\u00f6nnen \u00fcbrigens Ihre Wunsch-Infrarotkamera gegen eine kleine Geb\u00fchr ausleihen, [&hellip;]<\/p>\n","protected":false},"author":1,"featured_media":0,"parent":0,"menu_order":4,"comment_status":"closed","ping_status":"closed","template":"","meta":{"footnotes":""},"class_list":["post-81","page","type-page","status-publish","hentry"],"_links":{"self":[{"href":"https:\/\/irrecams.de\/fr\/wp-json\/wp\/v2\/pages\/81","targetHints":{"allow":["GET"]}}],"collection":[{"href":"https:\/\/irrecams.de\/fr\/wp-json\/wp\/v2\/pages"}],"about":[{"href":"https:\/\/irrecams.de\/fr\/wp-json\/wp\/v2\/types\/page"}],"author":[{"embeddable":true,"href":"https:\/\/irrecams.de\/fr\/wp-json\/wp\/v2\/users\/1"}],"replies":[{"embeddable":true,"href":"https:\/\/irrecams.de\/fr\/wp-json\/wp\/v2\/comments?post=81"}],"version-history":[{"count":16,"href":"https:\/\/irrecams.de\/fr\/wp-json\/wp\/v2\/pages\/81\/revisions"}],"predecessor-version":[{"id":16375,"href":"https:\/\/irrecams.de\/fr\/wp-json\/wp\/v2\/pages\/81\/revisions\/16375"}],"wp:attachment":[{"href":"https:\/\/irrecams.de\/fr\/wp-json\/wp\/v2\/media?parent=81"}],"curies":[{"name":"wp","href":"https:\/\/api.w.org\/{rel}","templated":true}]}}