{"id":94,"date":"2015-01-07T17:27:52","date_gmt":"2015-01-07T16:27:52","guid":{"rendered":"http:\/\/wp10590344.server-he.de\/irrecams2\/?page_id=94"},"modified":"2025-07-23T08:33:22","modified_gmt":"2025-07-23T06:33:22","slug":"mentions-legales","status":"publish","type":"page","link":"https:\/\/irrecams.de\/fr\/mentions-legales\/","title":{"rendered":"Mentions l\u00e9gales"},"content":{"rendered":"<p>Adresse Internet : <a href=\"https:\/\/irrecams.de\/fr\/\">www.IRreCams.de<\/a><\/p>\n\n\n\n<p>IRreCams Lamprecht<\/p>\n\n\n\n<p>Propri\u00e9taire : Sven Lamprecht<\/p>\n\n\n\n<p>Moorberg 8c<br>18573 Dreschvitz<br>Allemagne<\/p>\n\n\n\n<p>T\u00e9l\u00e9phone : (+49) 038306 639 817<br>Mobile : (+49) 0151 5 48 48 914<\/p>\n\n\n\n<p>Courrier \u00e9lectronique : <a href=\"mailto:info@irrecams.de\">info@IRreCams.de<\/a><\/p>\n\n\n\n<p>Num\u00e9ro d'identification de la taxe sur le chiffre d'affaires : DE275518370<br>Num\u00e9ro LUCID \/ EPR : DE3524348383303<br>Num\u00e9ro EORI : DE792085246882510<br><\/p>\n\n\n\n<p>Responsable selon le \u00a7 18 MStV :<br>Sven Lamprecht<br>Moorberg 8c<br>18573 Dreschvitz<\/p>\n\n\n\n<p class=\"translation-block\">La Commission europ\u00e9enne met \u00e0 disposition une plateforme de r\u00e8glement en ligne des litiges (RLL) que vous trouverez ici <a href=\"https:\/\/ec.europa.eu\/consumers\/odr\/\" target=\"_self\" rel=\"noreferrer noopener nofollow\">https:\/\/ec.europa.eu\/consumers\/odr\/<\/a>. Nous sommes pr\u00eats \u00e0 participer \u00e0 une proc\u00e9dure de conciliation extrajudiciaire devant un organisme de conciliation des consommateurs.<\/p>\n\n\n\n<p><a href=\"https:\/\/irrecams.de\/fr\/protection-des-donnees\/\">Lisez ici la d\u00e9claration de confidentialit\u00e9<\/a><\/p>\n\n\n\n<p><a href=\"https:\/\/irrecams.de\/fr\/information-sur-le-droit-de-retractation\/\">Lisez ici les informations sur le droit de r\u00e9tractation<\/a><\/p>\n\n\n\n<p><a href=\"https:\/\/irrecams.de\/fr\/conditions-generales-de-vente\/\">Lisez ici les conditions g\u00e9n\u00e9rales<\/a><\/p>\n\n\n\n<p><\/p>\n\n\n\n<h4 class=\"wp-block-heading\">Mention de responsabilit\u00e9 :<\/h4>\n\n\n\n<p>Les recommandations et informations contenues sur ce site ont \u00e9t\u00e9 r\u00e9dig\u00e9es et v\u00e9rifi\u00e9es avec le plus grand soin par l'auteur. Toutefois, aucune garantie ne peut \u00eatre donn\u00e9e quant \u00e0 l'exactitude de ces informations. L'auteur d\u00e9cline toute responsabilit\u00e9 en cas de dommages ou d'accidents r\u00e9sultant des recommandations et des informations fournies sur ce site.<\/p>\n\n\n\n<p>Malgr\u00e9 un contr\u00f4le minutieux du contenu, l'exploitant du site n'assume aucune responsabilit\u00e9 pour le contenu des liens externes. Seuls les exploitants respectifs sont responsables du contenu des pages li\u00e9es.<\/p>\n\n\n\n<h4 class=\"wp-block-heading\">Droit d'auteur et utilisation du contenu :<\/h4>\n\n\n\n<p>Toutes les images, tous les graphiques, tous les textes et toutes les conceptions graphiques sont la propri\u00e9t\u00e9 intellectuelle de l'exploitant du site, conform\u00e9ment au droit d'auteur allemand.<br>L'exploitant du site ne garantit pas la reprise ou l'utilisation de contenus de ce site dans le cadre de la <a href=\"http:\/\/creativecommons.org\/licenses\/by-nc-sa\/3.0\/de\/\" target=\"_blank\" rel=\"noreferrer noopener\">Licence Creative Commons \"Attribution - Pas d'Utilisation Commerciale - Partage \u00e0 l'Identique 3.0 Allemagne\" (CC by-nc-sa)<\/a> libre. Si vous souhaitez utiliser des contenus de ce site sans respecter la \"CC by-nc-sa\", veuillez vous adresser \u00e0 l'exploitant du site.<\/p>\n\n\n\n<p><\/p>\n\n\n\n<h4 class=\"wp-block-heading\">Analyse web avec Matomo :<\/h4>\n\n\n\n<p>Ce site web utilise Matomo, un logiciel open source pour l'\u00e9valuation statistique de l'acc\u00e8s des visiteurs. Vous trouverez de plus amples informations dans la <a href=\"https:\/\/irrecams.de\/fr\/protection-des-donnees\/\">D\u00e9claration de confidentialit\u00e9<\/a>. Votre statut actuel :<\/p>\n\n\n\n<div class=\"wp-block-group has-border-color has-tertiary-border-color has-global-padding is-layout-constrained wp-container-core-group-is-layout-23b1a4dc wp-block-group-is-layout-constrained\" style=\"border-width:1px;border-radius:5px;padding-top:var(--wp--preset--spacing--30);padding-right:var(--wp--preset--spacing--30);padding-bottom:var(--wp--preset--spacing--30);padding-left:var(--wp--preset--spacing--30)\"><p id=\"matomo_opted_out_intro\" style=\"display:none;\">Opt-out complet ; vos visites sur ce site web ne seront pas enregistr\u00e9es par l'outil Web Analytics. Notez que si vous effacez vos cookies, supprimez le cookie d'opt-out, ou si vous changez d'ordinateur ou de navigateur web, vous devrez \u00e0 nouveau effectuer la proc\u00e9dure d'opt-out.<\/p><p id=\"matomo_opted_in_intro\" >Vous pouvez choisir d'emp\u00eacher ce site web d'agr\u00e9ger et d'analyser les actions que vous y effectuez. Cela prot\u00e9gera votre vie priv\u00e9e, mais emp\u00eachera \u00e9galement le propri\u00e9taire d'apprendre de vos actions et de cr\u00e9er une meilleure exp\u00e9rience pour vous et les autres utilisateurs.<\/p><form action=\"\">\n        <input type=\"checkbox\" id=\"matomo_optout_checkbox\" checked=\"checked\"\/>\n        <label for=\"matomo_optout_checkbox\"><strong>\n        <span id=\"matomo_opted_in_label\" >Vous ne vous \u00eates pas d\u00e9sinscrit. V\u00e9rifiez cette case pour vous d\u00e9sinscrire.<\/span>\n\t\t<span id=\"matomo_opted_out_label\" style=\"display:none;\">Vous \u00eates actuellement d\u00e9sinscrit. Cochez cette case pour vous d\u00e9sinscrire.<\/span>\n        <\/strong><\/label><input type=\"hidden\" name=\"trp-form-language\" value=\"fr\"\/><\/form><noscript><p><strong style=\"color: #ff0000;\">Cette fonction d'exclusion requiert JavaScript.<\/strong><\/p><\/noscript><p id=\"matomo_outout_err_cookies\" style=\"display: none;\"><strong>La fonction d'exclusion du suivi n\u00e9cessite l'activation de cookies.<\/strong><\/p>\n<\/div>\n\n\n\n<p>Si vous ne souhaitez pas que Matomo proc\u00e8de \u00e0 des analyses statistiques, vous pouvez \u00e9galement activer la fonction \"Do Not Track\" dans votre navigateur. Nous respectons cette d\u00e9cision et ne collectons alors aucune donn\u00e9e pour les statistiques des visiteurs. Veuillez utiliser les fonctions d'aide de votre navigateur Internet pour savoir comment modifier ces param\u00e8tres.<\/p>","protected":false},"excerpt":{"rendered":"<p>Internetadresse: www.IRreCams.de IRreCams Lamprecht Inhaber: Sven Lamprecht Moorberg 8c18573 DreschvitzDeutschland Telefon: (+49) 038306 639 817Mobil: (+49) 0151 5 48 48 914 Mail: info@IRreCams.de Umsatzsteuer-Identifikationsnummer: DE275518370LUCID \/ EPR Nummer: DE3524348383303EORI Nummer: DE792085246882510 Verantwortlich gem\u00e4\u00df \u00a7 18 MStV:Sven LamprechtMoorberg 8c18573 Dreschvitz Die Europ\u00e4ische Kommission stellt eine Plattform zur Online-Streitbeilegung (OS) bereit, die Sie hier finden https:\/\/ec.europa.eu\/consumers\/odr\/. Wir [&hellip;]<\/p>\n","protected":false},"author":1,"featured_media":0,"parent":0,"menu_order":90,"comment_status":"closed","ping_status":"closed","template":"","meta":{"footnotes":""},"class_list":["post-94","page","type-page","status-publish","hentry"],"_links":{"self":[{"href":"https:\/\/irrecams.de\/fr\/wp-json\/wp\/v2\/pages\/94","targetHints":{"allow":["GET"]}}],"collection":[{"href":"https:\/\/irrecams.de\/fr\/wp-json\/wp\/v2\/pages"}],"about":[{"href":"https:\/\/irrecams.de\/fr\/wp-json\/wp\/v2\/types\/page"}],"author":[{"embeddable":true,"href":"https:\/\/irrecams.de\/fr\/wp-json\/wp\/v2\/users\/1"}],"replies":[{"embeddable":true,"href":"https:\/\/irrecams.de\/fr\/wp-json\/wp\/v2\/comments?post=94"}],"version-history":[{"count":6,"href":"https:\/\/irrecams.de\/fr\/wp-json\/wp\/v2\/pages\/94\/revisions"}],"predecessor-version":[{"id":15223,"href":"https:\/\/irrecams.de\/fr\/wp-json\/wp\/v2\/pages\/94\/revisions\/15223"}],"wp:attachment":[{"href":"https:\/\/irrecams.de\/fr\/wp-json\/wp\/v2\/media?parent=94"}],"curies":[{"name":"wp","href":"https:\/\/api.w.org\/{rel}","templated":true}]}}