{"id":12097,"date":"2024-07-05T19:47:00","date_gmt":"2024-07-05T17:47:00","guid":{"rendered":"https:\/\/irrecams.de\/?post_type=product&#038;p=12097"},"modified":"2025-05-15T09:28:38","modified_gmt":"2025-05-15T07:28:38","slug":"canon-eos-rp-reconstruit-nouveau","status":"publish","type":"product","link":"https:\/\/irrecams.de\/fr\/boutique\/canon-eos-rp-reconstruit-nouveau\/","title":{"rendered":"Canon EOS RP transform\u00e9 *NOUVEAU"},"content":{"rendered":"<p><strong>Remarque :<\/strong> La fonction de nettoyage automatique du capteur est perdue lors de la transformation de cette cam\u00e9ra.<\/p>\n<p><strong>ATTENTION<\/strong> De nombreux objectifs EOS RF et RF-S natifs ne peuvent \u00eatre utilis\u00e9s que de mani\u00e8re limit\u00e9e dans des situations d'\u00e9clairage sombre. Une LED infrarouge est int\u00e9gr\u00e9e \u00e0 l'int\u00e9rieur de ces objectifs. La lumi\u00e8re diffuse peut \u00eatre visible sur les photos en cas de temps d'exposition longs et\/ou de conditions d'\u00e9clairage sombres (m\u00eame en cas d'exposition longue avec un filtre ND). Si les objectifs EF sont utilis\u00e9s sur l'appareil photo au moyen d'un adaptateur, ce risque n'existe pas.<\/p>","protected":false},"excerpt":{"rendered":"<div class=\"woocommerce-product-details__short-description\">\n<p>Vous achetez une nouvelle cam\u00e9ra qui a d\u00e9j\u00e0 \u00e9t\u00e9 modifi\u00e9e pour vous avec le filtre int\u00e9gr\u00e9 choisi.<\/p>\n<\/div>\n<p>La cam\u00e9ra n'est pas en stock et est achet\u00e9e pour vous sur commande, le d\u00e9lai de livraison est donc d'environ 14 jours.<\/p>\n<div class=\"woocommerce-product-details__short-description\">\n<p>Vous n'\u00eates pas s\u00fbr des donn\u00e9es ou de votre choix de filtre ? Ecrivez-nous <a href=\"https:\/\/irrecams.de\/fr\/umbauservice\/demande-de-renseignements\/\">un message sans engagement<\/a>.<\/p>\n<\/div>","protected":false},"featured_media":12153,"template":"","meta":[],"product_brand":[],"product_cat":[923],"product_tag":[926,927],"class_list":{"0":"post-12097","1":"product","2":"type-product","3":"status-publish","4":"has-post-thumbnail","6":"product_cat-neue-infrarot-und-astrokameras","7":"product_tag-eosr","8":"product_tag-ff","9":"product_shipping_class-kamera","11":"first","12":"instock","13":"taxable","14":"shipping-taxable","15":"purchasable","16":"product-type-simple"},"_links":{"self":[{"href":"https:\/\/irrecams.de\/fr\/wp-json\/wp\/v2\/product\/12097","targetHints":{"allow":["GET"]}}],"collection":[{"href":"https:\/\/irrecams.de\/fr\/wp-json\/wp\/v2\/product"}],"about":[{"href":"https:\/\/irrecams.de\/fr\/wp-json\/wp\/v2\/types\/product"}],"wp:featuredmedia":[{"embeddable":true,"href":"https:\/\/irrecams.de\/fr\/wp-json\/wp\/v2\/media\/12153"}],"wp:attachment":[{"href":"https:\/\/irrecams.de\/fr\/wp-json\/wp\/v2\/media?parent=12097"}],"wp:term":[{"taxonomy":"product_brand","embeddable":true,"href":"https:\/\/irrecams.de\/fr\/wp-json\/wp\/v2\/product_brand?post=12097"},{"taxonomy":"product_cat","embeddable":true,"href":"https:\/\/irrecams.de\/fr\/wp-json\/wp\/v2\/product_cat?post=12097"},{"taxonomy":"product_tag","embeddable":true,"href":"https:\/\/irrecams.de\/fr\/wp-json\/wp\/v2\/product_tag?post=12097"}],"curies":[{"name":"wp","href":"https:\/\/api.w.org\/{rel}","templated":true}]}}