{"id":12107,"date":"2024-07-06T13:23:09","date_gmt":"2024-07-06T11:23:09","guid":{"rendered":"https:\/\/irrecams.de\/?post_type=product&#038;p=12107"},"modified":"2026-04-08T13:02:33","modified_gmt":"2026-04-08T11:02:33","slug":"nikon-z6-ii-transforme-nouveau","status":"publish","type":"product","link":"https:\/\/irrecams.de\/fr\/boutique\/nikon-z6-ii-transforme-nouveau\/","title":{"rendered":"Nikon Z6 II transform\u00e9 *NOUVEAU"},"content":{"rendered":"<p><strong>ATTENTION<\/strong> Une LED infrarouge se trouve \u00e0 l'int\u00e9rieur de cette cam\u00e9ra. Les reflets de lumi\u00e8re et la lumi\u00e8re diffuse peuvent \u00eatre visibles sur les photos en cas de temps d'exposition longs et\/ou de conditions d'\u00e9clairage sombres. Cette LED ne s'allume que lors de l'utilisation de l'obturateur m\u00e9canique. En choisissant l'obturateur \u00e9lectronique, le probl\u00e8me peut \u00eatre compl\u00e8tement \u00e9vit\u00e9.<\/p>\n<p><strong>Remarque :<\/strong> La fonction de nettoyage automatique du capteur est perdue lors de la transformation de cette cam\u00e9ra.<\/p>\n<p><strong>Remarque Motifs de lignes :<\/strong> Certains utilisateurs de la s\u00e9rie Z de Nikon ont signal\u00e9 des artefacts de lignes dans les photos infrarouges. Lors d'un traitement d'image \u00e0 tr\u00e8s fort contraste, des lignes du syst\u00e8me AF peuvent \u00eatre visibles sur les images. Le risque augmente avec des filtres IR plus puissants, l'effet semble \u00eatre moins prononc\u00e9 avec des filtres faibles. Les lignes ne sont \u00e9galement visibles qu'en cas de post-traitement tr\u00e8s pouss\u00e9 du contraste, de la clart\u00e9 (contraste local) et\/ou de la suppression de la brume.<\/p>\n<p><strong>Remarque sur la balance des blancs :<\/strong> Sur cette cam\u00e9ra, la balance des blancs ne peut pas \u00eatre d\u00e9finie correctement. Selon la situation d'\u00e9clairage et le filtre, une balance des blancs manuelle n'est pas possible dans la cam\u00e9ra et fournit un message d'erreur (le probl\u00e8me se produit \u00e9galement avec le filtre InfraBlue). La balance des blancs peut \u00eatre r\u00e9gl\u00e9e sur 2500K avec correction des couleurs, mais il reste g\u00e9n\u00e9ralement une nette dominante magenta dans l'image. Lors de la prise de vue en RAW (recommand\u00e9e), cela n'a pas d'importance, car la balance des blancs peut \u00eatre r\u00e9gl\u00e9e correctement sur l'ordinateur. Il est \u00e9galement possible de photographier des JPEG noir et blanc dans l'appareil photo sans probl\u00e8me.<\/p>","protected":false},"excerpt":{"rendered":"<div class=\"woocommerce-product-details__short-description\">\n<p>Vous achetez une nouvelle cam\u00e9ra qui a d\u00e9j\u00e0 \u00e9t\u00e9 modifi\u00e9e pour vous avec le filtre int\u00e9gr\u00e9 choisi.<\/p>\n<\/div>\n<p>La cam\u00e9ra n'est pas en stock et est achet\u00e9e pour vous sur commande, le d\u00e9lai de livraison est donc d'environ 14 jours.<\/p>\n<div class=\"woocommerce-product-details__short-description\">\n<p>Vous n'\u00eates pas s\u00fbr des donn\u00e9es ou de votre choix de filtre ? Ecrivez-nous <a href=\"https:\/\/irrecams.de\/fr\/umbauservice\/demande-de-renseignements\/\">un message sans engagement<\/a>.<\/p>\n<\/div>","protected":false},"featured_media":12144,"template":"","meta":[],"product_brand":[],"product_cat":[923],"product_tag":[927],"class_list":{"0":"post-12107","1":"product","2":"type-product","3":"status-publish","4":"has-post-thumbnail","6":"product_cat-neue-infrarot-und-astrokameras","7":"product_tag-ff","8":"product_shipping_class-kamera","10":"first","11":"instock","12":"taxable","13":"shipping-taxable","14":"purchasable","15":"product-type-simple"},"_links":{"self":[{"href":"https:\/\/irrecams.de\/fr\/wp-json\/wp\/v2\/product\/12107","targetHints":{"allow":["GET"]}}],"collection":[{"href":"https:\/\/irrecams.de\/fr\/wp-json\/wp\/v2\/product"}],"about":[{"href":"https:\/\/irrecams.de\/fr\/wp-json\/wp\/v2\/types\/product"}],"wp:featuredmedia":[{"embeddable":true,"href":"https:\/\/irrecams.de\/fr\/wp-json\/wp\/v2\/media\/12144"}],"wp:attachment":[{"href":"https:\/\/irrecams.de\/fr\/wp-json\/wp\/v2\/media?parent=12107"}],"wp:term":[{"taxonomy":"product_brand","embeddable":true,"href":"https:\/\/irrecams.de\/fr\/wp-json\/wp\/v2\/product_brand?post=12107"},{"taxonomy":"product_cat","embeddable":true,"href":"https:\/\/irrecams.de\/fr\/wp-json\/wp\/v2\/product_cat?post=12107"},{"taxonomy":"product_tag","embeddable":true,"href":"https:\/\/irrecams.de\/fr\/wp-json\/wp\/v2\/product_tag?post=12107"}],"curies":[{"name":"wp","href":"https:\/\/api.w.org\/{rel}","templated":true}]}}