{"id":12109,"date":"2024-07-06T13:20:01","date_gmt":"2024-07-06T11:20:01","guid":{"rendered":"https:\/\/irrecams.de\/?post_type=product&#038;p=12109"},"modified":"2025-05-15T09:28:08","modified_gmt":"2025-05-15T07:28:08","slug":"nikon-z50-transforme-nouveau","status":"publish","type":"product","link":"https:\/\/irrecams.de\/fr\/boutique\/nikon-z50-transforme-nouveau\/","title":{"rendered":"Nikon Z50 transform\u00e9 *Nouveau"},"content":{"rendered":"<p><strong>Remarque sur la balance des blancs :<\/strong> Sur cette cam\u00e9ra, la balance des blancs ne peut pas \u00eatre d\u00e9finie correctement. Selon la situation d'\u00e9clairage et le filtre, une balance des blancs manuelle n'est pas possible dans la cam\u00e9ra et fournit un message d'erreur (le probl\u00e8me se produit \u00e9galement avec le filtre InfraBlue). La balance des blancs peut \u00eatre r\u00e9gl\u00e9e sur 2500K avec correction des couleurs, mais il reste g\u00e9n\u00e9ralement une nette dominante magenta dans l'image. Lors de la prise de vue en RAW (recommand\u00e9e), cela n'a pas d'importance, car la balance des blancs peut \u00eatre r\u00e9gl\u00e9e correctement sur l'ordinateur. Il est \u00e9galement possible de photographier des JPEG noir et blanc dans l'appareil photo sans probl\u00e8me.<\/p>","protected":false},"excerpt":{"rendered":"<div class=\"woocommerce-product-details__short-description\">\n<p>Vous achetez une nouvelle cam\u00e9ra qui a d\u00e9j\u00e0 \u00e9t\u00e9 modifi\u00e9e pour vous avec le filtre int\u00e9gr\u00e9 choisi.<\/p>\n<\/div>\n<p>La cam\u00e9ra n'est pas en stock et est achet\u00e9e pour vous sur commande, le d\u00e9lai de livraison est donc d'environ 14 jours.<\/p>\n<div class=\"woocommerce-product-details__short-description\">\n<p>Vous n'\u00eates pas s\u00fbr des donn\u00e9es ou de votre choix de filtre ? Ecrivez-nous <a href=\"https:\/\/irrecams.de\/fr\/umbauservice\/demande-de-renseignements\/\">un message sans engagement<\/a>.<\/p>\n<\/div>","protected":false},"featured_media":12142,"template":"","meta":[],"product_brand":[],"product_cat":[923],"product_tag":[925],"class_list":{"0":"post-12109","1":"product","2":"type-product","3":"status-publish","4":"has-post-thumbnail","6":"product_cat-neue-infrarot-und-astrokameras","7":"product_tag-apsc","8":"product_shipping_class-kamera","10":"first","11":"instock","12":"taxable","13":"shipping-taxable","14":"purchasable","15":"product-type-simple"},"_links":{"self":[{"href":"https:\/\/irrecams.de\/fr\/wp-json\/wp\/v2\/product\/12109","targetHints":{"allow":["GET"]}}],"collection":[{"href":"https:\/\/irrecams.de\/fr\/wp-json\/wp\/v2\/product"}],"about":[{"href":"https:\/\/irrecams.de\/fr\/wp-json\/wp\/v2\/types\/product"}],"wp:featuredmedia":[{"embeddable":true,"href":"https:\/\/irrecams.de\/fr\/wp-json\/wp\/v2\/media\/12142"}],"wp:attachment":[{"href":"https:\/\/irrecams.de\/fr\/wp-json\/wp\/v2\/media?parent=12109"}],"wp:term":[{"taxonomy":"product_brand","embeddable":true,"href":"https:\/\/irrecams.de\/fr\/wp-json\/wp\/v2\/product_brand?post=12109"},{"taxonomy":"product_cat","embeddable":true,"href":"https:\/\/irrecams.de\/fr\/wp-json\/wp\/v2\/product_cat?post=12109"},{"taxonomy":"product_tag","embeddable":true,"href":"https:\/\/irrecams.de\/fr\/wp-json\/wp\/v2\/product_tag?post=12109"}],"curies":[{"name":"wp","href":"https:\/\/api.w.org\/{rel}","templated":true}]}}