{"id":12120,"date":"2024-07-06T14:19:22","date_gmt":"2024-07-06T12:19:22","guid":{"rendered":"https:\/\/irrecams.de\/?post_type=product&#038;p=12120"},"modified":"2025-05-15T09:25:37","modified_gmt":"2025-05-15T07:25:37","slug":"sony-a7r-iv-reconstruit-nouveau","status":"publish","type":"product","link":"https:\/\/irrecams.de\/fr\/boutique\/sony-a7r-iv-reconstruit-nouveau\/","title":{"rendered":"Sony A7R IV transform\u00e9 *NEUF"},"content":{"rendered":"","protected":false},"excerpt":{"rendered":"<div class=\"woocommerce-product-details__short-description\">\n<p>Vous achetez une nouvelle cam\u00e9ra qui a d\u00e9j\u00e0 \u00e9t\u00e9 modifi\u00e9e pour vous avec le filtre int\u00e9gr\u00e9 choisi.<\/p>\n<\/div>\n<p>La cam\u00e9ra n'est pas en stock et est achet\u00e9e pour vous sur commande, le d\u00e9lai de livraison est donc d'environ 14 jours.<\/p>\n<div class=\"woocommerce-product-details__short-description\">\n<p>Vous n'\u00eates pas s\u00fbr des donn\u00e9es ou de votre choix de filtre ? Ecrivez-nous <a href=\"https:\/\/irrecams.de\/fr\/umbauservice\/demande-de-renseignements\/\">un message sans engagement<\/a>.<\/p>\n<\/div>","protected":false},"featured_media":12132,"template":"","meta":[],"product_brand":[],"product_cat":[923],"product_tag":[927],"class_list":{"0":"post-12120","1":"product","2":"type-product","3":"status-publish","4":"has-post-thumbnail","6":"product_cat-neue-infrarot-und-astrokameras","7":"product_tag-ff","8":"product_shipping_class-kamera","10":"first","11":"instock","12":"taxable","13":"shipping-taxable","14":"purchasable","15":"product-type-simple"},"_links":{"self":[{"href":"https:\/\/irrecams.de\/fr\/wp-json\/wp\/v2\/product\/12120","targetHints":{"allow":["GET"]}}],"collection":[{"href":"https:\/\/irrecams.de\/fr\/wp-json\/wp\/v2\/product"}],"about":[{"href":"https:\/\/irrecams.de\/fr\/wp-json\/wp\/v2\/types\/product"}],"wp:featuredmedia":[{"embeddable":true,"href":"https:\/\/irrecams.de\/fr\/wp-json\/wp\/v2\/media\/12132"}],"wp:attachment":[{"href":"https:\/\/irrecams.de\/fr\/wp-json\/wp\/v2\/media?parent=12120"}],"wp:term":[{"taxonomy":"product_brand","embeddable":true,"href":"https:\/\/irrecams.de\/fr\/wp-json\/wp\/v2\/product_brand?post=12120"},{"taxonomy":"product_cat","embeddable":true,"href":"https:\/\/irrecams.de\/fr\/wp-json\/wp\/v2\/product_cat?post=12120"},{"taxonomy":"product_tag","embeddable":true,"href":"https:\/\/irrecams.de\/fr\/wp-json\/wp\/v2\/product_tag?post=12120"}],"curies":[{"name":"wp","href":"https:\/\/api.w.org\/{rel}","templated":true}]}}