{"id":12572,"date":"2024-08-30T21:31:04","date_gmt":"2024-08-30T19:31:04","guid":{"rendered":"https:\/\/irrecams.de\/?post_type=product&#038;p=12572"},"modified":"2025-05-15T09:25:04","modified_gmt":"2025-05-15T07:25:04","slug":"service-de-transformation-medico-legale-canon-plein-format","status":"publish","type":"product","link":"https:\/\/irrecams.de\/fr\/boutique\/service-de-transformation-medico-legale-canon-plein-format\/","title":{"rendered":"Forensic Reconstruction Service Canon plein format"},"content":{"rendered":"<p>Lors de la modification, le filtre de blocage UV\/IR (hotmirror) est retir\u00e9 de votre cam\u00e9ra et remplac\u00e9 par un filtre neutre. Cette modification permet de garantir la sensibilit\u00e9 maximale du capteur de la cam\u00e9ra aux rayons UV, \u00e0 la lumi\u00e8re visible et aux rayons infrarouges. La sensibilit\u00e9 du capteur commence (selon le mod\u00e8le) \u00e0 environ 300-320 nm et se termine \u00e0 1100-1200 nm.<\/p>\n<p>Une fois transform\u00e9e, la cam\u00e9ra est adapt\u00e9e \u00e0 toutes les investigations m\u00e9dico-l\u00e9gales. Cela comprend les examens de construction, les examens m\u00e9dico-l\u00e9gaux ou encore les techniques de restauration d'\u0153uvres d'art. Cependant, pour une utilisation judicieuse, il faut toujours des filtres spectraux adapt\u00e9s (filtres passe-long, passe-court ou passe-bande) et, le cas \u00e9ch\u00e9ant, des sources lumineuses sp\u00e9ciales. Un kit de filtres sophistiqu\u00e9 et test\u00e9 \u00e0 maintes reprises pour la criminalistique du b\u00e2timent peut \u00eatre command\u00e9 sur <a href=\"https:\/\/bau-forensik.eu\/filter\/\" target=\"_blank\" rel=\"noopener\">Prof. Andreas O. Rapp<\/a>. Des lampes sp\u00e9ciales et des accessoires pour l'analyse d'instruments en bois peuvent \u00eatre command\u00e9s aupr\u00e8s de <a href=\"https:\/\/www.shop-schilbach.net\/c\/analyse-und-messwerkzeuge\/lumatec\" target=\"_blank\" rel=\"noopener\">Boutique-Schilbach<\/a> peuvent \u00eatre obtenus.<\/p>\n<p>&nbsp;<\/p>\n<p><strong>ATTENTION <\/strong>Avec un appareil photo reflex converti, vous devez toujours activer le LiveView d\u00e8s que vous utilisez un filtre sur l'appareil photo. Sans LiveView, l'appareil photo ne peut pas faire la mise au point correctement. Les appareils photo sans miroir des s\u00e9ries EOS M et EOS R n'ont pas cette limitation et fonctionnent beaucoup mieux comme appareil photo m\u00e9dico-l\u00e9gal.<\/p>\n<p><strong>ATTENTION<\/strong> De nombreux objectifs EOS RF et RF-S natifs ne peuvent \u00eatre utilis\u00e9s que de mani\u00e8re limit\u00e9e dans des situations d'\u00e9clairage sombre. Une LED infrarouge est int\u00e9gr\u00e9e \u00e0 l'int\u00e9rieur de ces objectifs. La lumi\u00e8re parasite peut \u00eatre visible sur les photos en cas de longs temps d'exposition et\/ou de conditions d'\u00e9clairage sombres (m\u00eame en cas de longues expositions avec un filtre ND). Si les objectifs EF sont utilis\u00e9s avec un adaptateur sur un appareil photo EOS R, ce risque n'existe pas.<\/p>\n<p><strong>Remarque :<\/strong> Pour les cam\u00e9ras avec un *, la fonction de nettoyage automatique du capteur est perdue lors de la conversion. Apr\u00e8s la modification, le capteur peut \u00eatre nettoy\u00e9 comme d'habitude \u00e0 sec (par exemple avec de l'air comprim\u00e9) ou humide (par exemple avec des swabs). Toutes les pr\u00e9parations et m\u00e9thodes propos\u00e9es sur le march\u00e9 pour le nettoyage des capteurs peuvent \u00eatre utilis\u00e9es.<\/p>\n<p>&nbsp;<\/p>","protected":false},"excerpt":{"rendered":"<p>Service de reconstruction m\u00e9dico-l\u00e9gale pour votre appareil photo.<\/p>\n<p>La modification garantit une sensibilit\u00e9 spectrale maximale pour les rayonnements UV, VIS et IR. Vous avez des questions ou des doutes ? \u00c9crivez-nous <a href=\"https:\/\/irrecams.de\/fr\/umbauservice\/demande-de-renseignements\/\">un message sans engagement<\/a>.<\/p>","protected":false},"featured_media":12408,"template":"","meta":[],"product_brand":[],"product_cat":[653],"product_tag":[],"class_list":{"0":"post-12572","1":"product","2":"type-product","3":"status-publish","4":"has-post-thumbnail","6":"product_cat-forensik","7":"product_shipping_class-umbau","9":"first","10":"instock","11":"taxable","12":"shipping-taxable","13":"purchasable","14":"product-type-variable"},"_links":{"self":[{"href":"https:\/\/irrecams.de\/fr\/wp-json\/wp\/v2\/product\/12572","targetHints":{"allow":["GET"]}}],"collection":[{"href":"https:\/\/irrecams.de\/fr\/wp-json\/wp\/v2\/product"}],"about":[{"href":"https:\/\/irrecams.de\/fr\/wp-json\/wp\/v2\/types\/product"}],"wp:featuredmedia":[{"embeddable":true,"href":"https:\/\/irrecams.de\/fr\/wp-json\/wp\/v2\/media\/12408"}],"wp:attachment":[{"href":"https:\/\/irrecams.de\/fr\/wp-json\/wp\/v2\/media?parent=12572"}],"wp:term":[{"taxonomy":"product_brand","embeddable":true,"href":"https:\/\/irrecams.de\/fr\/wp-json\/wp\/v2\/product_brand?post=12572"},{"taxonomy":"product_cat","embeddable":true,"href":"https:\/\/irrecams.de\/fr\/wp-json\/wp\/v2\/product_cat?post=12572"},{"taxonomy":"product_tag","embeddable":true,"href":"https:\/\/irrecams.de\/fr\/wp-json\/wp\/v2\/product_tag?post=12572"}],"curies":[{"name":"wp","href":"https:\/\/api.w.org\/{rel}","templated":true}]}}