{"id":12622,"date":"2024-08-30T21:58:01","date_gmt":"2024-08-30T19:58:01","guid":{"rendered":"https:\/\/irrecams.de\/?post_type=product&#038;p=12622"},"modified":"2025-07-29T23:51:19","modified_gmt":"2025-07-29T21:51:19","slug":"service-de-conversion-infrarouge-fujifilm-aps-c","status":"publish","type":"product","link":"https:\/\/irrecams.de\/fr\/boutique\/service-de-conversion-infrarouge-fujifilm-aps-c\/","title":{"rendered":"Service de conversion infrarouge Fujifilm APS-C"},"content":{"rendered":"<p><strong>Remarque sur la balance des blancs :<\/strong> Sur les appareils Fujiiflm avec capteur X-Trans, la balance des blancs de la plupart des filtres IR ne peut pas \u00eatre d\u00e9finie dans l'appareil (le probl\u00e8me ne se pose pas avec le filtre InfraBlue). L'appareil photo r\u00e8gle la meilleure balance des blancs possible, mais il reste en g\u00e9n\u00e9ral une l\u00e9g\u00e8re teinte magenta et rouge. Lors de la prise de vue en RAW (recommand\u00e9e), cela n'a pas d'importance, car la balance des blancs peut \u00eatre r\u00e9gl\u00e9e correctement sur l'ordinateur. Il est \u00e9galement possible de photographier des JPEG noir et blanc dans l'appareil photo sans probl\u00e8me.<\/p>\n<p><strong>Remarque :<\/strong> Pour les cam\u00e9ras avec un *, la fonction de nettoyage automatique du capteur est perdue lors de la conversion. Apr\u00e8s la modification, le capteur peut \u00eatre nettoy\u00e9 comme d'habitude \u00e0 sec (par exemple avec de l'air comprim\u00e9) ou humide (par exemple avec des swabs). Toutes les pr\u00e9parations et m\u00e9thodes propos\u00e9es sur le march\u00e9 pour le nettoyage des capteurs peuvent \u00eatre utilis\u00e9es.<\/p>","protected":false},"excerpt":{"rendered":"<p>Service de conversion infrarouge pour votre appareil photo APS-C Fujifilm.<\/p>\n<p>Vous n'\u00eates pas s\u00fbr(e) des informations ou de votre <a href=\"https:\/\/irrecams.de\/fr\/comparaison-des-filtres-a-effet-infrarouge\/\">Choix du filtre<\/a>? \u00c9crivez-nous <a href=\"https:\/\/irrecams.de\/fr\/service-de-conversion-infrarouge\/demande-de-renseignements\/\">un message sans engagement<\/a>.<\/p>","protected":false},"featured_media":12419,"template":"","meta":[],"product_brand":[],"product_cat":[455],"product_tag":[],"class_list":{"0":"post-12622","1":"product","2":"type-product","3":"status-publish","4":"has-post-thumbnail","6":"product_cat-infrarot-kamera-umbau-service","7":"product_shipping_class-umbau","9":"first","10":"instock","11":"taxable","12":"shipping-taxable","13":"purchasable","14":"product-type-variable"},"_links":{"self":[{"href":"https:\/\/irrecams.de\/fr\/wp-json\/wp\/v2\/product\/12622","targetHints":{"allow":["GET"]}}],"collection":[{"href":"https:\/\/irrecams.de\/fr\/wp-json\/wp\/v2\/product"}],"about":[{"href":"https:\/\/irrecams.de\/fr\/wp-json\/wp\/v2\/types\/product"}],"wp:featuredmedia":[{"embeddable":true,"href":"https:\/\/irrecams.de\/fr\/wp-json\/wp\/v2\/media\/12419"}],"wp:attachment":[{"href":"https:\/\/irrecams.de\/fr\/wp-json\/wp\/v2\/media?parent=12622"}],"wp:term":[{"taxonomy":"product_brand","embeddable":true,"href":"https:\/\/irrecams.de\/fr\/wp-json\/wp\/v2\/product_brand?post=12622"},{"taxonomy":"product_cat","embeddable":true,"href":"https:\/\/irrecams.de\/fr\/wp-json\/wp\/v2\/product_cat?post=12622"},{"taxonomy":"product_tag","embeddable":true,"href":"https:\/\/irrecams.de\/fr\/wp-json\/wp\/v2\/product_tag?post=12622"}],"curies":[{"name":"wp","href":"https:\/\/api.w.org\/{rel}","templated":true}]}}