{"id":12698,"date":"2024-08-30T22:29:50","date_gmt":"2024-08-30T20:29:50","guid":{"rendered":"https:\/\/irrecams.de\/?post_type=product&#038;p=12698"},"modified":"2025-07-30T00:01:30","modified_gmt":"2025-07-29T22:01:30","slug":"service-de-conversion-infrarouge-nikon-aps-c","status":"publish","type":"product","link":"https:\/\/irrecams.de\/fr\/boutique\/service-de-conversion-infrarouge-nikon-aps-c\/","title":{"rendered":"Service de conversion infrarouge Nikon APS-C"},"content":{"rendered":"<p><strong>ATTENTION<\/strong> Les cam\u00e9ras marqu\u00e9es de deux ** sont \u00e9quip\u00e9es d'une LED infrarouge interne. La lumi\u00e8re diffuse de cette DEL peut \u00eatre visible sur l'image sous forme de reflet lumineux en cas de temps d'exposition longs et \/ ou de conditions d'\u00e9clairage sombres (m\u00eame avec un filtre ND puissant). Avec des temps d'exposition habituels et des conditions de lumi\u00e8re du jour, la lumi\u00e8re diffuse de cette LED n'est pas perceptible.<\/p>\n<p><strong>Remarque :<\/strong> Pour les cam\u00e9ras avec un *, la fonction de nettoyage automatique du capteur est perdue lors de la conversion. Apr\u00e8s la modification, le capteur peut \u00eatre nettoy\u00e9 comme d'habitude \u00e0 sec (par exemple avec de l'air comprim\u00e9) ou humide (par exemple avec des swabs). Toutes les pr\u00e9parations et m\u00e9thodes propos\u00e9es sur le march\u00e9 pour le nettoyage des capteurs peuvent \u00eatre utilis\u00e9es.<\/p>\n<p><strong>Remarque sur la balance des blancs :<\/strong> Sur pratiquement tous les appareils photo Nikon, la balance des blancs ne peut pas \u00eatre d\u00e9finie correctement dans l'appareil photo. Selon la situation d'\u00e9clairage et le filtre, une balance des blancs manuelle dans l'appareil photo n'est pas possible et fournit un message d'erreur (le probl\u00e8me se produit \u00e9galement avec le filtre InfraBlue). La balance des blancs peut \u00eatre r\u00e9gl\u00e9e sur 2500K avec correction des couleurs, mais il reste g\u00e9n\u00e9ralement une nette dominante magenta dans l'image. Lors de la prise de vue en RAW (recommand\u00e9e), cela n'a pas d'importance, car la balance des blancs peut \u00eatre r\u00e9gl\u00e9e correctement sur l'ordinateur. Il est \u00e9galement possible de photographier des JPEG noir et blanc dans l'appareil photo sans probl\u00e8me.<\/p>\n<p><strong>Remarque Motifs de lignes :<\/strong> Certains utilisateurs de la s\u00e9rie Z de Nikon ont signal\u00e9 des artefacts de lignes dans les photos infrarouges. Lors d'un traitement d'image \u00e0 tr\u00e8s fort contraste, des lignes du syst\u00e8me AF peuvent \u00eatre visibles sur les images. Le risque augmente avec des filtres IR plus puissants, l'effet semble \u00eatre moins prononc\u00e9 avec des filtres faibles. Les lignes ne sont \u00e9galement visibles qu'en cas de post-traitement tr\u00e8s pouss\u00e9 du contraste, de la clart\u00e9 (contraste local) et\/ou de la suppression de la brume.<\/p>","protected":false},"excerpt":{"rendered":"<p>Service de conversion infrarouge pour votre appareil photo APS-C Nikon.<\/p>\n<p>Vous n'\u00eates pas s\u00fbr(e) des informations ou de votre <a href=\"https:\/\/irrecams.de\/fr\/comparaison-des-filtres-a-effet-infrarouge\/\">Choix du filtre<\/a>? \u00c9crivez-nous <a href=\"https:\/\/irrecams.de\/fr\/service-de-conversion-infrarouge\/demande-de-renseignements\/\">un message sans engagement<\/a>.<\/p>","protected":false},"featured_media":12424,"template":"","meta":[],"product_brand":[],"product_cat":[455],"product_tag":[],"class_list":{"0":"post-12698","1":"product","2":"type-product","3":"status-publish","4":"has-post-thumbnail","6":"product_cat-infrarot-kamera-umbau-service","7":"product_shipping_class-umbau","9":"first","10":"instock","11":"taxable","12":"shipping-taxable","13":"purchasable","14":"product-type-variable"},"_links":{"self":[{"href":"https:\/\/irrecams.de\/fr\/wp-json\/wp\/v2\/product\/12698","targetHints":{"allow":["GET"]}}],"collection":[{"href":"https:\/\/irrecams.de\/fr\/wp-json\/wp\/v2\/product"}],"about":[{"href":"https:\/\/irrecams.de\/fr\/wp-json\/wp\/v2\/types\/product"}],"wp:featuredmedia":[{"embeddable":true,"href":"https:\/\/irrecams.de\/fr\/wp-json\/wp\/v2\/media\/12424"}],"wp:attachment":[{"href":"https:\/\/irrecams.de\/fr\/wp-json\/wp\/v2\/media?parent=12698"}],"wp:term":[{"taxonomy":"product_brand","embeddable":true,"href":"https:\/\/irrecams.de\/fr\/wp-json\/wp\/v2\/product_brand?post=12698"},{"taxonomy":"product_cat","embeddable":true,"href":"https:\/\/irrecams.de\/fr\/wp-json\/wp\/v2\/product_cat?post=12698"},{"taxonomy":"product_tag","embeddable":true,"href":"https:\/\/irrecams.de\/fr\/wp-json\/wp\/v2\/product_tag?post=12698"}],"curies":[{"name":"wp","href":"https:\/\/api.w.org\/{rel}","templated":true}]}}