{"id":12790,"date":"2024-08-30T23:42:06","date_gmt":"2024-08-30T21:42:06","guid":{"rendered":"https:\/\/irrecams.de\/?post_type=product&#038;p=12790"},"modified":"2025-07-29T23:59:38","modified_gmt":"2025-07-29T21:59:38","slug":"service-de-transformation-medico-legale-nikon-aps-c","status":"publish","type":"product","link":"https:\/\/irrecams.de\/fr\/boutique\/service-de-transformation-medico-legale-nikon-aps-c\/","title":{"rendered":"Forensic Reconstruction Service Nikon APS-C"},"content":{"rendered":"<p>Lors de la modification, le filtre de blocage UV\/IR (hotmirror) est retir\u00e9 de votre cam\u00e9ra et remplac\u00e9 par un filtre neutre. Cette modification permet de garantir la sensibilit\u00e9 maximale du capteur de la cam\u00e9ra aux rayons UV, \u00e0 la lumi\u00e8re visible et aux rayons infrarouges. La sensibilit\u00e9 du capteur commence (selon le mod\u00e8le) \u00e0 environ 300-320 nm et se termine \u00e0 environ 1100-1200 nm.<\/p>\n<p>Une fois transform\u00e9e, votre cam\u00e9ra peut \u00eatre utilis\u00e9e pour tous les examens m\u00e9dico-l\u00e9gaux. Cela comprend les examens de construction, les examens m\u00e9dico-l\u00e9gaux ou encore les techniques de restauration d'\u0153uvres d'art. Cependant, pour une application judicieuse, des filtres spectraux adapt\u00e9s (filtres passe-long, passe-court ou passe-bande) et, le cas \u00e9ch\u00e9ant, des sources lumineuses sp\u00e9ciales sont toujours n\u00e9cessaires. Un kit de filtres sophistiqu\u00e9 et test\u00e9 \u00e0 maintes reprises pour la criminalistique du b\u00e2timent peut \u00eatre command\u00e9 sur <a href=\"https:\/\/bau-forensik.eu\/filter\/\" target=\"_blank\" rel=\"noopener\">Prof. Andreas O. Rapp<\/a>. Des lampes sp\u00e9ciales et des accessoires pour l'analyse d'instruments en bois peuvent \u00eatre command\u00e9s aupr\u00e8s de <a href=\"https:\/\/www.shop-schilbach.net\/c\/analyse-und-messwerkzeuge\/lumatec\" target=\"_blank\" rel=\"noopener\">Boutique-Schilbach<\/a> peuvent \u00eatre obtenus.<\/p>\n<p>&nbsp;<\/p>\n<p><strong>Remarque :<\/strong> Pour les cam\u00e9ras avec un *, la fonction de nettoyage automatique du capteur est perdue lors de la conversion. Apr\u00e8s la modification, le capteur peut \u00eatre nettoy\u00e9 comme d'habitude \u00e0 sec (par exemple avec de l'air comprim\u00e9) ou humide (par exemple avec des swabs). Toutes les pr\u00e9parations et m\u00e9thodes propos\u00e9es sur le march\u00e9 pour le nettoyage des capteurs peuvent \u00eatre utilis\u00e9es.<\/p>\n<p><strong>Remarque sur la balance des blancs :<\/strong> Sur pratiquement tous les appareils photo Nikon, la balance des blancs ne peut pas \u00eatre d\u00e9finie correctement dans l'appareil photo. Selon la situation d'\u00e9clairage et le filtre, une balance des blancs manuelle dans l'appareil photo n'est pas possible et fournit un message d'erreur (le probl\u00e8me se produit \u00e9galement avec le filtre InfraBlue). La balance des blancs peut \u00eatre r\u00e9gl\u00e9e sur 2500K avec correction des couleurs, mais il reste g\u00e9n\u00e9ralement une nette dominante magenta dans l'image. Lors de la prise de vue en RAW (recommand\u00e9e), cela n'a pas d'importance, car la balance des blancs peut \u00eatre r\u00e9gl\u00e9e correctement sur l'ordinateur. Il est \u00e9galement possible de photographier des JPEG noir et blanc dans l'appareil photo sans probl\u00e8me.<\/p>\n<p><strong>Remarque Motifs de lignes :<\/strong> Certains utilisateurs de la s\u00e9rie Z de Nikon ont signal\u00e9 des artefacts de lignes dans les photos infrarouges. Lors d'un traitement d'image \u00e0 tr\u00e8s fort contraste, des lignes du syst\u00e8me AF peuvent \u00eatre visibles sur les images. Le risque augmente avec des filtres IR plus puissants, l'effet semble \u00eatre moins prononc\u00e9 avec des filtres faibles. Les lignes ne sont \u00e9galement visibles qu'en cas de post-traitement tr\u00e8s pouss\u00e9 du contraste, de la clart\u00e9 (contraste local) et\/ou de la suppression de la brume.<\/p>","protected":false},"excerpt":{"rendered":"<p>Service de reconstruction m\u00e9dico-l\u00e9gale pour votre appareil photo APS-C Nikon.<\/p>\n<p>Vous n'\u00eates pas s\u00fbr(e) des informations ou de votre <a href=\"https:\/\/irrecams.de\/fr\/comparaison-des-filtres-a-effet-infrarouge\/\">Choix du filtre<\/a>? \u00c9crivez-nous <a href=\"https:\/\/irrecams.de\/fr\/service-de-conversion-infrarouge\/demande-de-renseignements\/\">un message sans engagement<\/a>.<\/p>","protected":false},"featured_media":12409,"template":"","meta":[],"product_brand":[],"product_cat":[653],"product_tag":[],"class_list":{"0":"post-12790","1":"product","2":"type-product","3":"status-publish","4":"has-post-thumbnail","6":"product_cat-forensik","7":"product_shipping_class-umbau","9":"first","10":"instock","11":"taxable","12":"shipping-taxable","13":"purchasable","14":"product-type-variable"},"_links":{"self":[{"href":"https:\/\/irrecams.de\/fr\/wp-json\/wp\/v2\/product\/12790","targetHints":{"allow":["GET"]}}],"collection":[{"href":"https:\/\/irrecams.de\/fr\/wp-json\/wp\/v2\/product"}],"about":[{"href":"https:\/\/irrecams.de\/fr\/wp-json\/wp\/v2\/types\/product"}],"wp:featuredmedia":[{"embeddable":true,"href":"https:\/\/irrecams.de\/fr\/wp-json\/wp\/v2\/media\/12409"}],"wp:attachment":[{"href":"https:\/\/irrecams.de\/fr\/wp-json\/wp\/v2\/media?parent=12790"}],"wp:term":[{"taxonomy":"product_brand","embeddable":true,"href":"https:\/\/irrecams.de\/fr\/wp-json\/wp\/v2\/product_brand?post=12790"},{"taxonomy":"product_cat","embeddable":true,"href":"https:\/\/irrecams.de\/fr\/wp-json\/wp\/v2\/product_cat?post=12790"},{"taxonomy":"product_tag","embeddable":true,"href":"https:\/\/irrecams.de\/fr\/wp-json\/wp\/v2\/product_tag?post=12790"}],"curies":[{"name":"wp","href":"https:\/\/api.w.org\/{rel}","templated":true}]}}