{"id":12984,"date":"2024-08-31T00:26:36","date_gmt":"2024-08-30T22:26:36","guid":{"rendered":"https:\/\/irrecams.de\/?post_type=product&#038;p=12984"},"modified":"2025-12-19T12:13:16","modified_gmt":"2025-12-19T11:13:16","slug":"camera-medico-legale-transformation-panasonic-plein-format","status":"publish","type":"product","link":"https:\/\/irrecams.de\/fr\/boutique\/camera-medico-legale-transformation-panasonic-plein-format\/","title":{"rendered":"Cam\u00e9ra m\u00e9dico-l\u00e9gale Transformation Panasonic plein format"},"content":{"rendered":"<p>Lors de la modification, le filtre de blocage UV\/IR (hotmirror) est retir\u00e9 de votre cam\u00e9ra et remplac\u00e9 par un filtre neutre. Cette modification permet de garantir la sensibilit\u00e9 maximale du capteur de la cam\u00e9ra aux rayons UV, \u00e0 la lumi\u00e8re visible et aux rayons infrarouges. La sensibilit\u00e9 du capteur commence (selon le mod\u00e8le) \u00e0 environ 300-320 nm et se termine \u00e0 environ 1100-1200 nm.<\/p>\n<p>Une fois transform\u00e9e, votre cam\u00e9ra peut \u00eatre utilis\u00e9e pour tous les examens m\u00e9dico-l\u00e9gaux. Cela comprend les examens de construction, les examens m\u00e9dico-l\u00e9gaux ou encore les techniques de restauration d'\u0153uvres d'art. Cependant, pour une application judicieuse, des filtres spectraux adapt\u00e9s (filtres passe-long, passe-court ou passe-bande) et, le cas \u00e9ch\u00e9ant, des sources lumineuses sp\u00e9ciales sont toujours n\u00e9cessaires. Un kit de filtres sophistiqu\u00e9 et test\u00e9 \u00e0 maintes reprises pour la criminalistique du b\u00e2timent peut \u00eatre command\u00e9 sur <a href=\"https:\/\/bau-forensik.eu\/filter\/\" target=\"_blank\" rel=\"noopener\">Prof. Andreas O. Rapp<\/a>. Des lampes sp\u00e9ciales et des accessoires pour l'analyse d'instruments en bois peuvent \u00eatre command\u00e9s aupr\u00e8s de <a href=\"https:\/\/www.shop-schilbach.net\/c\/analyse-und-messwerkzeuge\/lumatec\" target=\"_blank\" rel=\"noopener\">Boutique-Schilbach<\/a> peuvent \u00eatre obtenus.<\/p>\n<p>&nbsp;<\/p>\n<p><strong>Remarque :<\/strong> Pour les cam\u00e9ras avec un *, la fonction de nettoyage automatique du capteur est perdue lors de la conversion. Apr\u00e8s la modification, le capteur peut \u00eatre nettoy\u00e9 comme d'habitude \u00e0 sec (par exemple avec de l'air comprim\u00e9) ou humide (par exemple avec des swabs). Toutes les pr\u00e9parations et m\u00e9thodes propos\u00e9es sur le march\u00e9 pour le nettoyage des capteurs peuvent \u00eatre utilis\u00e9es.<\/p>","protected":false},"excerpt":{"rendered":"<p>Service de reconstruction m\u00e9dico-l\u00e9gale pour votre appareil photo.<\/p>\n<p>La modification garantit une sensibilit\u00e9 spectrale maximale pour les rayonnements UV, VIS et IR. Vous avez des questions ou des doutes ? \u00c9crivez-nous <a href=\"https:\/\/irrecams.de\/fr\/umbauservice\/demande-de-renseignements\/\">un message sans engagement<\/a>.<\/p>","protected":false},"featured_media":12412,"template":"","meta":[],"product_brand":[],"product_cat":[653],"product_tag":[],"class_list":{"0":"post-12984","1":"product","2":"type-product","3":"status-publish","4":"has-post-thumbnail","6":"product_cat-forensik","7":"product_shipping_class-umbau","9":"first","10":"instock","11":"taxable","12":"shipping-taxable","13":"purchasable","14":"product-type-variable"},"_links":{"self":[{"href":"https:\/\/irrecams.de\/fr\/wp-json\/wp\/v2\/product\/12984","targetHints":{"allow":["GET"]}}],"collection":[{"href":"https:\/\/irrecams.de\/fr\/wp-json\/wp\/v2\/product"}],"about":[{"href":"https:\/\/irrecams.de\/fr\/wp-json\/wp\/v2\/types\/product"}],"wp:featuredmedia":[{"embeddable":true,"href":"https:\/\/irrecams.de\/fr\/wp-json\/wp\/v2\/media\/12412"}],"wp:attachment":[{"href":"https:\/\/irrecams.de\/fr\/wp-json\/wp\/v2\/media?parent=12984"}],"wp:term":[{"taxonomy":"product_brand","embeddable":true,"href":"https:\/\/irrecams.de\/fr\/wp-json\/wp\/v2\/product_brand?post=12984"},{"taxonomy":"product_cat","embeddable":true,"href":"https:\/\/irrecams.de\/fr\/wp-json\/wp\/v2\/product_cat?post=12984"},{"taxonomy":"product_tag","embeddable":true,"href":"https:\/\/irrecams.de\/fr\/wp-json\/wp\/v2\/product_tag?post=12984"}],"curies":[{"name":"wp","href":"https:\/\/api.w.org\/{rel}","templated":true}]}}