{"id":13685,"date":"2024-11-01T21:15:22","date_gmt":"2024-11-01T20:15:22","guid":{"rendered":"https:\/\/irrecams.de\/?post_type=product&#038;p=13685"},"modified":"2026-01-03T14:15:50","modified_gmt":"2026-01-03T13:15:50","slug":"canon-eos-80d-camera-infrarouge-700-nm-occasion","status":"publish","type":"product","link":"https:\/\/irrecams.de\/fr\/boutique\/canon-eos-80d-camera-infrarouge-700-nm-occasion\/","title":{"rendered":"Canon EOS 80D Cam\u00e9ra infrarouge (700 nm) *Utilis\u00e9e*."},"content":{"rendered":"<p>Vous achetez une cam\u00e9ra IR pr\u00eate \u00e0 l'emploi.<\/p>\n<p>Il s'agit d'un appareil d'occasion qui a \u00e9t\u00e9 transform\u00e9. Visuellement, l'appareil est comme neuf, les traces d'utilisation sur le bo\u00eetier sont minimes, voire inexistantes (voir les photos du produit). L'\u00e9cran est exempt de rayures ou de dommages. Livr\u00e9 avec l'ensemble des accessoires d'origine, sans objectif.<\/p>\n<p>Techniquement, la cam\u00e9ra fonctionne \u00e0 100%, vous b\u00e9n\u00e9ficiez d'une garantie d'un an.<\/p>","protected":false},"excerpt":{"rendered":"<p>Contenu de la livraison :<\/p>\n<p>Appareil photo Canon EOS 80D tel que d\u00e9crit et illustr\u00e9<br \/>\nBatterie originale<br \/>\nChargeur original avec prise europ\u00e9enne<br \/>\nSangle de transport originale<br \/>\nMode d'emploi<br \/>\nEmballage d'origine<\/p>","protected":false},"featured_media":13609,"template":"","meta":[],"product_brand":[],"product_cat":[456],"product_tag":[],"class_list":{"0":"post-13685","1":"product","2":"type-product","3":"status-publish","4":"has-post-thumbnail","6":"product_cat-fertig-umgebaute-infrarot-kameras","7":"product_shipping_class-kamera","9":"first","10":"instock","11":"sale","12":"sold-individually","13":"taxable","14":"shipping-taxable","15":"purchasable","16":"product-type-simple"},"_links":{"self":[{"href":"https:\/\/irrecams.de\/fr\/wp-json\/wp\/v2\/product\/13685","targetHints":{"allow":["GET"]}}],"collection":[{"href":"https:\/\/irrecams.de\/fr\/wp-json\/wp\/v2\/product"}],"about":[{"href":"https:\/\/irrecams.de\/fr\/wp-json\/wp\/v2\/types\/product"}],"wp:featuredmedia":[{"embeddable":true,"href":"https:\/\/irrecams.de\/fr\/wp-json\/wp\/v2\/media\/13609"}],"wp:attachment":[{"href":"https:\/\/irrecams.de\/fr\/wp-json\/wp\/v2\/media?parent=13685"}],"wp:term":[{"taxonomy":"product_brand","embeddable":true,"href":"https:\/\/irrecams.de\/fr\/wp-json\/wp\/v2\/product_brand?post=13685"},{"taxonomy":"product_cat","embeddable":true,"href":"https:\/\/irrecams.de\/fr\/wp-json\/wp\/v2\/product_cat?post=13685"},{"taxonomy":"product_tag","embeddable":true,"href":"https:\/\/irrecams.de\/fr\/wp-json\/wp\/v2\/product_tag?post=13685"}],"curies":[{"name":"wp","href":"https:\/\/api.w.org\/{rel}","templated":true}]}}