{"id":13697,"date":"2024-11-01T22:45:40","date_gmt":"2024-11-01T21:45:40","guid":{"rendered":"https:\/\/irrecams.de\/?post_type=product&#038;p=13697"},"modified":"2026-01-03T14:15:59","modified_gmt":"2026-01-03T13:15:59","slug":"fujifilm-x-t10-astro-camera-astronomik-l2-occasion","status":"publish","type":"product","link":"https:\/\/irrecams.de\/fr\/boutique\/fujifilm-x-t10-astro-camera-astronomik-l2-occasion\/","title":{"rendered":"Fujifilm X-T10 Cam\u00e9ra d'astronomie (Astronomik L2) *Utilis\u00e9*."},"content":{"rendered":"<p>Vous achetez une cam\u00e9ra d'astronomie pr\u00eate \u00e0 l'emploi avec laquelle vous pouvez photographier la courbe caract\u00e9ristique H-Alpha sans obstacle.<\/p>\n<p>Il s'agit d'un appareil d'occasion qui a \u00e9t\u00e9 transform\u00e9. Visuellement, l'appareil est dans un \u00e9tat usag\u00e9 avec quelques traces d'usure, surtout sur les bords, les coins et le fond (voir les photos du produit). L'\u00e9cran pr\u00e9sente quelques fines rayures qui ne g\u00eanent toutefois pas la lisibilit\u00e9. Quelques pi\u00e8ces en caoutchouc (\u0153illeton, cache du port \u00e0 gauche) sont l\u00e9g\u00e8rement collantes en raison de l'\u00e2ge de l'appareil. La cam\u00e9ra est livr\u00e9e sans objectif.<\/p>\n<p>Techniquement, la cam\u00e9ra fonctionne \u00e0 100%, vous b\u00e9n\u00e9ficiez d'une garantie d'un an.<\/p>","protected":false},"excerpt":{"rendered":"<p>Contenu de la livraison :<\/p>\n<p>Appareil photo Fujifilm X-T10 comme d\u00e9crit et illustr\u00e9<br \/>\nBatterie originale<\/p>","protected":false},"featured_media":13672,"template":"","meta":[],"product_brand":[],"product_cat":[456],"product_tag":[],"class_list":{"0":"post-13697","1":"product","2":"type-product","3":"status-publish","4":"has-post-thumbnail","6":"product_cat-fertig-umgebaute-infrarot-kameras","7":"product_shipping_class-kamera","9":"first","10":"instock","11":"sale","12":"sold-individually","13":"taxable","14":"shipping-taxable","15":"purchasable","16":"product-type-simple"},"_links":{"self":[{"href":"https:\/\/irrecams.de\/fr\/wp-json\/wp\/v2\/product\/13697","targetHints":{"allow":["GET"]}}],"collection":[{"href":"https:\/\/irrecams.de\/fr\/wp-json\/wp\/v2\/product"}],"about":[{"href":"https:\/\/irrecams.de\/fr\/wp-json\/wp\/v2\/types\/product"}],"wp:featuredmedia":[{"embeddable":true,"href":"https:\/\/irrecams.de\/fr\/wp-json\/wp\/v2\/media\/13672"}],"wp:attachment":[{"href":"https:\/\/irrecams.de\/fr\/wp-json\/wp\/v2\/media?parent=13697"}],"wp:term":[{"taxonomy":"product_brand","embeddable":true,"href":"https:\/\/irrecams.de\/fr\/wp-json\/wp\/v2\/product_brand?post=13697"},{"taxonomy":"product_cat","embeddable":true,"href":"https:\/\/irrecams.de\/fr\/wp-json\/wp\/v2\/product_cat?post=13697"},{"taxonomy":"product_tag","embeddable":true,"href":"https:\/\/irrecams.de\/fr\/wp-json\/wp\/v2\/product_tag?post=13697"}],"curies":[{"name":"wp","href":"https:\/\/api.w.org\/{rel}","templated":true}]}}