{"id":14859,"date":"2025-05-31T21:20:30","date_gmt":"2025-05-31T19:20:30","guid":{"rendered":"https:\/\/irrecams.de\/?post_type=product&#038;p=14859"},"modified":"2026-04-17T13:58:53","modified_gmt":"2026-04-17T11:58:53","slug":"irrecams-adaptateur-de-filtre-magnetique-pour-tous-les-filtres-a-visser","status":"publish","type":"product","link":"https:\/\/irrecams.de\/fr\/boutique\/irrecams-adaptateur-de-filtre-magnetique-pour-tous-les-filtres-a-visser\/","title":{"rendered":"IRreCams Magnet Filter Adapter pour tous les filtres \u00e0 visser"},"content":{"rendered":"<p>Notre adaptateur de filtre magn\u00e9tique se compose en principe de deux anneaux :<\/p>\n<p>1. le <a href=\"https:\/\/irrecams.de\/fr\/boutique\/irrecams-base-magnetique-adaptateur-pour-tous-les-objectifs\/\">Adaptateur de base magn\u00e9tique<\/a> La bague est viss\u00e9e une fois sur l'objectif et peut y rester en permanence.<\/p>\n<p>2. la bague d'adaptation magn\u00e9tique du filtre est viss\u00e9e sur chaque filtre, \u00e0 partir de maintenant, elle s'enclenche comme par magie sur les objectifs.<\/p>\n<p>Ce syst\u00e8me fonctionne avec TOUS les filtres que tu poss\u00e8des d\u00e9j\u00e0. En particulier, bien s\u00fbr, les filtres IR de chez nous ou d'autres fabricants. Mais les filtres ND ou polarisants peuvent \u00e9galement \u00eatre utilis\u00e9s sans probl\u00e8me sur des appareils photo non modifi\u00e9s. Contrairement \u00e0 d'autres fournisseurs de bagues d'adaptation magn\u00e9tiques, nous en avons en stock de 49 \u00e0 82 mm, ce qui est id\u00e9al pour les cam\u00e9ras IR compactes que l'on peut emporter partout avec soi. De plus, vous n'\u00eates pas oblig\u00e9s d'acheter les bagues en kit. Vous pouvez commander la quantit\u00e9 exacte dont vous avez besoin, ce qui r\u00e9duit les d\u00e9chets et les co\u00fbts.<\/p>\n<p>Il y a bien s\u00fbr des avantages, mais aussi des inconv\u00e9nients \u00e0 ce syst\u00e8me que nous allons bri\u00e8vement mettre en lumi\u00e8re :<\/p>\n<p>+ compatible avec (presque) TOUS les objectifs et filtres que vous poss\u00e9dez d\u00e9j\u00e0 - pas d'obligation de fabricant<\/p>\n<p>+ disponible pour les filetages de 49 \u00e0 82 mm<\/p>\n<p>+ connexion s\u00fbre et forte gr\u00e2ce \u00e0 plusieurs aimants dans les deux anneaux<\/p>\n<p>+ l'ext\u00e9rieur stri\u00e9 du filtre permet de le saisir facilement et en toute s\u00e9curit\u00e9<\/p>\n<p>+ chaque anneau peut \u00eatre command\u00e9 s\u00e9par\u00e9ment, juste la quantit\u00e9 dont vous avez r\u00e9ellement besoin<\/p>\n<p>+ un emballage papier permet d'\u00e9conomiser des d\u00e9chets et est facile \u00e0 recycler<\/p>\n<p>- il n'est pas possible d'utiliser plusieurs filtres en m\u00eame temps (sauf s'ils sont viss\u00e9s ensemble) - l'empilement de plusieurs filtres ne fonctionne pas<\/p>\n<p>- les bagues suppl\u00e9mentaires peuvent r\u00e9duire le champ de vision avec les objectifs ultra grand angle -nous recommandons nos filtres Plus ou les filtres avec monture Slim pour minimiser le risque de vignettage (pour les dimensions, voir l'onglet \"Caract\u00e9ristiques techniques\")<\/p>\n<p>- pour les objectifs avec des pare-soleil \u00e9troits, il se peut qu'ils ne puissent plus \u00eatre mis en place (pour les dimensions, voir l'onglet \"Caract\u00e9ristiques techniques\")<\/p>\n<p>- vos bouchons d'objectif existants peuvent \u00eatre encliquet\u00e9s dans l'adaptateur de base magn\u00e9tique, mais ils ne tiennent pas aussi bien que dans un vrai filetage<\/p>","protected":false},"excerpt":{"rendered":"<p>L'adaptateur de filtre magn\u00e9tique IRreCams s'adapte \u00e0 tous les filtres \u00e0 vis habituels. Veuillez choisir la taille appropri\u00e9e de votre filtre.<\/p>\n<p><strong>-&gt; Pour chaque objectif, vous avez \u00e9galement besoin d'un <a href=\"https:\/\/irrecams.de\/fr\/boutique\/irrecams-base-magnetique-adaptateur-pour-tous-les-objectifs\/\">Adaptateur de base magn\u00e9tique<\/a> de la m\u00eame taille.<\/strong><\/p>","protected":false},"featured_media":14908,"template":"","meta":[],"product_brand":[],"product_cat":[264,1234],"product_tag":[],"class_list":{"0":"post-14859","1":"product","2":"type-product","3":"status-publish","4":"has-post-thumbnail","6":"product_cat-infrarot-schraub-filter","7":"product_cat-zubehoer","8":"product_shipping_class-filter","10":"first","11":"instock","12":"taxable","13":"shipping-taxable","14":"purchasable","15":"product-type-variable"},"_links":{"self":[{"href":"https:\/\/irrecams.de\/fr\/wp-json\/wp\/v2\/product\/14859","targetHints":{"allow":["GET"]}}],"collection":[{"href":"https:\/\/irrecams.de\/fr\/wp-json\/wp\/v2\/product"}],"about":[{"href":"https:\/\/irrecams.de\/fr\/wp-json\/wp\/v2\/types\/product"}],"wp:featuredmedia":[{"embeddable":true,"href":"https:\/\/irrecams.de\/fr\/wp-json\/wp\/v2\/media\/14908"}],"wp:attachment":[{"href":"https:\/\/irrecams.de\/fr\/wp-json\/wp\/v2\/media?parent=14859"}],"wp:term":[{"taxonomy":"product_brand","embeddable":true,"href":"https:\/\/irrecams.de\/fr\/wp-json\/wp\/v2\/product_brand?post=14859"},{"taxonomy":"product_cat","embeddable":true,"href":"https:\/\/irrecams.de\/fr\/wp-json\/wp\/v2\/product_cat?post=14859"},{"taxonomy":"product_tag","embeddable":true,"href":"https:\/\/irrecams.de\/fr\/wp-json\/wp\/v2\/product_tag?post=14859"}],"curies":[{"name":"wp","href":"https:\/\/api.w.org\/{rel}","templated":true}]}}