{"id":15335,"date":"2025-08-01T14:13:31","date_gmt":"2025-08-01T12:13:31","guid":{"rendered":"https:\/\/irrecams.de\/?post_type=product&#038;p=15335"},"modified":"2026-02-01T00:33:52","modified_gmt":"2026-01-31T23:33:52","slug":"couvercle-de-sabot-de-flash-lumineux","status":"publish","type":"product","link":"https:\/\/irrecams.de\/fr\/boutique\/couvercle-de-sabot-de-flash-lumineux\/","title":{"rendered":"Couvercle de griffe de flash Lumineux"},"content":{"rendered":"<p>Pour prendre des photos d'astronomie, il faut qu'il fasse aussi sombre que possible. Si l'on fait quelques pas la nuit, ou si l'on se penche pour prendre la bouteille d'eau dans le sac \u00e0 dos, il se peut que l'on ne voie plus l'appareil photo et le tr\u00e9pied. Il n'est pas plus envisageable de tr\u00e9bucher dessus que d'allumer la lampe frontale et de d\u00e9truire la photo.<\/p>\n<p>Notre couvercle de sabot de flash lumineux \u00e9met une faible lumi\u00e8re pendant une longue p\u00e9riode et permet ainsi de reconna\u00eetre l'appareil photo en toute s\u00e9curit\u00e9. Pour activer (ou rafra\u00eechir) la lumi\u00e8re, il suffit d'\u00e9clairer bri\u00e8vement le cache avec une lampe frontale ou une lampe de poche de t\u00e9l\u00e9phone portable. La lueur bleue du cache est si faible que la lumi\u00e8re bleue est garantie de ne pas \u00eatre visible sur la photo. Mais d\u00e8s que notre \u0153il s'est habitu\u00e9 \u00e0 l'obscurit\u00e9, la lueur est tout simplement perceptible. Selon la dur\u00e9e et l'intensit\u00e9 de la charge, le couvercle du sabot de flash reste \u00e9clair\u00e9 de mani\u00e8re perceptible pendant au moins 20 \u00e0 30 minutes.<\/p>\n<p>Pour que le cache soit bien visible de tous les c\u00f4t\u00e9s, une partie en forme d'\u00e9toile d\u00e9passe vers le haut. Le couvercle s'adapte parfaitement et reste bien en place sur chaque sabot de flash gr\u00e2ce \u00e0 la conception du ressort qui exerce une l\u00e9g\u00e8re tension. Les couvertures de sabot de flash perdues et les contacts non prot\u00e9g\u00e9s appartiennent ainsi au pass\u00e9. Le cache est fabriqu\u00e9 \u00e0 l'aide d'un proc\u00e9d\u00e9 d'impression 3D optimis\u00e9 \u00e0 partir de plastique recycl\u00e9 100%. Le cache est ind\u00e9formable jusqu'\u00e0 au moins 60\u00b0C et naturellement r\u00e9sistant aux UV.<\/p>","protected":false},"excerpt":{"rendered":"<p>Couverture de sabot de flash universelle et phosphorescente en plastique recycl\u00e9 100%. Le design \u00e0 ressort garantit une fixation s\u00fbre sur (presque) tous les appareils photo.<\/p>","protected":false},"featured_media":15350,"template":"","meta":[],"product_brand":[],"product_cat":[1234],"product_tag":[],"class_list":{"0":"post-15335","1":"product","2":"type-product","3":"status-publish","4":"has-post-thumbnail","6":"product_cat-zubehoer","7":"product_shipping_class-postkarten","9":"first","10":"instock","11":"taxable","12":"shipping-taxable","13":"purchasable","14":"product-type-simple"},"_links":{"self":[{"href":"https:\/\/irrecams.de\/fr\/wp-json\/wp\/v2\/product\/15335","targetHints":{"allow":["GET"]}}],"collection":[{"href":"https:\/\/irrecams.de\/fr\/wp-json\/wp\/v2\/product"}],"about":[{"href":"https:\/\/irrecams.de\/fr\/wp-json\/wp\/v2\/types\/product"}],"wp:featuredmedia":[{"embeddable":true,"href":"https:\/\/irrecams.de\/fr\/wp-json\/wp\/v2\/media\/15350"}],"wp:attachment":[{"href":"https:\/\/irrecams.de\/fr\/wp-json\/wp\/v2\/media?parent=15335"}],"wp:term":[{"taxonomy":"product_brand","embeddable":true,"href":"https:\/\/irrecams.de\/fr\/wp-json\/wp\/v2\/product_brand?post=15335"},{"taxonomy":"product_cat","embeddable":true,"href":"https:\/\/irrecams.de\/fr\/wp-json\/wp\/v2\/product_cat?post=15335"},{"taxonomy":"product_tag","embeddable":true,"href":"https:\/\/irrecams.de\/fr\/wp-json\/wp\/v2\/product_tag?post=15335"}],"curies":[{"name":"wp","href":"https:\/\/api.w.org\/{rel}","templated":true}]}}