{"id":15497,"date":"2025-09-04T23:18:43","date_gmt":"2025-09-04T21:18:43","guid":{"rendered":"https:\/\/irrecams.de\/?post_type=product&#038;p=15497"},"modified":"2026-02-28T22:37:32","modified_gmt":"2026-02-28T21:37:32","slug":"adaptateur-de-flash-infrarouge","status":"publish","type":"product","link":"https:\/\/irrecams.de\/fr\/boutique\/adaptateur-de-flash-infrarouge\/","title":{"rendered":"Adaptateur de flash infrarouge"},"content":{"rendered":"<p>Avec l'adaptateur de flash infrarouge, vous pouvez transformer votre flash existant en un flash infrarouge. Pour que le flash soit invisible \u00e0 l'\u0153il humain (et \u00e0 la plupart des yeux des animaux), des filtres IR puissants \u00e0 partir de 830 nm sont appropri\u00e9s, la lumi\u00e8re visible du flash est ainsi bloqu\u00e9e et seul le rayonnement infrarouge est \u00e9mis. Avec un appareil photo sensible aux IR, le sujet peut ainsi \u00eatre \u00e9clair\u00e9 sans que la lumi\u00e8re du flash ne perturbe l'environnement. Cet \u00e9clairage est particuli\u00e8rement adapt\u00e9 \u00e0 la photographie d'animaux craintifs et aux pi\u00e8ges photographiques automatiques. Lors du flash, le flash n'est pas 100% invisible malgr\u00e9 le filtre, une fraction de lumi\u00e8re rouge peut traverser le filtre. En regardant directement dans le flash, on peut voir une faible lueur rouge. La lumi\u00e8re IR \u00e9mise dans l'environnement est cependant absolument visible.<\/p>\n<p>Nous proposons nos adaptateurs en 2 versions :<\/p>\n<ol>\n<li>Avec filetage pour filtres \u00e0 visser r\u00e9guliers avec <strong>67 mm<\/strong> Diam\u00e8tre du filetage : vous pouvez fixer n'importe quel filtre IR (ou autre filtre) sur l'adaptateur. Les filtres \u00e0 visser sont viss\u00e9s dans une monture en aluminium de 67 mm. Aucun filtre n'est inclus dans la livraison.<\/li>\n<li>Avec filtre infrarouge 850 nm fixe : la grande \u00e9paisseur du verre (3 mm), l'\u00e9paisseur du filtre (850 nm) et la forme rectangulaire ou ronde selon le type fournissent une protection optimale contre la lumi\u00e8re visible et un bon rendement lumineux, m\u00eame avec de grands r\u00e9flecteurs de flash rectangulaires. Le verre filtrant est fixe et ne peut pas \u00eatre remplac\u00e9.<\/li>\n<\/ol>\n<p>Le corps de base de chaque adaptateur est fabriqu\u00e9 par impression 3D avec du plastique recycl\u00e9 100%. Le plastique est ind\u00e9formable, r\u00e9sistant \u00e0 l'eau et aux UV, m\u00eame \u00e0 des temp\u00e9ratures ext\u00e9rieures \u00e9lev\u00e9es. La connexion au flash s'effectue, selon le mod\u00e8le de flash, soit avec 8 aimants n\u00e9odyme puissants qui assurent un maintien s\u00fbr, soit en les faisant glisser sur le flash.<\/p>\n<p>Notre adaptateur de flash infrarouge ne convient pas \u00e0 tous les flashes, veuillez v\u00e9rifier la compatibilit\u00e9 de l'adaptateur selon notre liste. S'il n'existe pas d'adaptateur de flash compatible avec votre flash, vous pouvez nous envoyer votre flash et nous concevrons un adaptateur adapt\u00e9 \u00e0 votre appareil. Veuillez s\u00e9lectionner le type \u201cJ'envoie mon propre flash\u201d et envoyez-nous le flash. Pour l'adaptation \u00e0 votre flash, nous avons besoin d'environ 14 jours \u00e0 partir de l'arriv\u00e9e de votre flash.<\/p>","protected":false},"excerpt":{"rendered":"<p>Vous achetez un adaptateur pour un flash d'appareil photo r\u00e9gulier. Selon le mod\u00e8le, un filtre IR de 850 nm est mont\u00e9 de mani\u00e8re fixe ou vous avez besoin d'un filtre infrarouge \u00e0 visser de 67 mm pour le fonctionnement (nous recommandons un filtre de 830 nm ou plus puissant). Veuillez contr\u00f4ler la compatibilit\u00e9 de l'adaptateur selon notre liste. Si vous avez des questions, n'h\u00e9sitez pas \u00e0 contacter <a href=\"https:\/\/irrecams.de\/fr\/service-de-conversion-infrarouge\/demande-de-renseignements\/\" target=\"_blank\" rel=\"noopener\">Contactez-nous<\/a>.<\/p>","protected":false},"featured_media":15493,"template":"","meta":[],"product_brand":[],"product_cat":[264,1234],"product_tag":[],"class_list":{"0":"post-15497","1":"product","2":"type-product","3":"status-publish","4":"has-post-thumbnail","6":"product_cat-infrarot-schraub-filter","7":"product_cat-zubehoer","8":"product_shipping_class-filter","10":"first","11":"instock","12":"taxable","13":"shipping-taxable","14":"purchasable","15":"product-type-variable"},"_links":{"self":[{"href":"https:\/\/irrecams.de\/fr\/wp-json\/wp\/v2\/product\/15497","targetHints":{"allow":["GET"]}}],"collection":[{"href":"https:\/\/irrecams.de\/fr\/wp-json\/wp\/v2\/product"}],"about":[{"href":"https:\/\/irrecams.de\/fr\/wp-json\/wp\/v2\/types\/product"}],"wp:featuredmedia":[{"embeddable":true,"href":"https:\/\/irrecams.de\/fr\/wp-json\/wp\/v2\/media\/15493"}],"wp:attachment":[{"href":"https:\/\/irrecams.de\/fr\/wp-json\/wp\/v2\/media?parent=15497"}],"wp:term":[{"taxonomy":"product_brand","embeddable":true,"href":"https:\/\/irrecams.de\/fr\/wp-json\/wp\/v2\/product_brand?post=15497"},{"taxonomy":"product_cat","embeddable":true,"href":"https:\/\/irrecams.de\/fr\/wp-json\/wp\/v2\/product_cat?post=15497"},{"taxonomy":"product_tag","embeddable":true,"href":"https:\/\/irrecams.de\/fr\/wp-json\/wp\/v2\/product_tag?post=15497"}],"curies":[{"name":"wp","href":"https:\/\/api.w.org\/{rel}","templated":true}]}}