{"id":15659,"date":"2025-10-02T14:08:28","date_gmt":"2025-10-02T12:08:28","guid":{"rendered":"https:\/\/irrecams.de\/?post_type=product&#038;p=15659"},"modified":"2026-03-27T15:04:13","modified_gmt":"2026-03-27T14:04:13","slug":"camera-medico-legale-canon-eos-r50","status":"publish","type":"product","link":"https:\/\/irrecams.de\/fr\/boutique\/camera-medico-legale-canon-eos-r50\/","title":{"rendered":"Cam\u00e9ra m\u00e9dico-l\u00e9gale Canon EOS R50"},"content":{"rendered":"<p>Le filtre UV\/IR interne (hotmirror) a \u00e9t\u00e9 retir\u00e9 de la cam\u00e9ra et remplac\u00e9 par un filtre neutre. Cette modification permet de garantir la sensibilit\u00e9 maximale du capteur de la cam\u00e9ra aux rayons UV, \u00e0 la lumi\u00e8re visible et aux rayons infrarouges. La sensibilit\u00e9 du capteur se situe environ entre 330 et 1 200 nm.<\/p>\n<p>Gr\u00e2ce \u00e0 sa transformation, la cam\u00e9ra plein format est adapt\u00e9e \u00e0 tous les examens m\u00e9dico-l\u00e9gaux. Cela comprend les examens de construction, les examens m\u00e9dico-l\u00e9gaux ou encore les techniques de restauration d'\u0153uvres d'art. Pour une application judicieuse, il faut cependant toujours des filtres spectraux adapt\u00e9s (filtres passe-long, passe-court ou passe-bande) et, le cas \u00e9ch\u00e9ant, des sources lumineuses sp\u00e9ciales. Un kit de filtres sophistiqu\u00e9 et test\u00e9 \u00e0 maintes reprises pour la criminalistique du b\u00e2timent peut \u00eatre command\u00e9 sur <a href=\"https:\/\/bau-forensik.eu\/filter\/\" target=\"_blank\" rel=\"noopener\">Prof. Andreas O. Rapp<\/a>. Des lampes sp\u00e9ciales et des accessoires pour l'analyse d'instruments en bois peuvent \u00eatre command\u00e9s aupr\u00e8s de <a href=\"https:\/\/www.shop-schilbach.net\/c\/analyse-und-messwerkzeuge\/lumatec\" target=\"_blank\" rel=\"noopener\">Boutique-Schilbach<\/a> peuvent \u00eatre obtenus.<\/p>\n<p>&nbsp;<\/p>\n<p><strong>ATTENTION<\/strong> De nombreux objectifs EOS RF et RF-S natifs ne peuvent \u00eatre utilis\u00e9s que de mani\u00e8re limit\u00e9e dans des situations d'\u00e9clairage sombre. Une LED infrarouge est int\u00e9gr\u00e9e \u00e0 l'int\u00e9rieur de ces objectifs. La lumi\u00e8re parasite peut \u00eatre visible sur les photos en cas de longs temps d'exposition et\/ou de conditions d'\u00e9clairage sombres (m\u00eame en cas de longues expositions avec un filtre ND). Si les objectifs EF sont utilis\u00e9s avec un adaptateur sur un appareil photo EOS R, ce risque n'existe pas.<\/p>\n<p>&nbsp;<\/p>\n<p>Seriez-vous int\u00e9ress\u00e9 par l'achat d'un autre mod\u00e8le de cam\u00e9ra enti\u00e8rement transform\u00e9 ? \u00c9crivez-moi <a href=\"https:\/\/irrecams.de\/fr\/umbauservice\/demande-de-renseignements\/\">un message sans engagement<\/a> pour une offre personnalis\u00e9e.<\/p>","protected":false},"excerpt":{"rendered":"<p>Cam\u00e9ra m\u00e9dico-l\u00e9gale d\u00e9j\u00e0 transform\u00e9e. Il s'agit d'un appareil neuf avec 2 ans de garantie.<\/p>\n<p>La cam\u00e9ra APS-C modifi\u00e9e exploite la sensibilit\u00e9 spectrale maximale pour les rayonnements UV, VIS et IR. Vous avez des questions ou des doutes ? \u00c9crivez-nous <a href=\"https:\/\/irrecams.de\/fr\/umbauservice\/demande-de-renseignements\/\">un message sans engagement<\/a>.<\/p>\n<p>Le stock actuel est affich\u00e9. S'il n'y a pas de cam\u00e9ra en stock, une sera command\u00e9e et transform\u00e9e pour vous (\"livraison ult\u00e9rieure\"). Le d\u00e9lai de livraison est ainsi prolong\u00e9 d'environ 1 \u00e0 1,5 semaine.<\/p>","protected":false},"featured_media":12151,"template":"","meta":[],"product_brand":[],"product_cat":[653],"product_tag":[1244],"class_list":{"0":"post-15659","1":"product","2":"type-product","3":"status-publish","4":"has-post-thumbnail","6":"product_cat-forensik","7":"product_tag-kamera","8":"product_shipping_class-kamera","10":"first","11":"onbackorder","12":"taxable","13":"shipping-taxable","14":"purchasable","15":"product-type-simple"},"_links":{"self":[{"href":"https:\/\/irrecams.de\/fr\/wp-json\/wp\/v2\/product\/15659","targetHints":{"allow":["GET"]}}],"collection":[{"href":"https:\/\/irrecams.de\/fr\/wp-json\/wp\/v2\/product"}],"about":[{"href":"https:\/\/irrecams.de\/fr\/wp-json\/wp\/v2\/types\/product"}],"wp:featuredmedia":[{"embeddable":true,"href":"https:\/\/irrecams.de\/fr\/wp-json\/wp\/v2\/media\/12151"}],"wp:attachment":[{"href":"https:\/\/irrecams.de\/fr\/wp-json\/wp\/v2\/media?parent=15659"}],"wp:term":[{"taxonomy":"product_brand","embeddable":true,"href":"https:\/\/irrecams.de\/fr\/wp-json\/wp\/v2\/product_brand?post=15659"},{"taxonomy":"product_cat","embeddable":true,"href":"https:\/\/irrecams.de\/fr\/wp-json\/wp\/v2\/product_cat?post=15659"},{"taxonomy":"product_tag","embeddable":true,"href":"https:\/\/irrecams.de\/fr\/wp-json\/wp\/v2\/product_tag?post=15659"}],"curies":[{"name":"wp","href":"https:\/\/api.w.org\/{rel}","templated":true}]}}