{"id":15918,"date":"2025-11-20T14:52:46","date_gmt":"2025-11-20T13:52:46","guid":{"rendered":"https:\/\/irrecams.de\/?post_type=product&#038;p=15918"},"modified":"2026-01-25T12:47:46","modified_gmt":"2026-01-25T11:47:46","slug":"nikon-z50-camera-plein-spectre-280-nm-occasion-2","status":"publish","type":"product","link":"https:\/\/irrecams.de\/fr\/boutique\/nikon-z50-camera-plein-spectre-280-nm-occasion-2\/","title":{"rendered":"Appareil photo plein-spectre Nikon Z50 (280 nm) *Utilis\u00e9*."},"content":{"rendered":"<p>Vous achetez une cam\u00e9ra IR pr\u00eate \u00e0 l'emploi.<\/p>\n<p>Il s'agit d'un appareil d'occasion qui a \u00e9t\u00e9 transform\u00e9. Visuellement, l'appareil est en bon \u00e9tat d'utilisation avec peu de traces d'utilisation (voir les photos du produit). L'\u00e9cran ne pr\u00e9sente aucune rayure. L'appareil est livr\u00e9 sans objectif.<\/p>\n<p>Techniquement, la cam\u00e9ra fonctionne \u00e0 100%, vous b\u00e9n\u00e9ficiez d'une garantie d'un an.<\/p>","protected":false},"excerpt":{"rendered":"<p>Contenu de la livraison :<\/p>\n<p>Appareil photo Nikon Z50 comme d\u00e9crit et illustr\u00e9<br \/>\nBatterie originale<br \/>\nChargeur original<br \/>\nBandouli\u00e8re<\/p>\n<p>&nbsp;<\/p>\n<p>L'appareil photo est soumis \u00e0 l'imposition de la diff\u00e9rence conform\u00e9ment au \u00a7 25a de la loi sur la TVA (UStG). La TVA n'est pas indiqu\u00e9e s\u00e9par\u00e9ment sur la facture.<\/p>","protected":false},"featured_media":15919,"template":"","meta":[],"product_brand":[],"product_cat":[456],"product_tag":[],"class_list":{"0":"post-15918","1":"product","2":"type-product","3":"status-publish","4":"has-post-thumbnail","6":"product_cat-fertig-umgebaute-infrarot-kameras","7":"product_shipping_class-kamera","9":"first","10":"outofstock","11":"sold-individually","12":"purchasable","13":"product-type-simple"},"_links":{"self":[{"href":"https:\/\/irrecams.de\/fr\/wp-json\/wp\/v2\/product\/15918","targetHints":{"allow":["GET"]}}],"collection":[{"href":"https:\/\/irrecams.de\/fr\/wp-json\/wp\/v2\/product"}],"about":[{"href":"https:\/\/irrecams.de\/fr\/wp-json\/wp\/v2\/types\/product"}],"wp:featuredmedia":[{"embeddable":true,"href":"https:\/\/irrecams.de\/fr\/wp-json\/wp\/v2\/media\/15919"}],"wp:attachment":[{"href":"https:\/\/irrecams.de\/fr\/wp-json\/wp\/v2\/media?parent=15918"}],"wp:term":[{"taxonomy":"product_brand","embeddable":true,"href":"https:\/\/irrecams.de\/fr\/wp-json\/wp\/v2\/product_brand?post=15918"},{"taxonomy":"product_cat","embeddable":true,"href":"https:\/\/irrecams.de\/fr\/wp-json\/wp\/v2\/product_cat?post=15918"},{"taxonomy":"product_tag","embeddable":true,"href":"https:\/\/irrecams.de\/fr\/wp-json\/wp\/v2\/product_tag?post=15918"}],"curies":[{"name":"wp","href":"https:\/\/api.w.org\/{rel}","templated":true}]}}