{"id":15926,"date":"2025-11-20T15:05:10","date_gmt":"2025-11-20T14:05:10","guid":{"rendered":"https:\/\/irrecams.de\/?post_type=product&#038;p=15926"},"modified":"2026-01-10T21:14:06","modified_gmt":"2026-01-10T20:14:06","slug":"nikon-z6-ii-astro-camera-optolong-occasion","status":"publish","type":"product","link":"https:\/\/irrecams.de\/fr\/boutique\/nikon-z6-ii-astro-camera-optolong-occasion\/","title":{"rendered":"Nikon Z6 II Cam\u00e9ra d'astronomie (Optolong) *Utilis\u00e9*."},"content":{"rendered":"<p>Vous achetez une cam\u00e9ra d'astronomie pr\u00eate \u00e0 l'emploi.<\/p>\n<p>Il s'agit d'un appareil d'occasion qui a \u00e9t\u00e9 transform\u00e9. L'appareil est \u00e9quip\u00e9 d'un filtre astronomique Optolong qui garantit la sensibilit\u00e9 maximale du capteur H-Alpha. Visuellement, l'appareil est en bon \u00e9tat d'utilisation avec peu de traces d'utilisation (voir les photos du produit). L'\u00e9cran ne pr\u00e9sente aucune rayure. La cam\u00e9ra est livr\u00e9e sans objectif.<\/p>\n<p>Techniquement, la cam\u00e9ra fonctionne \u00e0 100%, vous b\u00e9n\u00e9ficiez d'une garantie d'un an.<\/p>","protected":false},"excerpt":{"rendered":"<p>Contenu de la livraison :<\/p>\n<p>Appareil photo Nikon Z6 II tel que d\u00e9crit et illustr\u00e9<br \/>\nBatterie originale<br \/>\nChargeur original<br \/>\nBandouli\u00e8re originale<br \/>\nC\u00e2ble d'origine et s\u00e9curit\u00e9 du c\u00e2ble<br \/>\n2 manuels (multilingues)<br \/>\nEmballage d'origine<\/p>\n<p>&nbsp;<\/p>\n<p>L'appareil photo est soumis \u00e0 l'imposition de la diff\u00e9rence conform\u00e9ment au \u00a7 25a de la loi sur la TVA (UStG). La TVA n'est pas indiqu\u00e9e s\u00e9par\u00e9ment sur la facture.<\/p>","protected":false},"featured_media":15927,"template":"","meta":[],"product_brand":[],"product_cat":[456],"product_tag":[],"class_list":{"0":"post-15926","1":"product","2":"type-product","3":"status-publish","4":"has-post-thumbnail","6":"product_cat-fertig-umgebaute-infrarot-kameras","7":"product_shipping_class-kamera","9":"first","10":"outofstock","11":"sold-individually","12":"purchasable","13":"product-type-simple"},"_links":{"self":[{"href":"https:\/\/irrecams.de\/fr\/wp-json\/wp\/v2\/product\/15926","targetHints":{"allow":["GET"]}}],"collection":[{"href":"https:\/\/irrecams.de\/fr\/wp-json\/wp\/v2\/product"}],"about":[{"href":"https:\/\/irrecams.de\/fr\/wp-json\/wp\/v2\/types\/product"}],"wp:featuredmedia":[{"embeddable":true,"href":"https:\/\/irrecams.de\/fr\/wp-json\/wp\/v2\/media\/15927"}],"wp:attachment":[{"href":"https:\/\/irrecams.de\/fr\/wp-json\/wp\/v2\/media?parent=15926"}],"wp:term":[{"taxonomy":"product_brand","embeddable":true,"href":"https:\/\/irrecams.de\/fr\/wp-json\/wp\/v2\/product_brand?post=15926"},{"taxonomy":"product_cat","embeddable":true,"href":"https:\/\/irrecams.de\/fr\/wp-json\/wp\/v2\/product_cat?post=15926"},{"taxonomy":"product_tag","embeddable":true,"href":"https:\/\/irrecams.de\/fr\/wp-json\/wp\/v2\/product_tag?post=15926"}],"curies":[{"name":"wp","href":"https:\/\/api.w.org\/{rel}","templated":true}]}}