{"id":15950,"date":"2025-11-20T15:21:29","date_gmt":"2025-11-20T14:21:29","guid":{"rendered":"https:\/\/irrecams.de\/?post_type=product&#038;p=15950"},"modified":"2026-02-13T11:06:14","modified_gmt":"2026-02-13T10:06:14","slug":"olympus-omd-e-m10-camera-infrarouge-infrablue-doccasion","status":"publish","type":"product","link":"https:\/\/irrecams.de\/fr\/boutique\/olympus-omd-e-m10-camera-infrarouge-infrablue-doccasion\/","title":{"rendered":"Olympus OM-D E-M10 Cam\u00e9ra infrarouge (InfraBlue) *Occasion"},"content":{"rendered":"<p>Vous achetez une cam\u00e9ra IR pr\u00eate \u00e0 l'emploi.<\/p>\n<p>Il s'agit d'un appareil d'occasion qui a \u00e9t\u00e9 transform\u00e9 avec notre filtre InfraBlue. Visuellement, l'appareil est en bon \u00e9tat d'utilisation avec peu de traces d'usure (voir les photos du produit). L'\u00e9cran ne pr\u00e9sente aucune rayure. L'appareil est livr\u00e9 sans objectif.<\/p>\n<p>Techniquement, la cam\u00e9ra fonctionne \u00e0 100%, vous b\u00e9n\u00e9ficiez d'une garantie d'un an.<\/p>","protected":false},"excerpt":{"rendered":"<p>Contenu de la livraison :<\/p>\n<p>Appareil photo Olympus OM-D E-M10 comme d\u00e9crit et illustr\u00e9<br \/>\nBatterie originale<br \/>\nChargeur original<br \/>\nBandouli\u00e8re originale<br \/>\nC\u00e2ble de donn\u00e9es<\/p>","protected":false},"featured_media":15951,"template":"","meta":[],"product_brand":[],"product_cat":[456],"product_tag":[],"class_list":{"0":"post-15950","1":"product","2":"type-product","3":"status-publish","4":"has-post-thumbnail","6":"product_cat-fertig-umgebaute-infrarot-kameras","7":"product_shipping_class-kamera","9":"first","10":"outofstock","11":"sold-individually","12":"taxable","13":"shipping-taxable","14":"purchasable","15":"product-type-simple"},"_links":{"self":[{"href":"https:\/\/irrecams.de\/fr\/wp-json\/wp\/v2\/product\/15950","targetHints":{"allow":["GET"]}}],"collection":[{"href":"https:\/\/irrecams.de\/fr\/wp-json\/wp\/v2\/product"}],"about":[{"href":"https:\/\/irrecams.de\/fr\/wp-json\/wp\/v2\/types\/product"}],"wp:featuredmedia":[{"embeddable":true,"href":"https:\/\/irrecams.de\/fr\/wp-json\/wp\/v2\/media\/15951"}],"wp:attachment":[{"href":"https:\/\/irrecams.de\/fr\/wp-json\/wp\/v2\/media?parent=15950"}],"wp:term":[{"taxonomy":"product_brand","embeddable":true,"href":"https:\/\/irrecams.de\/fr\/wp-json\/wp\/v2\/product_brand?post=15950"},{"taxonomy":"product_cat","embeddable":true,"href":"https:\/\/irrecams.de\/fr\/wp-json\/wp\/v2\/product_cat?post=15950"},{"taxonomy":"product_tag","embeddable":true,"href":"https:\/\/irrecams.de\/fr\/wp-json\/wp\/v2\/product_tag?post=15950"}],"curies":[{"name":"wp","href":"https:\/\/api.w.org\/{rel}","templated":true}]}}