{"id":16366,"date":"2026-01-13T23:20:56","date_gmt":"2026-01-13T22:20:56","guid":{"rendered":"https:\/\/irrecams.de\/?post_type=product&#038;p=16366"},"modified":"2026-03-26T13:51:22","modified_gmt":"2026-03-26T12:51:22","slug":"atelier-ir-nord-souabe-26-28-juin-2026","status":"publish","type":"product","link":"https:\/\/irrecams.de\/fr\/boutique\/atelier-ir-nord-souabe-26-28-juin-2026\/","title":{"rendered":"Atelier IR Souabe du Nord : 26-28 juin 2026"},"content":{"rendered":"<p>L'atelier vise \u00e0 transmettre des connaissances th\u00e9oriques et pratiques et s'adresse aussi bien aux d\u00e9butants qu'aux photographes confirm\u00e9s dans le domaine de la photographie infrarouge. Des s\u00e9minaires th\u00e9oriques permettront de poser les bases et de faire des d\u00e9monstrations de post-traitement. Sur place, nous d\u00e9couvrons ensuite des motifs tr\u00e8s particuliers dans les plus beaux endroits d'Allemagne. Si vous ne poss\u00e9dez pas encore d'appareil photo ou si vous souhaitez en essayer un autre, vous pouvez emprunter l'appareil photo infrarouge de votre choix pour une somme modique.<\/p>\n<p>Vous trouverez des d\u00e9tails <a href=\"https:\/\/www.irrecams.de\/IR-Workshop_261.pdf\" target=\"_blank\" rel=\"noopener\">dans ce PDF<\/a>.<\/p>","protected":false},"excerpt":{"rendered":"<p>Der Workshop sollen theoretisches und praktisches Wissen vermitteln und richten sich sowohl an Einsteiger als auch Fortgeschrittene in der Infrarotfotografie. In theoretischen Seminaren werden Grundlagen geschaffen und die Nachbearbeitung vorgef\u00fchrt. Vor Ort entdecken wir dann ganz besondere Motive an den sch\u00f6nsten Orten Deutschlands. Sie k\u00f6nnen \u00fcbrigens Ihre Wunsch-Infrarotkamera gegen eine kleine Geb\u00fchr ausleihen, sollten Sie [&hellip;]<\/p>\n","protected":false},"featured_media":16367,"template":"","meta":[],"product_brand":[],"product_cat":[217],"product_tag":[],"class_list":{"0":"post-16366","1":"product","2":"type-product","3":"status-publish","4":"has-post-thumbnail","6":"product_cat-infrarot-fotografie-workshops","8":"first","9":"instock","10":"virtual","11":"taxable","12":"purchasable","13":"product-type-simple"},"_links":{"self":[{"href":"https:\/\/irrecams.de\/fr\/wp-json\/wp\/v2\/product\/16366","targetHints":{"allow":["GET"]}}],"collection":[{"href":"https:\/\/irrecams.de\/fr\/wp-json\/wp\/v2\/product"}],"about":[{"href":"https:\/\/irrecams.de\/fr\/wp-json\/wp\/v2\/types\/product"}],"wp:featuredmedia":[{"embeddable":true,"href":"https:\/\/irrecams.de\/fr\/wp-json\/wp\/v2\/media\/16367"}],"wp:attachment":[{"href":"https:\/\/irrecams.de\/fr\/wp-json\/wp\/v2\/media?parent=16366"}],"wp:term":[{"taxonomy":"product_brand","embeddable":true,"href":"https:\/\/irrecams.de\/fr\/wp-json\/wp\/v2\/product_brand?post=16366"},{"taxonomy":"product_cat","embeddable":true,"href":"https:\/\/irrecams.de\/fr\/wp-json\/wp\/v2\/product_cat?post=16366"},{"taxonomy":"product_tag","embeddable":true,"href":"https:\/\/irrecams.de\/fr\/wp-json\/wp\/v2\/product_tag?post=16366"}],"curies":[{"name":"wp","href":"https:\/\/api.w.org\/{rel}","templated":true}]}}