{"id":16451,"date":"2026-01-31T23:46:31","date_gmt":"2026-01-31T22:46:31","guid":{"rendered":"https:\/\/irrecams.de\/?post_type=product&#038;p=16451"},"modified":"2026-02-01T00:34:29","modified_gmt":"2026-01-31T23:34:29","slug":"cache-sabot-de-flash-irrecam","status":"publish","type":"product","link":"https:\/\/irrecams.de\/fr\/boutique\/cache-sabot-de-flash-irrecam\/","title":{"rendered":"Couvercle de sabot de flash IRreCams"},"content":{"rendered":"<p>Pour la plupart des photographes infrarouges, la cam\u00e9ra infrarouge est une deuxi\u00e8me ou une troisi\u00e8me cam\u00e9ra, qui est \u00e9galement emport\u00e9e en voyage. Lorsque le changement de cam\u00e9ra doit se faire rapidement, il n'est pas toujours \u00e9vident de savoir au premier coup d'\u0153il quelle est la cam\u00e9ra souhait\u00e9e.<\/p>\n<p>Notre cache universel pour sabot de flash IR en blanc avec le logo IRreCams facilite la prise en main de l'appareil photo. Outre la touche de couleur chic, le cache offre \u00e9galement quelques avantages pratiques. Le couvercle s'adapte parfaitement \u00e0 (presque) tous les sabots de flash gr\u00e2ce \u00e0 son design \u00e0 ressort et \u00e0 une l\u00e9g\u00e8re tension. Les couvertures de sabot de flash perdues et les contacts non prot\u00e9g\u00e9s appartiennent donc au pass\u00e9.<\/p>\n<p>La couverture est fabriqu\u00e9e \u00e0 l'aide d'un proc\u00e9d\u00e9 d'impression 3D optimis\u00e9 \u00e0 partir de plastique recycl\u00e9 100%. La couverture est ind\u00e9formable jusqu'\u00e0 60\u00b0C minimum et bien s\u00fbr r\u00e9sistante aux UV.<\/p>","protected":false},"excerpt":{"rendered":"<p>Couvercle de griffe de flash universel en plastique recycl\u00e9 100%. Le design \u00e0 ressort garantit une fixation s\u00fbre sur (presque) tous les appareils photo.<\/p>","protected":false},"featured_media":16455,"template":"","meta":[],"product_brand":[],"product_cat":[1234],"product_tag":[],"class_list":{"0":"post-16451","1":"product","2":"type-product","3":"status-publish","4":"has-post-thumbnail","6":"product_cat-zubehoer","7":"product_shipping_class-postkarten","9":"first","10":"instock","11":"taxable","12":"shipping-taxable","13":"purchasable","14":"product-type-simple"},"_links":{"self":[{"href":"https:\/\/irrecams.de\/fr\/wp-json\/wp\/v2\/product\/16451","targetHints":{"allow":["GET"]}}],"collection":[{"href":"https:\/\/irrecams.de\/fr\/wp-json\/wp\/v2\/product"}],"about":[{"href":"https:\/\/irrecams.de\/fr\/wp-json\/wp\/v2\/types\/product"}],"wp:featuredmedia":[{"embeddable":true,"href":"https:\/\/irrecams.de\/fr\/wp-json\/wp\/v2\/media\/16455"}],"wp:attachment":[{"href":"https:\/\/irrecams.de\/fr\/wp-json\/wp\/v2\/media?parent=16451"}],"wp:term":[{"taxonomy":"product_brand","embeddable":true,"href":"https:\/\/irrecams.de\/fr\/wp-json\/wp\/v2\/product_brand?post=16451"},{"taxonomy":"product_cat","embeddable":true,"href":"https:\/\/irrecams.de\/fr\/wp-json\/wp\/v2\/product_cat?post=16451"},{"taxonomy":"product_tag","embeddable":true,"href":"https:\/\/irrecams.de\/fr\/wp-json\/wp\/v2\/product_tag?post=16451"}],"curies":[{"name":"wp","href":"https:\/\/api.w.org\/{rel}","templated":true}]}}