{"id":16617,"date":"2026-02-28T22:25:55","date_gmt":"2026-02-28T21:25:55","guid":{"rendered":"https:\/\/irrecams.de\/?post_type=product&#038;p=16617"},"modified":"2026-03-04T08:51:46","modified_gmt":"2026-03-04T07:51:46","slug":"adaptateur-laser-pour-lalignement-des-poles","status":"publish","type":"product","link":"https:\/\/irrecams.de\/fr\/boutique\/adaptateur-laser-pour-lalignement-des-poles\/","title":{"rendered":"LaserAdapter pour l'alignement des p\u00f4les"},"content":{"rendered":"<p>Notre LaserAdapter vous permet d'aligner tr\u00e8s rapidement et facilement votre tr\u00e9pied sur l'\u00e9toile polaire. Une fois l'alignement termin\u00e9, il suffit de retirer le LaserAdapter et d'installer le syst\u00e8me de suivi dans la base \u00e0 changement rapide du tr\u00e9pied. En particulier pour les photos de paysage avec des objectifs grand angle, cela permet un alignement suffisamment pr\u00e9cis du tr\u00e9pied pour des temps d'exposition de plusieurs minutes.<\/p>\n<p>Si un alignement encore plus pr\u00e9cis d'une grande monture est n\u00e9cessaire, le pr\u00e9-alignement vous donne un tr\u00e8s bon point de d\u00e9part et vous permet d'effectuer l'alignement fin avec le viseur polaire sans devoir chercher longtemps l'\u00e9toile polaire.<\/p>\n<p>Le LaserAdapter est disponible pour diff\u00e9rents syst\u00e8mes de fixation rapide (pour Arca-Swiss, Manfrotto ou Dovetail\/Vixen) avec une orientation de 0\u00b0 (parall\u00e8le) et de 90\u00b0 (verticale). Il suffit de choisir l'adaptateur qui convient \u00e0 votre application. Les LaserAdapters sont fabriqu\u00e9s par impression 3D \u00e0 partir de plastique recycl\u00e9 100%. Ils sont ind\u00e9formables jusqu'\u00e0 au moins 60\u00b0C et naturellement r\u00e9sistants aux UV. Chaque LaserAdapter dispose de 2 positions :<\/p>\n<ol>\n<li>\u00a0position de s\u00e9curit\u00e9 (sur \u201c0\u201d) : Le laser peut ainsi \u00eatre transport\u00e9 dans le sac \u00e0 dos sans \u00eatre activ\u00e9 par inadvertance. Le d\u00e9placement de l'interrupteur \u00e0 coulisse ne peut pas l'activer.<\/li>\n<li>\u00a0position active (sur \u201cI\u201d) : Le laser peut \u00eatre activ\u00e9 et d\u00e9sactiv\u00e9 en d\u00e9pla\u00e7ant l'interrupteur \u00e0 coulisse. Dans cette position, le laser ne peut pas \u00eatre retir\u00e9 de l'adaptateur laser.<\/li>\n<\/ol>\n<p>Les LaserAdapters ne fonctionnent pas avec tous les pointeurs laser du march\u00e9, ils ont \u00e9t\u00e9 sp\u00e9cialement con\u00e7us pour un pointeur laser. Le pointeur laser de la marque Legamaster dispose d'un bo\u00eetier m\u00e9tallique robuste et de haute qualit\u00e9 et fonctionne avec 2 piles AAA (incluses). Il contient un laser vert de classe II (conform\u00e9ment au r\u00e8glement europ\u00e9en avec une puissance maximale de 1 mW) qui est bien visible la nuit.<\/p>\n<p><strong>ATTENTION : le laser n'est pas un jouet et il ne faut jamais regarder d\u00e9lib\u00e9r\u00e9ment dans le laser ou pointer le laser vers d'autres personnes. Un contact prolong\u00e9 avec les yeux peut entra\u00eener des l\u00e9sions irr\u00e9versibles de l'\u0153il.<\/strong><\/p>","protected":false},"excerpt":{"rendered":"<p>Adaptateur laser pour l'alignement polaire pour le suivi d'images astronomiques, fabriqu\u00e9 en plastique recycl\u00e9 100%. Le LaserAdapter est disponible pour diff\u00e9rents syst\u00e8mes d'attache rapide (veuillez choisir).<\/p>","protected":false},"featured_media":16643,"template":"","meta":[],"product_brand":[],"product_cat":[1234],"product_tag":[],"class_list":{"0":"post-16617","1":"product","2":"type-product","3":"status-publish","4":"has-post-thumbnail","6":"product_cat-zubehoer","7":"product_shipping_class-filter","9":"first","10":"instock","11":"taxable","12":"shipping-taxable","13":"purchasable","14":"product-type-variable"},"_links":{"self":[{"href":"https:\/\/irrecams.de\/fr\/wp-json\/wp\/v2\/product\/16617","targetHints":{"allow":["GET"]}}],"collection":[{"href":"https:\/\/irrecams.de\/fr\/wp-json\/wp\/v2\/product"}],"about":[{"href":"https:\/\/irrecams.de\/fr\/wp-json\/wp\/v2\/types\/product"}],"wp:featuredmedia":[{"embeddable":true,"href":"https:\/\/irrecams.de\/fr\/wp-json\/wp\/v2\/media\/16643"}],"wp:attachment":[{"href":"https:\/\/irrecams.de\/fr\/wp-json\/wp\/v2\/media?parent=16617"}],"wp:term":[{"taxonomy":"product_brand","embeddable":true,"href":"https:\/\/irrecams.de\/fr\/wp-json\/wp\/v2\/product_brand?post=16617"},{"taxonomy":"product_cat","embeddable":true,"href":"https:\/\/irrecams.de\/fr\/wp-json\/wp\/v2\/product_cat?post=16617"},{"taxonomy":"product_tag","embeddable":true,"href":"https:\/\/irrecams.de\/fr\/wp-json\/wp\/v2\/product_tag?post=16617"}],"curies":[{"name":"wp","href":"https:\/\/api.w.org\/{rel}","templated":true}]}}