{"id":2815,"date":"2018-07-09T15:47:29","date_gmt":"2018-07-09T13:47:29","guid":{"rendered":"https:\/\/www.irrecams.de\/?post_type=product&#038;p=2815"},"modified":"2025-05-15T09:40:07","modified_gmt":"2025-05-15T07:40:07","slug":"service-de-conversion-infrarouge-nikon-compact","status":"publish","type":"product","link":"https:\/\/irrecams.de\/fr\/boutique\/service-de-conversion-infrarouge-nikon-compact\/","title":{"rendered":"Service de conversion infrarouge Nikon Kompakt"},"content":{"rendered":"<p><strong>Remarque sur la balance des blancs :<\/strong> Sur pratiquement tous les appareils photo Nikon, la balance des blancs ne peut pas \u00eatre d\u00e9finie correctement dans l'appareil photo. Selon la situation d'\u00e9clairage et le filtre, une balance des blancs manuelle dans l'appareil photo n'est pas possible et fournit un message d'erreur (le probl\u00e8me se produit \u00e9galement avec le filtre InfraBlue). La balance des blancs peut \u00eatre r\u00e9gl\u00e9e sur 2500K avec correction des couleurs, mais il reste g\u00e9n\u00e9ralement une nette dominante magenta dans l'image. Lors de la prise de vue en RAW (recommand\u00e9e), cela n'a pas d'importance, car la balance des blancs peut \u00eatre r\u00e9gl\u00e9e correctement sur l'ordinateur. Il est \u00e9galement possible de photographier des JPEG noir et blanc dans l'appareil photo sans probl\u00e8me.<\/p>","protected":false},"excerpt":{"rendered":"<p>Service de conversion infrarouge pour votre appareil photo compact Nikon.<\/p>\n<p>Vous n'\u00eates pas s\u00fbr(e) des informations ou de votre <a href=\"https:\/\/irrecams.de\/fr\/comparaison-des-filtres-a-effet-infrarouge\/\">Choix du filtre<\/a>? \u00c9crivez-nous <a href=\"https:\/\/irrecams.de\/fr\/service-de-conversion-infrarouge\/demande-de-renseignements\/\">un message sans engagement<\/a>.<\/p>","protected":false},"featured_media":6293,"template":"","meta":[],"product_brand":[],"product_cat":[455],"product_tag":[],"class_list":{"0":"post-2815","1":"product","2":"type-product","3":"status-publish","4":"has-post-thumbnail","6":"product_cat-infrarot-kamera-umbau-service","7":"product_shipping_class-umbau","9":"first","10":"instock","11":"taxable","12":"shipping-taxable","13":"purchasable","14":"product-type-variable"},"_links":{"self":[{"href":"https:\/\/irrecams.de\/fr\/wp-json\/wp\/v2\/product\/2815","targetHints":{"allow":["GET"]}}],"collection":[{"href":"https:\/\/irrecams.de\/fr\/wp-json\/wp\/v2\/product"}],"about":[{"href":"https:\/\/irrecams.de\/fr\/wp-json\/wp\/v2\/types\/product"}],"wp:featuredmedia":[{"embeddable":true,"href":"https:\/\/irrecams.de\/fr\/wp-json\/wp\/v2\/media\/6293"}],"wp:attachment":[{"href":"https:\/\/irrecams.de\/fr\/wp-json\/wp\/v2\/media?parent=2815"}],"wp:term":[{"taxonomy":"product_brand","embeddable":true,"href":"https:\/\/irrecams.de\/fr\/wp-json\/wp\/v2\/product_brand?post=2815"},{"taxonomy":"product_cat","embeddable":true,"href":"https:\/\/irrecams.de\/fr\/wp-json\/wp\/v2\/product_cat?post=2815"},{"taxonomy":"product_tag","embeddable":true,"href":"https:\/\/irrecams.de\/fr\/wp-json\/wp\/v2\/product_tag?post=2815"}],"curies":[{"name":"wp","href":"https:\/\/api.w.org\/{rel}","templated":true}]}}