{"id":2829,"date":"2018-07-09T16:10:18","date_gmt":"2018-07-09T14:10:18","guid":{"rendered":"https:\/\/www.irrecams.de\/?post_type=product&#038;p=2829"},"modified":"2025-11-08T13:16:01","modified_gmt":"2025-11-08T12:16:01","slug":"service-de-conversion-infrarouge-panasonic-mft","status":"publish","type":"product","link":"https:\/\/irrecams.de\/fr\/boutique\/service-de-conversion-infrarouge-panasonic-mft\/","title":{"rendered":"Service de conversion infrarouge Panasonic MFT"},"content":{"rendered":"<p><strong>ATTENTION<\/strong> Les cam\u00e9ras marqu\u00e9es de deux ** sont \u00e9quip\u00e9es d'une LED infrarouge interne. La lumi\u00e8re diffuse de cette DEL peut \u00eatre visible sur l'image sous forme de reflet lumineux en cas de temps d'exposition longs et \/ ou de conditions d'\u00e9clairage sombres (m\u00eame avec un filtre ND puissant). Avec des temps d'exposition habituels et des conditions de lumi\u00e8re du jour, la lumi\u00e8re diffuse de cette LED n'est pas perceptible.<\/p>\n<p><strong>Remarque :<\/strong> Pour les cam\u00e9ras avec un *, la fonction de nettoyage automatique du capteur est perdue lors de la conversion. Apr\u00e8s la modification, le capteur peut \u00eatre nettoy\u00e9 comme d'habitude \u00e0 sec (par exemple avec de l'air comprim\u00e9) ou humide (par exemple avec des swabs). Toutes les pr\u00e9parations et m\u00e9thodes propos\u00e9es sur le march\u00e9 pour le nettoyage des capteurs peuvent \u00eatre utilis\u00e9es.<\/p>","protected":false},"excerpt":{"rendered":"<p>Service de conversion infrarouge pour votre appareil photo MFT Panasonic.<\/p>\n<p>Vous n'\u00eates pas s\u00fbr(e) des informations ou de votre <a href=\"https:\/\/irrecams.de\/fr\/comparaison-des-filtres-a-effet-infrarouge\/\">Choix du filtre<\/a>? \u00c9crivez-moi <a href=\"https:\/\/irrecams.de\/fr\/service-de-conversion-infrarouge\/demande-de-renseignements\/\">un message sans engagement<\/a>.<\/p>","protected":false},"featured_media":12428,"template":"","meta":[],"product_brand":[],"product_cat":[455],"product_tag":[],"class_list":{"0":"post-2829","1":"product","2":"type-product","3":"status-publish","4":"has-post-thumbnail","6":"product_cat-infrarot-kamera-umbau-service","7":"product_shipping_class-umbau","9":"first","10":"instock","11":"taxable","12":"shipping-taxable","13":"purchasable","14":"product-type-variable"},"_links":{"self":[{"href":"https:\/\/irrecams.de\/fr\/wp-json\/wp\/v2\/product\/2829","targetHints":{"allow":["GET"]}}],"collection":[{"href":"https:\/\/irrecams.de\/fr\/wp-json\/wp\/v2\/product"}],"about":[{"href":"https:\/\/irrecams.de\/fr\/wp-json\/wp\/v2\/types\/product"}],"wp:featuredmedia":[{"embeddable":true,"href":"https:\/\/irrecams.de\/fr\/wp-json\/wp\/v2\/media\/12428"}],"wp:attachment":[{"href":"https:\/\/irrecams.de\/fr\/wp-json\/wp\/v2\/media?parent=2829"}],"wp:term":[{"taxonomy":"product_brand","embeddable":true,"href":"https:\/\/irrecams.de\/fr\/wp-json\/wp\/v2\/product_brand?post=2829"},{"taxonomy":"product_cat","embeddable":true,"href":"https:\/\/irrecams.de\/fr\/wp-json\/wp\/v2\/product_cat?post=2829"},{"taxonomy":"product_tag","embeddable":true,"href":"https:\/\/irrecams.de\/fr\/wp-json\/wp\/v2\/product_tag?post=2829"}],"curies":[{"name":"wp","href":"https:\/\/api.w.org\/{rel}","templated":true}]}}