{"id":2846,"date":"2018-07-09T16:26:55","date_gmt":"2018-07-09T14:26:55","guid":{"rendered":"https:\/\/www.irrecams.de\/?post_type=product&#038;p=2846"},"modified":"2025-05-15T09:39:06","modified_gmt":"2025-05-15T07:39:06","slug":"service-de-conversion-infrarouge-samsung-aps-c","status":"publish","type":"product","link":"https:\/\/irrecams.de\/fr\/boutique\/service-de-conversion-infrarouge-samsung-aps-c\/","title":{"rendered":"Service de conversion infrarouge Samsung APS-C"},"content":{"rendered":"<p><strong>Important :<\/strong> Veuillez envoyer un objectif en plus de la cam\u00e9ra pour la transformation, sinon nous n'aurons pas la possibilit\u00e9 de tester compl\u00e8tement la cam\u00e9ra.<\/p>\n<p><strong>Remarque :<\/strong> Pour les cam\u00e9ras avec un *, la fonction de nettoyage automatique du capteur est perdue lors de la conversion. Apr\u00e8s la modification, le capteur peut \u00eatre nettoy\u00e9 comme d'habitude \u00e0 sec (par exemple avec de l'air comprim\u00e9) ou humide (par exemple avec des swabs). Toutes les pr\u00e9parations et m\u00e9thodes propos\u00e9es sur le march\u00e9 pour le nettoyage des capteurs peuvent \u00eatre utilis\u00e9es.<\/p>","protected":false},"excerpt":{"rendered":"<p>Service de conversion infrarouge pour votre appareil photo APS-C Samsung.<\/p>\n<p>Vous n'\u00eates pas s\u00fbr(e) des informations ou de votre <a href=\"https:\/\/irrecams.de\/fr\/comparaison-des-filtres-a-effet-infrarouge\/\">Choix du filtre<\/a>? \u00c9crivez-moi <a href=\"https:\/\/irrecams.de\/fr\/service-de-conversion-infrarouge\/demande-de-renseignements\/\">un message sans engagement<\/a>.<\/p>","protected":false},"featured_media":12432,"template":"","meta":[],"product_brand":[],"product_cat":[455],"product_tag":[],"class_list":{"0":"post-2846","1":"product","2":"type-product","3":"status-publish","4":"has-post-thumbnail","6":"product_cat-infrarot-kamera-umbau-service","7":"product_shipping_class-umbau","9":"first","10":"instock","11":"taxable","12":"shipping-taxable","13":"purchasable","14":"product-type-variable"},"_links":{"self":[{"href":"https:\/\/irrecams.de\/fr\/wp-json\/wp\/v2\/product\/2846","targetHints":{"allow":["GET"]}}],"collection":[{"href":"https:\/\/irrecams.de\/fr\/wp-json\/wp\/v2\/product"}],"about":[{"href":"https:\/\/irrecams.de\/fr\/wp-json\/wp\/v2\/types\/product"}],"wp:featuredmedia":[{"embeddable":true,"href":"https:\/\/irrecams.de\/fr\/wp-json\/wp\/v2\/media\/12432"}],"wp:attachment":[{"href":"https:\/\/irrecams.de\/fr\/wp-json\/wp\/v2\/media?parent=2846"}],"wp:term":[{"taxonomy":"product_brand","embeddable":true,"href":"https:\/\/irrecams.de\/fr\/wp-json\/wp\/v2\/product_brand?post=2846"},{"taxonomy":"product_cat","embeddable":true,"href":"https:\/\/irrecams.de\/fr\/wp-json\/wp\/v2\/product_cat?post=2846"},{"taxonomy":"product_tag","embeddable":true,"href":"https:\/\/irrecams.de\/fr\/wp-json\/wp\/v2\/product_tag?post=2846"}],"curies":[{"name":"wp","href":"https:\/\/api.w.org\/{rel}","templated":true}]}}