{"id":5563,"date":"2020-12-19T12:51:07","date_gmt":"2020-12-19T11:51:07","guid":{"rendered":"https:\/\/irrecams.de\/?post_type=product&#038;p=5563"},"modified":"2026-04-17T13:57:51","modified_gmt":"2026-04-17T11:57:51","slug":"filtre-infrarouge-550-nm","status":"publish","type":"product","link":"https:\/\/irrecams.de\/fr\/boutique\/filtre-infrarouge-550-nm\/","title":{"rendered":"Filtre infrarouge 550 nm"},"content":{"rendered":"<p><strong>Remarque :<\/strong><\/p>\n<p>Ce filtre ne convient qu'aux cam\u00e9ras modifi\u00e9es pour l'infrarouge. Une cam\u00e9ra normale, non modifi\u00e9e, ne permet pas d'obtenir les effets pr\u00e9sent\u00e9s.<\/p>\n<p>La cam\u00e9ra doit \u00eatre modifi\u00e9e avec l'un des filtres suivants : 280 nm (spectre complet).<\/p>\n<p>&nbsp;<\/p>\n<p>Le filtre infrarouge le plus faible est un filtre passe-long de 550 nm qui laisse passer le spectre \u00e0 partir de 550 nm jusqu'\u00e0 l'IR profond de 1200 nm. Ce petit morceau de verre orange n'est gu\u00e8re int\u00e9ressant pour la photographie infrarouge en noir et blanc, mais il offre la possibilit\u00e9 de g\u00e9n\u00e9rer une image avec un ciel bleu et un feuillage rouge. Cela se rapproche beaucoup du film infrarouge analogique \"Kodak Aerochrome\" et c'est un effet d'image recherch\u00e9 par de nombreux photographes infrarouges. Le post-traitement est un peu plus complexe, car il faut proc\u00e9der \u00e0 un double \u00e9change de canaux (rouge-bleu et vert-bleu). Avec le m\u00e9langeur de canaux et un peu d'exp\u00e9rimentation, de nombreux autres effets d'image sont possibles. En tant que filtre infrarouge le plus faible, il peut en outre \u00eatre combin\u00e9 avec de tr\u00e8s nombreux autres filtres.<\/p>\n<p>Plus d'informations sur le <a href=\"https:\/\/irrecams.de\/fr\/comparaison-des-filtres-a-effet-infrarouge\/#550\" target=\"_blank\" rel=\"noopener\">Page d'aper\u00e7u des filtres infrarouges<\/a>.<\/p>","protected":false},"excerpt":{"rendered":"<p>Filtre infrarouge passe-partout 550 nm dans une monture \u00e9troite - convient \u00e9galement aux objectifs grand angle.<\/p>\n<p>Convient uniquement aux cam\u00e9ras \u00e0 spectre complet.<\/p>","protected":false},"featured_media":5569,"template":"","meta":[],"product_brand":[],"product_cat":[264],"product_tag":[],"class_list":{"0":"post-5563","1":"product","2":"type-product","3":"status-publish","4":"has-post-thumbnail","6":"product_cat-infrarot-schraub-filter","7":"product_shipping_class-filter","9":"first","10":"instock","11":"sale","12":"taxable","13":"shipping-taxable","14":"purchasable","15":"product-type-variable"},"_links":{"self":[{"href":"https:\/\/irrecams.de\/fr\/wp-json\/wp\/v2\/product\/5563","targetHints":{"allow":["GET"]}}],"collection":[{"href":"https:\/\/irrecams.de\/fr\/wp-json\/wp\/v2\/product"}],"about":[{"href":"https:\/\/irrecams.de\/fr\/wp-json\/wp\/v2\/types\/product"}],"wp:featuredmedia":[{"embeddable":true,"href":"https:\/\/irrecams.de\/fr\/wp-json\/wp\/v2\/media\/5569"}],"wp:attachment":[{"href":"https:\/\/irrecams.de\/fr\/wp-json\/wp\/v2\/media?parent=5563"}],"wp:term":[{"taxonomy":"product_brand","embeddable":true,"href":"https:\/\/irrecams.de\/fr\/wp-json\/wp\/v2\/product_brand?post=5563"},{"taxonomy":"product_cat","embeddable":true,"href":"https:\/\/irrecams.de\/fr\/wp-json\/wp\/v2\/product_cat?post=5563"},{"taxonomy":"product_tag","embeddable":true,"href":"https:\/\/irrecams.de\/fr\/wp-json\/wp\/v2\/product_tag?post=5563"}],"curies":[{"name":"wp","href":"https:\/\/api.w.org\/{rel}","templated":true}]}}