{"id":5590,"date":"2020-12-19T13:33:36","date_gmt":"2020-12-19T12:33:36","guid":{"rendered":"https:\/\/irrecams.de\/?post_type=product&#038;p=5590"},"modified":"2026-04-17T13:57:59","modified_gmt":"2026-04-17T11:57:59","slug":"filtre-infrarouge-630-nm","status":"publish","type":"product","link":"https:\/\/irrecams.de\/fr\/boutique\/filtre-infrarouge-630-nm\/","title":{"rendered":"Filtre infrarouge 630 nm"},"content":{"rendered":"<p><strong>Remarque :<\/strong><\/p>\n<p>Ce filtre ne convient qu'aux cam\u00e9ras modifi\u00e9es pour l'infrarouge. Une cam\u00e9ra normale, non modifi\u00e9e, ne permet pas d'obtenir les effets pr\u00e9sent\u00e9s.<\/p>\n<p>La cam\u00e9ra doit \u00eatre modifi\u00e9e avec l'un des filtres suivants : 280 nm (spectre complet) ou 550 nm.<\/p>\n<p>&nbsp;<\/p>\n<p>Le filtre 630 nm laisse passer la lumi\u00e8re dans la plage de 630 nm \u00e0 1 200 nm. Il est surtout utilis\u00e9 dans la photographie infrarouge couleur. Le petit morceau de verre rouge peut g\u00e9n\u00e9rer un ciel bleu en combinaison avec un feuillage dor\u00e9. Le post-traitement est un peu moins compliqu\u00e9 qu'avec le filtre 550 nm, mais un \u00e9change de canaux rouge-bleu est tout de m\u00eame n\u00e9cessaire pour obtenir un ciel bleu. La saturation de base des couleurs dans l'image est tr\u00e8s \u00e9lev\u00e9e et il ne faut pas trop d\u00e9placer les curseurs pour obtenir un bon r\u00e9sultat d'image. Mais ce filtre permet \u00e9galement de r\u00e9aliser des photos partiellement d\u00e9satur\u00e9es (colorkey) et des photos en noir et blanc.<\/p>\n<p>Il ne fournit pas l'image infrarouge noir et blanc la plus intense, mais il est tout de m\u00eame utilisable pour les prises de vue en noir et blanc. En particulier, ceux qui recherchent plus de \"Shades of Grey\" dans les cimes des arbres qu'un simple blanc tr\u00e8s clair appr\u00e9cieront ce filtre pour les photos infrarouges monochromes. Pour un effet d'image infrarouge noir et blanc plus prononc\u00e9, le filtre 700 nm est recommand\u00e9. Une impression d'image similaire, mais sans n\u00e9cessit\u00e9 d'\u00e9changer les canaux, est fournie par le filtre <a href=\"https:\/\/irrecams.de\/fr\/comparaison-des-filtres-a-effet-infrarouge\/#infrablue\" target=\"_blank\" rel=\"noopener\">Filtre InfraBlue<\/a>.<\/p>\n<p>Plus d'informations sur le <a href=\"https:\/\/irrecams.de\/fr\/comparaison-des-filtres-a-effet-infrarouge\/#630\" target=\"_blank\" rel=\"noopener\">Page d'aper\u00e7u des filtres infrarouges<\/a>.<\/p>","protected":false},"excerpt":{"rendered":"<p>Filtre infrarouge 630 nm \u00e0 longue passe dans une monture \u00e9troite - convient \u00e9galement aux objectifs grand angle.<\/p>\n<p>Convient uniquement aux cam\u00e9ras modifi\u00e9es par infrarouge. Compatible avec les filtres suivants : 280 nm et 550 nm.<\/p>","protected":false},"featured_media":5571,"template":"","meta":[],"product_brand":[],"product_cat":[264],"product_tag":[],"class_list":{"0":"post-5590","1":"product","2":"type-product","3":"status-publish","4":"has-post-thumbnail","6":"product_cat-infrarot-schraub-filter","7":"product_shipping_class-filter","9":"first","10":"instock","11":"sale","12":"taxable","13":"shipping-taxable","14":"purchasable","15":"product-type-variable"},"_links":{"self":[{"href":"https:\/\/irrecams.de\/fr\/wp-json\/wp\/v2\/product\/5590","targetHints":{"allow":["GET"]}}],"collection":[{"href":"https:\/\/irrecams.de\/fr\/wp-json\/wp\/v2\/product"}],"about":[{"href":"https:\/\/irrecams.de\/fr\/wp-json\/wp\/v2\/types\/product"}],"wp:featuredmedia":[{"embeddable":true,"href":"https:\/\/irrecams.de\/fr\/wp-json\/wp\/v2\/media\/5571"}],"wp:attachment":[{"href":"https:\/\/irrecams.de\/fr\/wp-json\/wp\/v2\/media?parent=5590"}],"wp:term":[{"taxonomy":"product_brand","embeddable":true,"href":"https:\/\/irrecams.de\/fr\/wp-json\/wp\/v2\/product_brand?post=5590"},{"taxonomy":"product_cat","embeddable":true,"href":"https:\/\/irrecams.de\/fr\/wp-json\/wp\/v2\/product_cat?post=5590"},{"taxonomy":"product_tag","embeddable":true,"href":"https:\/\/irrecams.de\/fr\/wp-json\/wp\/v2\/product_tag?post=5590"}],"curies":[{"name":"wp","href":"https:\/\/api.w.org\/{rel}","templated":true}]}}