{"id":5598,"date":"2020-12-19T13:49:07","date_gmt":"2020-12-19T12:49:07","guid":{"rendered":"https:\/\/irrecams.de\/?post_type=product&#038;p=5598"},"modified":"2026-04-17T13:58:05","modified_gmt":"2026-04-17T11:58:05","slug":"filtre-infrarouge-700-nm","status":"publish","type":"product","link":"https:\/\/irrecams.de\/fr\/boutique\/filtre-infrarouge-700-nm\/","title":{"rendered":"Filtre infrarouge 700 nm"},"content":{"rendered":"<p><strong>Remarque :<\/strong><\/p>\n<p>Ce filtre ne convient qu'aux cam\u00e9ras modifi\u00e9es pour l'infrarouge. Une cam\u00e9ra normale, non modifi\u00e9e, ne permet pas d'obtenir les effets pr\u00e9sent\u00e9s.<\/p>\n<p>La cam\u00e9ra doit \u00eatre modifi\u00e9e avec l'un des filtres suivants : 280 nm (spectre complet), 550 nm, 630 nm ou InfraBlue.<\/p>\n<p>&nbsp;<\/p>\n<p>Un filtre de 700 nm laisse passer la lumi\u00e8re dans la plage de 700 \u00e0 1200 nm. Lorsqu'on le tient dans les mains, on a pratiquement un disque noir devant les yeux. Le filtre 700 nm peut \u00eatre consid\u00e9r\u00e9 comme un \"vrai\" filtre infrarouge, car il ne laisse plus passer de parties importantes de la lumi\u00e8re visible. Il permet d'obtenir des images infrarouges en couleur et en noir et blanc. C'est le filtre le plus souvent install\u00e9 et il est toujours recommand\u00e9 aux \"d\u00e9butants\" ind\u00e9cis en photographie infrarouge.<\/p>\n<p class=\"translation-block\">Pour la photographie infrarouge en noir et blanc, le filtre offre une image tr\u00e8s contrast\u00e9e avec un feuillage presque blanc et un ciel sombre. Certes, les filtres IR plus puissants donnent des r\u00e9sultats un peu plus intenses, mais au d\u00e9triment de la sensibilit\u00e9. Si l'accent doit \u00eatre mis sur la photographie IR couleur, le filtre 630 nm ou <a href=\"#infrablue\" target=\"_self\">InfraBlue<\/a> est une bonne alternative.<\/p>\n<p>&nbsp;<\/p>\n<p>Plus d'informations sur le <a href=\"https:\/\/irrecams.de\/fr\/comparaison-des-filtres-a-effet-infrarouge\/#700\" target=\"_blank\" rel=\"noopener\">Page d'aper\u00e7u des filtres infrarouges<\/a>.<\/p>","protected":false},"excerpt":{"rendered":"<p>Filtre infrarouge passe-partout 700 nm dans une monture \u00e9troite - adapt\u00e9 aux objectifs grand angle.<\/p>\n<p>Convient uniquement aux cam\u00e9ras modifi\u00e9es par infrarouge. Compatible avec les filtres suivants : 280 nm, 550 nm, 630 nm et InfraBlue.<\/p>","protected":false},"featured_media":5573,"template":"","meta":[],"product_brand":[],"product_cat":[264],"product_tag":[],"class_list":{"0":"post-5598","1":"product","2":"type-product","3":"status-publish","4":"has-post-thumbnail","6":"product_cat-infrarot-schraub-filter","7":"product_shipping_class-filter","9":"first","10":"instock","11":"sale","12":"taxable","13":"shipping-taxable","14":"purchasable","15":"product-type-variable"},"_links":{"self":[{"href":"https:\/\/irrecams.de\/fr\/wp-json\/wp\/v2\/product\/5598","targetHints":{"allow":["GET"]}}],"collection":[{"href":"https:\/\/irrecams.de\/fr\/wp-json\/wp\/v2\/product"}],"about":[{"href":"https:\/\/irrecams.de\/fr\/wp-json\/wp\/v2\/types\/product"}],"wp:featuredmedia":[{"embeddable":true,"href":"https:\/\/irrecams.de\/fr\/wp-json\/wp\/v2\/media\/5573"}],"wp:attachment":[{"href":"https:\/\/irrecams.de\/fr\/wp-json\/wp\/v2\/media?parent=5598"}],"wp:term":[{"taxonomy":"product_brand","embeddable":true,"href":"https:\/\/irrecams.de\/fr\/wp-json\/wp\/v2\/product_brand?post=5598"},{"taxonomy":"product_cat","embeddable":true,"href":"https:\/\/irrecams.de\/fr\/wp-json\/wp\/v2\/product_cat?post=5598"},{"taxonomy":"product_tag","embeddable":true,"href":"https:\/\/irrecams.de\/fr\/wp-json\/wp\/v2\/product_tag?post=5598"}],"curies":[{"name":"wp","href":"https:\/\/api.w.org\/{rel}","templated":true}]}}