{"id":5606,"date":"2020-12-19T15:20:41","date_gmt":"2020-12-19T14:20:41","guid":{"rendered":"https:\/\/irrecams.de\/?post_type=product&#038;p=5606"},"modified":"2026-04-12T11:26:19","modified_gmt":"2026-04-12T09:26:19","slug":"filtre-infrarouge-830-nm","status":"publish","type":"product","link":"https:\/\/irrecams.de\/fr\/boutique\/filtre-infrarouge-830-nm\/","title":{"rendered":"Filtre infrarouge 830 nm"},"content":{"rendered":"<p><strong>Remarque :<\/strong><\/p>\n<p>Ce filtre ne convient qu'aux cam\u00e9ras modifi\u00e9es pour l'infrarouge. Une cam\u00e9ra normale, non modifi\u00e9e, ne permet pas d'obtenir les effets pr\u00e9sent\u00e9s.<\/p>\n<p>La cam\u00e9ra doit \u00eatre modifi\u00e9e avec l'un des filtres suivants : 280 nm (spectre complet), 550 nm, 630 nm, 700 nm ou InfraBlue.<\/p>\n<p>&nbsp;<\/p>\n<p>Avec le filtre 830 nm, il n'est plus possible de prendre des photos en couleur, il fournit uniquement des images infrarouges monochromes. Le r\u00e9sultat N&amp;B n'est qu'un peu plus intense qu'avec le filtre 700 nm. Ce petit avantage se paie toutefois par une sensibilit\u00e9 nettement plus faible. Le filtre absorbe environ 2 diaphragmes de lumi\u00e8re, c'est pourquoi il ne peut pas \u00eatre recommand\u00e9 sans restriction comme meilleur filtre infrarouge noir et blanc. Certes, nous ne conseillons pas de le monter de mani\u00e8re fixe, mais il trouve de nombreuses applications int\u00e9ressantes en tant que filtre \u00e0 visser pour une utilisation cibl\u00e9e.<\/p>\n<p>&nbsp;<\/p>\n<p>Plus d'informations sur le <a href=\"https:\/\/irrecams.de\/fr\/comparaison-des-filtres-a-effet-infrarouge\/#830\" target=\"_blank\" rel=\"noopener\">Page d'aper\u00e7u des filtres infrarouges<\/a>.<\/p>","protected":false},"excerpt":{"rendered":"<p>Filtre infrarouge 830 nm \u00e0 longue passe dans une monture \u00e9troite - convient \u00e9galement aux objectifs grand angle.<\/p>\n<p>Convient uniquement aux cam\u00e9ras modifi\u00e9es par infrarouge. Compatible avec les filtres suivants : 280 nm, 550 nm, 630 nm, 700 nm et InfraBlue.<\/p>","protected":false},"featured_media":5575,"template":"","meta":[],"product_brand":[],"product_cat":[264],"product_tag":[],"class_list":{"0":"post-5606","1":"product","2":"type-product","3":"status-publish","4":"has-post-thumbnail","6":"product_cat-infrarot-schraub-filter","7":"product_shipping_class-filter","9":"first","10":"instock","11":"sale","12":"taxable","13":"shipping-taxable","14":"purchasable","15":"product-type-variable"},"_links":{"self":[{"href":"https:\/\/irrecams.de\/fr\/wp-json\/wp\/v2\/product\/5606","targetHints":{"allow":["GET"]}}],"collection":[{"href":"https:\/\/irrecams.de\/fr\/wp-json\/wp\/v2\/product"}],"about":[{"href":"https:\/\/irrecams.de\/fr\/wp-json\/wp\/v2\/types\/product"}],"wp:featuredmedia":[{"embeddable":true,"href":"https:\/\/irrecams.de\/fr\/wp-json\/wp\/v2\/media\/5575"}],"wp:attachment":[{"href":"https:\/\/irrecams.de\/fr\/wp-json\/wp\/v2\/media?parent=5606"}],"wp:term":[{"taxonomy":"product_brand","embeddable":true,"href":"https:\/\/irrecams.de\/fr\/wp-json\/wp\/v2\/product_brand?post=5606"},{"taxonomy":"product_cat","embeddable":true,"href":"https:\/\/irrecams.de\/fr\/wp-json\/wp\/v2\/product_cat?post=5606"},{"taxonomy":"product_tag","embeddable":true,"href":"https:\/\/irrecams.de\/fr\/wp-json\/wp\/v2\/product_tag?post=5606"}],"curies":[{"name":"wp","href":"https:\/\/api.w.org\/{rel}","templated":true}]}}