{"id":5616,"date":"2020-12-19T15:38:11","date_gmt":"2020-12-19T14:38:11","guid":{"rendered":"https:\/\/irrecams.de\/?post_type=product&#038;p=5616"},"modified":"2026-04-11T19:50:41","modified_gmt":"2026-04-11T17:50:41","slug":"infrablue-filtre-infrarouge","status":"publish","type":"product","link":"https:\/\/irrecams.de\/fr\/boutique\/infrablue-filtre-infrarouge\/","title":{"rendered":"Filtre infrarouge InfraBlue"},"content":{"rendered":"<p><strong>Remarque :<\/strong><\/p>\n<p>Ce filtre ne convient qu'aux cam\u00e9ras modifi\u00e9es pour l'infrarouge. Une cam\u00e9ra normale, non modifi\u00e9e, ne permet pas d'obtenir les effets pr\u00e9sent\u00e9s.<\/p>\n<p>La cam\u00e9ra doit \u00eatre modifi\u00e9e avec l'un des filtres suivants : 280 nm (spectre complet).<\/p>\n<p>&nbsp;<\/p>\n<p>Le filtre InfraBlue est un filtre passe-partout multibande qui simplifie consid\u00e9rablement le post-traitement de l'image IR. Il fournit un r\u00e9sultat d'image similaire \u00e0 celui du filtre 630 nm, c'est-\u00e0-dire un ciel bleu et un feuillage jaune. Cependant, le filtre InfraBlue n'a pas besoin de changer de canal : On voit d\u00e9j\u00e0 le r\u00e9sultat final de l'image sur l'\u00e9cran de la cam\u00e9ra. C'est particuli\u00e8rement utile lorsque la cam\u00e9ra est utilis\u00e9e pour filmer en infrarouge.<\/p>\n<p>Outre la possibilit\u00e9 de cr\u00e9er facilement des images IR en couleur, le filtre est \u00e9galement tr\u00e8s utile pour les images IR monochromes ou les images colorkey. En raison de la saturation de base \u00e9lev\u00e9e du fichier, il est possible d'utiliser un m\u00e9langeur de canaux pour la conversion en noir et blanc, ce qui offre un grand contr\u00f4le sur le r\u00e9sultat de l'image.<\/p>\n<p>&nbsp;<\/p>\n<p><strong>Avantages du filtre InfraBlue Plus :<\/strong><\/p>\n<ul>\n<li>Rendu des couleurs l\u00e9g\u00e8rement am\u00e9lior\u00e9<\/li>\n<li>Rev\u00eatement de surface hydrophobe pour un nettoyage simplifi\u00e9<\/li>\n<li>la bague de filtre mince r\u00e9duit le risque de vignettage (un filetage frontal est disponible sur les deux versions)<\/li>\n<\/ul>\n<p>&nbsp;<\/p>\n<p>Plus d'informations sur le <a href=\"https:\/\/irrecams.de\/fr\/comparaison-des-filtres-a-effet-infrarouge\/#infrablue\" target=\"_blank\" rel=\"noopener\">Page d'aper\u00e7u des filtres infrarouges<\/a>.<\/p>","protected":false},"excerpt":{"rendered":"<p>Filtre infrarouge multibande InfraBlue en monture \u00e9troite - convient \u00e9galement aux objectifs grand angle.<\/p>\n<p>Convient uniquement aux cam\u00e9ras \u00e0 spectre complet.<\/p>","protected":false},"featured_media":5578,"template":"","meta":[],"product_brand":[],"product_cat":[264],"product_tag":[],"class_list":{"0":"post-5616","1":"product","2":"type-product","3":"status-publish","4":"has-post-thumbnail","6":"product_cat-infrarot-schraub-filter","7":"product_shipping_class-filter","9":"first","10":"instock","11":"sale","12":"taxable","13":"shipping-taxable","14":"purchasable","15":"product-type-variable"},"_links":{"self":[{"href":"https:\/\/irrecams.de\/fr\/wp-json\/wp\/v2\/product\/5616","targetHints":{"allow":["GET"]}}],"collection":[{"href":"https:\/\/irrecams.de\/fr\/wp-json\/wp\/v2\/product"}],"about":[{"href":"https:\/\/irrecams.de\/fr\/wp-json\/wp\/v2\/types\/product"}],"wp:featuredmedia":[{"embeddable":true,"href":"https:\/\/irrecams.de\/fr\/wp-json\/wp\/v2\/media\/5578"}],"wp:attachment":[{"href":"https:\/\/irrecams.de\/fr\/wp-json\/wp\/v2\/media?parent=5616"}],"wp:term":[{"taxonomy":"product_brand","embeddable":true,"href":"https:\/\/irrecams.de\/fr\/wp-json\/wp\/v2\/product_brand?post=5616"},{"taxonomy":"product_cat","embeddable":true,"href":"https:\/\/irrecams.de\/fr\/wp-json\/wp\/v2\/product_cat?post=5616"},{"taxonomy":"product_tag","embeddable":true,"href":"https:\/\/irrecams.de\/fr\/wp-json\/wp\/v2\/product_tag?post=5616"}],"curies":[{"name":"wp","href":"https:\/\/api.w.org\/{rel}","templated":true}]}}