{"id":5625,"date":"2020-12-19T15:49:12","date_gmt":"2020-12-19T14:49:12","guid":{"rendered":"https:\/\/irrecams.de\/?post_type=product&#038;p=5625"},"modified":"2026-04-17T13:58:13","modified_gmt":"2026-04-17T11:58:13","slug":"filtre-normal-uv-ir-filtre-de-blocage","status":"publish","type":"product","link":"https:\/\/irrecams.de\/fr\/boutique\/filtre-normal-uv-ir-filtre-de-blocage\/","title":{"rendered":"Filtre normal (filtre de blocage UV\/IR)"},"content":{"rendered":"<p><strong>Remarque :<\/strong><\/p>\n<p>Ce filtre ne convient qu'aux cam\u00e9ras modifi\u00e9es pour l'infrarouge. Une cam\u00e9ra normale, non modifi\u00e9e, ne permet pas d'obtenir les effets pr\u00e9sent\u00e9s.<\/p>\n<p>La cam\u00e9ra doit \u00eatre modifi\u00e9e avec l'un des filtres suivants : 280 nm (spectre complet) ou filtre astronomique Optolong.<\/p>\n<p>&nbsp;<\/p>\n<p class=\"translation-block\">Le nom est tout un programme. Ce filtre est un filtre de blocage UV\/IR (\u00e9galement appel\u00e9 hotmirror) et ne laisse passer que la lumi\u00e8re visible sur le capteur. Sur un appareil photo <a href=\"https:\/\/irrecams.de\/fr\/comparaison-des-filtres-a-effet-infrarouge\/#vollspektrum\" target=\"_self\" rel=\"noopener\">\u00e0 spectre complet<\/a>, de tels filtres \u00e0 vis peuvent \u00eatre utilis\u00e9s pour pouvoir \u00e0 nouveau prendre des photos \"tout \u00e0 fait normales\". Ainsi, un seul appareil photo peut \u00eatre utilis\u00e9 \u00e0 la fois pour les prises de vue infrarouges et pour la photographie normale.<\/p>\n<p>&nbsp;<\/p>\n<p><strong>Avantages du filtre Normal Plus :<\/strong><\/p>\n<ul>\n<li>Am\u00e9lioration de la reproduction des couleurs, en particulier des couleurs neutres lors de l'utilisation de la balance des blancs automatique interne \u00e0 la cam\u00e9ra<\/li>\n<li>Rev\u00eatement de surface hydrophobe pour un nettoyage simplifi\u00e9<\/li>\n<li>la bague de filtre mince r\u00e9duit le risque de vignettage (un filetage frontal est disponible sur les deux versions)<\/li>\n<\/ul>\n<p>&nbsp;<\/p>\n<p>&nbsp;<\/p>\n<p>Plus d'informations sur le <a href=\"https:\/\/irrecams.de\/fr\/comparaison-des-filtres-a-effet-infrarouge\/#normal\" target=\"_blank\" rel=\"noopener\">Page d'aper\u00e7u des filtres infrarouges<\/a>.<\/p>","protected":false},"excerpt":{"rendered":"<p>Filtre de blocage UV\/IR (\u00e9galement appel\u00e9 hotmirror) en monture \u00e9troite - convient \u00e9galement aux objectifs grand angle.<\/p>\n<p>Convient uniquement aux cam\u00e9ras plein-spectre ou astro.<\/p>","protected":false},"featured_media":5580,"template":"","meta":[],"product_brand":[],"product_cat":[264],"product_tag":[],"class_list":{"0":"post-5625","1":"product","2":"type-product","3":"status-publish","4":"has-post-thumbnail","6":"product_cat-infrarot-schraub-filter","7":"product_shipping_class-filter","9":"first","10":"instock","11":"sale","12":"taxable","13":"shipping-taxable","14":"purchasable","15":"product-type-variable"},"_links":{"self":[{"href":"https:\/\/irrecams.de\/fr\/wp-json\/wp\/v2\/product\/5625","targetHints":{"allow":["GET"]}}],"collection":[{"href":"https:\/\/irrecams.de\/fr\/wp-json\/wp\/v2\/product"}],"about":[{"href":"https:\/\/irrecams.de\/fr\/wp-json\/wp\/v2\/types\/product"}],"wp:featuredmedia":[{"embeddable":true,"href":"https:\/\/irrecams.de\/fr\/wp-json\/wp\/v2\/media\/5580"}],"wp:attachment":[{"href":"https:\/\/irrecams.de\/fr\/wp-json\/wp\/v2\/media?parent=5625"}],"wp:term":[{"taxonomy":"product_brand","embeddable":true,"href":"https:\/\/irrecams.de\/fr\/wp-json\/wp\/v2\/product_brand?post=5625"},{"taxonomy":"product_cat","embeddable":true,"href":"https:\/\/irrecams.de\/fr\/wp-json\/wp\/v2\/product_cat?post=5625"},{"taxonomy":"product_tag","embeddable":true,"href":"https:\/\/irrecams.de\/fr\/wp-json\/wp\/v2\/product_tag?post=5625"}],"curies":[{"name":"wp","href":"https:\/\/api.w.org\/{rel}","templated":true}]}}