{"id":6887,"date":"2021-05-01T13:44:09","date_gmt":"2021-05-01T11:44:09","guid":{"rendered":"https:\/\/irrecams.de\/?post_type=product&#038;p=6887"},"modified":"2025-09-04T13:33:24","modified_gmt":"2025-09-04T11:33:24","slug":"astro-conversion-canon-plein-format","status":"publish","type":"product","link":"https:\/\/irrecams.de\/fr\/boutique\/astro-conversion-canon-plein-format\/","title":{"rendered":"Conversion astro Canon plein format"},"content":{"rendered":"<p><strong>ATTENTION<\/strong> De nombreux objectifs EOS RF et RF-S natifs ne peuvent \u00eatre utilis\u00e9s que de mani\u00e8re limit\u00e9e dans des situations d'\u00e9clairage sombre. Une LED infrarouge est int\u00e9gr\u00e9e \u00e0 l'int\u00e9rieur de ces objectifs. La lumi\u00e8re diffuse peut \u00eatre visible sur les photos en cas de temps d'exposition longs et\/ou de conditions d'\u00e9clairage sombres (m\u00eame en cas d'exposition longue avec un filtre ND). Si les objectifs EF sont utilis\u00e9s sur un appareil photo EOS R au moyen d'un adaptateur, ce risque n'existe pas.<\/p>\n<p><strong>Remarque :<\/strong> Pour les cam\u00e9ras avec un *, la fonction de nettoyage automatique du capteur est perdue lors de la conversion. Apr\u00e8s la modification, le capteur peut \u00eatre nettoy\u00e9 comme d'habitude \u00e0 sec (par exemple avec de l'air comprim\u00e9) ou humide (par exemple avec des swabs). Toutes les pr\u00e9parations et m\u00e9thodes propos\u00e9es sur le march\u00e9 pour le nettoyage des capteurs peuvent \u00eatre utilis\u00e9es.<\/p>\n<p>&nbsp;<\/p>","protected":false},"excerpt":{"rendered":"<p>Service de conversion astro pour votre appareil photo.<\/p>\n<p>Vous n'\u00eates pas s\u00fbr des donn\u00e9es ou de votre choix de filtre ? \u00c9crivez-moi <a href=\"https:\/\/irrecams.de\/fr\/umbauservice\/demande-de-renseignements\/\">un message sans engagement<\/a> ou lire la <a href=\"http:\/\/irrecams.de\/fr\/filtre-astro-photographier-les-etoiles-de-nuit-avec-des-appareils-photo-modifies\/\" target=\"_blank\" rel=\"noopener\">Page Astro<\/a>.<\/p>","protected":false},"featured_media":12396,"template":"","meta":[],"product_brand":[],"product_cat":[502],"product_tag":[],"class_list":{"0":"post-6887","1":"product","2":"type-product","3":"status-publish","4":"has-post-thumbnail","6":"product_cat-astro-kamera-umbau-service","7":"product_shipping_class-umbau","9":"first","10":"instock","11":"taxable","12":"shipping-taxable","13":"purchasable","14":"product-type-variable"},"_links":{"self":[{"href":"https:\/\/irrecams.de\/fr\/wp-json\/wp\/v2\/product\/6887","targetHints":{"allow":["GET"]}}],"collection":[{"href":"https:\/\/irrecams.de\/fr\/wp-json\/wp\/v2\/product"}],"about":[{"href":"https:\/\/irrecams.de\/fr\/wp-json\/wp\/v2\/types\/product"}],"wp:featuredmedia":[{"embeddable":true,"href":"https:\/\/irrecams.de\/fr\/wp-json\/wp\/v2\/media\/12396"}],"wp:attachment":[{"href":"https:\/\/irrecams.de\/fr\/wp-json\/wp\/v2\/media?parent=6887"}],"wp:term":[{"taxonomy":"product_brand","embeddable":true,"href":"https:\/\/irrecams.de\/fr\/wp-json\/wp\/v2\/product_brand?post=6887"},{"taxonomy":"product_cat","embeddable":true,"href":"https:\/\/irrecams.de\/fr\/wp-json\/wp\/v2\/product_cat?post=6887"},{"taxonomy":"product_tag","embeddable":true,"href":"https:\/\/irrecams.de\/fr\/wp-json\/wp\/v2\/product_tag?post=6887"}],"curies":[{"name":"wp","href":"https:\/\/api.w.org\/{rel}","templated":true}]}}