{"id":6914,"date":"2021-05-01T14:10:02","date_gmt":"2021-05-01T12:10:02","guid":{"rendered":"https:\/\/irrecams.de\/?post_type=product&#038;p=6914"},"modified":"2025-09-04T09:47:50","modified_gmt":"2025-09-04T07:47:50","slug":"transformation-astro-nikon-aps-c","status":"publish","type":"product","link":"https:\/\/irrecams.de\/fr\/boutique\/transformation-astro-nikon-aps-c\/","title":{"rendered":"Conversion astro Nikon APS-C"},"content":{"rendered":"<p><strong>Remarque :<\/strong> La fonction de nettoyage automatique du capteur est perdue sur les appareils suivants : D90, D3000, D3100, D3200, D3300, D5000, D5100, D5200, D5300, D5500, D5600, D7000, D7100, D7200, D7500. Apr\u00e8s la modification, le capteur peut \u00eatre nettoy\u00e9 comme d'habitude \u00e0 sec avec de l'air comprim\u00e9 ou humide avec toutes les pr\u00e9parations.<\/p>","protected":false},"excerpt":{"rendered":"<p>Service de conversion astro pour votre appareil photo.<\/p>\n<p>Vous n'\u00eates pas s\u00fbr des donn\u00e9es ou de votre choix de filtre ? \u00c9crivez-moi <a href=\"https:\/\/irrecams.de\/fr\/umbauservice\/demande-de-renseignements\/\">un message sans engagement<\/a> ou lire la <a href=\"http:\/\/irrecams.de\/fr\/filtre-astro-photographier-les-etoiles-de-nuit-avec-des-appareils-photo-modifies\/\" target=\"_blank\" rel=\"noopener\">Page Astro<\/a>.<\/p>","protected":false},"featured_media":6927,"template":"","meta":[],"product_brand":[],"product_cat":[502],"product_tag":[],"class_list":{"0":"post-6914","1":"product","2":"type-product","3":"status-publish","4":"has-post-thumbnail","6":"product_cat-astro-kamera-umbau-service","7":"product_shipping_class-umbau","9":"first","10":"instock","11":"taxable","12":"shipping-taxable","13":"purchasable","14":"product-type-variable"},"_links":{"self":[{"href":"https:\/\/irrecams.de\/fr\/wp-json\/wp\/v2\/product\/6914","targetHints":{"allow":["GET"]}}],"collection":[{"href":"https:\/\/irrecams.de\/fr\/wp-json\/wp\/v2\/product"}],"about":[{"href":"https:\/\/irrecams.de\/fr\/wp-json\/wp\/v2\/types\/product"}],"wp:featuredmedia":[{"embeddable":true,"href":"https:\/\/irrecams.de\/fr\/wp-json\/wp\/v2\/media\/6927"}],"wp:attachment":[{"href":"https:\/\/irrecams.de\/fr\/wp-json\/wp\/v2\/media?parent=6914"}],"wp:term":[{"taxonomy":"product_brand","embeddable":true,"href":"https:\/\/irrecams.de\/fr\/wp-json\/wp\/v2\/product_brand?post=6914"},{"taxonomy":"product_cat","embeddable":true,"href":"https:\/\/irrecams.de\/fr\/wp-json\/wp\/v2\/product_cat?post=6914"},{"taxonomy":"product_tag","embeddable":true,"href":"https:\/\/irrecams.de\/fr\/wp-json\/wp\/v2\/product_tag?post=6914"}],"curies":[{"name":"wp","href":"https:\/\/api.w.org\/{rel}","templated":true}]}}