{"id":6934,"date":"2021-05-01T14:42:32","date_gmt":"2021-05-01T12:42:32","guid":{"rendered":"https:\/\/irrecams.de\/?post_type=product&#038;p=6934"},"modified":"2025-11-08T12:56:25","modified_gmt":"2025-11-08T11:56:25","slug":"conversion-astro-nikon-plein-format","status":"publish","type":"product","link":"https:\/\/irrecams.de\/fr\/boutique\/conversion-astro-nikon-plein-format\/","title":{"rendered":"Conversion astro Nikon plein format"},"content":{"rendered":"<p><strong>ATTENTION<\/strong> Les cam\u00e9ras marqu\u00e9es de deux ** sont \u00e9quip\u00e9es d'une LED infrarouge interne. La lumi\u00e8re diffuse de cette DEL peut \u00eatre visible sur l'image sous forme de reflet lumineux en cas de temps d'exposition longs et \/ ou de conditions d'\u00e9clairage sombres. Les cam\u00e9ras doivent imp\u00e9rativement \u00eatre utilis\u00e9es la nuit avec l'obturateur \u00e9lectronique pour que la LED soit d\u00e9sactiv\u00e9e. Cela peut \u00e9ventuellement avoir des cons\u00e9quences sur le comportement du bruit ou sur le temps d'exposition maximal disponible.<\/p>\n<p><strong>Remarque D780 :<\/strong> Sur ce mod\u00e8le, une LED est pr\u00e9sente, mais elle est extr\u00eamement faible et n'est pertinente que pour l'astro. La lumi\u00e8re diffuse peut \u00eatre compl\u00e8tement contourn\u00e9e en d\u00e9clenchant l'appareil photo en mode LiveView et en activant l'option \"D\u00e9clenchement silencieux\" dans le menu.<\/p>\n<p><strong>Remarque :<\/strong> Pour les cam\u00e9ras avec un *, la fonction de nettoyage automatique du capteur est perdue lors de la conversion. Apr\u00e8s la modification, le capteur peut \u00eatre nettoy\u00e9 comme d'habitude \u00e0 sec (par exemple avec de l'air comprim\u00e9) ou humide (par exemple avec des swabs). Toutes les pr\u00e9parations et m\u00e9thodes propos\u00e9es sur le march\u00e9 pour le nettoyage des capteurs peuvent \u00eatre utilis\u00e9es.<\/p>","protected":false},"excerpt":{"rendered":"<p>Service de conversion astro pour votre appareil photo.<\/p>\n<p>Vous n'\u00eates pas s\u00fbr des donn\u00e9es ou de votre choix de filtre ? \u00c9crivez-moi <a href=\"https:\/\/irrecams.de\/fr\/umbauservice\/demande-de-renseignements\/\">un message sans engagement<\/a> ou lire la <a href=\"http:\/\/irrecams.de\/fr\/filtre-astro-photographier-les-etoiles-de-nuit-avec-des-appareils-photo-modifies\/\" target=\"_blank\" rel=\"noopener\">Page Astro<\/a>.<\/p>","protected":false},"featured_media":12401,"template":"","meta":[],"product_brand":[],"product_cat":[502],"product_tag":[],"class_list":{"0":"post-6934","1":"product","2":"type-product","3":"status-publish","4":"has-post-thumbnail","6":"product_cat-astro-kamera-umbau-service","7":"product_shipping_class-umbau","9":"first","10":"instock","11":"taxable","12":"shipping-taxable","13":"purchasable","14":"product-type-variable"},"_links":{"self":[{"href":"https:\/\/irrecams.de\/fr\/wp-json\/wp\/v2\/product\/6934","targetHints":{"allow":["GET"]}}],"collection":[{"href":"https:\/\/irrecams.de\/fr\/wp-json\/wp\/v2\/product"}],"about":[{"href":"https:\/\/irrecams.de\/fr\/wp-json\/wp\/v2\/types\/product"}],"wp:featuredmedia":[{"embeddable":true,"href":"https:\/\/irrecams.de\/fr\/wp-json\/wp\/v2\/media\/12401"}],"wp:attachment":[{"href":"https:\/\/irrecams.de\/fr\/wp-json\/wp\/v2\/media?parent=6934"}],"wp:term":[{"taxonomy":"product_brand","embeddable":true,"href":"https:\/\/irrecams.de\/fr\/wp-json\/wp\/v2\/product_brand?post=6934"},{"taxonomy":"product_cat","embeddable":true,"href":"https:\/\/irrecams.de\/fr\/wp-json\/wp\/v2\/product_cat?post=6934"},{"taxonomy":"product_tag","embeddable":true,"href":"https:\/\/irrecams.de\/fr\/wp-json\/wp\/v2\/product_tag?post=6934"}],"curies":[{"name":"wp","href":"https:\/\/api.w.org\/{rel}","templated":true}]}}