{"id":6943,"date":"2021-05-01T14:55:42","date_gmt":"2021-05-01T12:55:42","guid":{"rendered":"https:\/\/irrecams.de\/?post_type=product&#038;p=6943"},"modified":"2025-09-07T13:58:55","modified_gmt":"2025-09-07T11:58:55","slug":"transformation-astro-sony-plein-format","status":"publish","type":"product","link":"https:\/\/irrecams.de\/fr\/boutique\/transformation-astro-sony-plein-format\/","title":{"rendered":"Conversion astro Sony plein format"},"content":{"rendered":"<p><strong>Remarque :<\/strong> Pour les cam\u00e9ras avec un *, la fonction de nettoyage automatique du capteur est perdue lors de la conversion. Apr\u00e8s la modification, le capteur peut \u00eatre nettoy\u00e9 comme d'habitude \u00e0 sec (par exemple avec de l'air comprim\u00e9) ou humide (par exemple avec des swabs). Toutes les pr\u00e9parations et m\u00e9thodes propos\u00e9es sur le march\u00e9 pour le nettoyage des capteurs peuvent \u00eatre utilis\u00e9es.<\/p>\n<p><strong>Attention !<\/strong> Le Sony <strong>FE 16-35 mm F2.8 GM II<\/strong> n'est pas adapt\u00e9 aux photos de nuit car il poss\u00e8de une LED infrarouge interne. En cas d'exposition prolong\u00e9e et de valeurs ISO \u00e9lev\u00e9es, la lumi\u00e8re diffuse de cette LED peut \u00eatre visible sur les images. Selon certains rapports, la lumi\u00e8re n'est pas visible dans la plage 16-20 mm, mais en principe, nous recommandons de choisir un objectif alternatif pour les prises de vue astronomiques.<strong><br \/>\n<\/strong><\/p>","protected":false},"excerpt":{"rendered":"<p>Service de conversion astro pour votre appareil photo.<\/p>\n<p>Vous n'\u00eates pas s\u00fbr des donn\u00e9es ou de votre choix de filtre ? \u00c9crivez-moi <a href=\"https:\/\/irrecams.de\/fr\/umbauservice\/demande-de-renseignements\/\">un message sans engagement<\/a> ou lire la <a href=\"http:\/\/irrecams.de\/fr\/filtre-astro-photographier-les-etoiles-de-nuit-avec-des-appareils-photo-modifies\/\" target=\"_blank\" rel=\"noopener\">Page Astro<\/a>.<\/p>","protected":false},"featured_media":12406,"template":"","meta":[],"product_brand":[],"product_cat":[502],"product_tag":[],"class_list":{"0":"post-6943","1":"product","2":"type-product","3":"status-publish","4":"has-post-thumbnail","6":"product_cat-astro-kamera-umbau-service","7":"product_shipping_class-umbau","9":"first","10":"instock","11":"taxable","12":"shipping-taxable","13":"purchasable","14":"product-type-variable"},"_links":{"self":[{"href":"https:\/\/irrecams.de\/fr\/wp-json\/wp\/v2\/product\/6943","targetHints":{"allow":["GET"]}}],"collection":[{"href":"https:\/\/irrecams.de\/fr\/wp-json\/wp\/v2\/product"}],"about":[{"href":"https:\/\/irrecams.de\/fr\/wp-json\/wp\/v2\/types\/product"}],"wp:featuredmedia":[{"embeddable":true,"href":"https:\/\/irrecams.de\/fr\/wp-json\/wp\/v2\/media\/12406"}],"wp:attachment":[{"href":"https:\/\/irrecams.de\/fr\/wp-json\/wp\/v2\/media?parent=6943"}],"wp:term":[{"taxonomy":"product_brand","embeddable":true,"href":"https:\/\/irrecams.de\/fr\/wp-json\/wp\/v2\/product_brand?post=6943"},{"taxonomy":"product_cat","embeddable":true,"href":"https:\/\/irrecams.de\/fr\/wp-json\/wp\/v2\/product_cat?post=6943"},{"taxonomy":"product_tag","embeddable":true,"href":"https:\/\/irrecams.de\/fr\/wp-json\/wp\/v2\/product_tag?post=6943"}],"curies":[{"name":"wp","href":"https:\/\/api.w.org\/{rel}","templated":true}]}}