{"id":8644,"date":"2022-09-04T10:50:27","date_gmt":"2022-09-04T08:50:27","guid":{"rendered":"https:\/\/irrecams.de\/?post_type=product&#038;p=8644"},"modified":"2025-11-08T13:11:08","modified_gmt":"2025-11-08T12:11:08","slug":"conversion-astro-olympus-mft","status":"publish","type":"product","link":"https:\/\/irrecams.de\/fr\/boutique\/conversion-astro-olympus-mft\/","title":{"rendered":"Conversion astro Olympus MFT"},"content":{"rendered":"","protected":false},"excerpt":{"rendered":"<p>Service de conversion astro pour votre appareil photo Olympus OMD ou PEN.<\/p>\n<p>Vous n'\u00eates pas s\u00fbr des donn\u00e9es ou de votre choix de filtre ? \u00c9crivez-moi <a href=\"https:\/\/irrecams.de\/fr\/umbauservice\/demande-de-renseignements\/\">un message sans engagement<\/a> ou lire la <a href=\"http:\/\/irrecams.de\/fr\/filtre-astro-photographier-les-etoiles-de-nuit-avec-des-appareils-photo-modifies\/\" target=\"_blank\" rel=\"noopener\">Page Astro<\/a>.<\/p>","protected":false},"featured_media":8659,"template":"","meta":[],"product_brand":[],"product_cat":[502],"product_tag":[],"class_list":{"0":"post-8644","1":"product","2":"type-product","3":"status-publish","4":"has-post-thumbnail","6":"product_cat-astro-kamera-umbau-service","7":"product_shipping_class-umbau","9":"first","10":"instock","11":"taxable","12":"shipping-taxable","13":"purchasable","14":"product-type-variable"},"_links":{"self":[{"href":"https:\/\/irrecams.de\/fr\/wp-json\/wp\/v2\/product\/8644","targetHints":{"allow":["GET"]}}],"collection":[{"href":"https:\/\/irrecams.de\/fr\/wp-json\/wp\/v2\/product"}],"about":[{"href":"https:\/\/irrecams.de\/fr\/wp-json\/wp\/v2\/types\/product"}],"wp:featuredmedia":[{"embeddable":true,"href":"https:\/\/irrecams.de\/fr\/wp-json\/wp\/v2\/media\/8659"}],"wp:attachment":[{"href":"https:\/\/irrecams.de\/fr\/wp-json\/wp\/v2\/media?parent=8644"}],"wp:term":[{"taxonomy":"product_brand","embeddable":true,"href":"https:\/\/irrecams.de\/fr\/wp-json\/wp\/v2\/product_brand?post=8644"},{"taxonomy":"product_cat","embeddable":true,"href":"https:\/\/irrecams.de\/fr\/wp-json\/wp\/v2\/product_cat?post=8644"},{"taxonomy":"product_tag","embeddable":true,"href":"https:\/\/irrecams.de\/fr\/wp-json\/wp\/v2\/product_tag?post=8644"}],"curies":[{"name":"wp","href":"https:\/\/api.w.org\/{rel}","templated":true}]}}